{"id":940,"date":"2018-06-05T10:27:46","date_gmt":"2018-06-05T08:27:46","guid":{"rendered":"http:\/\/anctovillesurboscq.fr\/?page_id=940"},"modified":"2026-04-13T10:29:27","modified_gmt":"2026-04-13T08:29:27","slug":"offres-demploi","status":"publish","type":"page","link":"https:\/\/anctovillesurboscq.fr\/?page_id=940","title":{"rendered":"Offres d&#8217;emploi"},"content":{"rendered":"\t\t<div data-elementor-type=\"wp-page\" data-elementor-id=\"940\" class=\"elementor elementor-940\">\n\t\t\t\t\t\t<section class=\"elementor-section elementor-top-section elementor-element elementor-element-a79ecf0 elementor-section-boxed elementor-section-height-default elementor-section-height-default\" data-id=\"a79ecf0\" data-element_type=\"section\" data-e-type=\"section\">\n\t\t\t\t\t\t<div class=\"elementor-container elementor-column-gap-default\">\n\t\t\t\t\t<div class=\"elementor-column elementor-col-100 elementor-top-column elementor-element elementor-element-0c4081c\" data-id=\"0c4081c\" data-element_type=\"column\" data-e-type=\"column\">\n\t\t\t<div class=\"elementor-widget-wrap elementor-element-populated\">\n\t\t\t\t\t\t<div class=\"elementor-element elementor-element-8fe07c4 elementor-widget elementor-widget-text-editor\" data-id=\"8fe07c4\" data-element_type=\"widget\" data-e-type=\"widget\" data-widget_type=\"text-editor.default\">\n\t\t\t\t<div class=\"elementor-widget-container\">\n\t\t\t\t\t\t\t\t\t<h5 style=\"text-align: center;\">Retrouvez les offres d&#8217;emploi de la Communaut\u00e9 de Communes Granville Terre et Mer et des communes de notre Communaut\u00e9 de Communes\u00a0<\/h5>\t\t\t\t\t\t\t\t<\/div>\n\t\t\t\t<\/div>\n\t\t\t\t\t<\/div>\n\t\t<\/div>\n\t\t\t\t\t<\/div>\n\t\t<\/section>\n\t\t\t\t<section class=\"elementor-section elementor-top-section elementor-element elementor-element-dbc44e5 elementor-section-boxed elementor-section-height-default elementor-section-height-default\" data-id=\"dbc44e5\" data-element_type=\"section\" data-e-type=\"section\">\n\t\t\t\t\t\t<div class=\"elementor-container elementor-column-gap-default\">\n\t\t\t\t\t<div class=\"elementor-column elementor-col-100 elementor-top-column elementor-element elementor-element-d7a37fc\" data-id=\"d7a37fc\" data-element_type=\"column\" data-e-type=\"column\">\n\t\t\t<div class=\"elementor-widget-wrap elementor-element-populated\">\n\t\t\t\t\t\t<div class=\"elementor-element elementor-element-ec39bdc elementor-tabs-view-vertical elementor-widget elementor-widget-tabs\" data-id=\"ec39bdc\" data-element_type=\"widget\" data-e-type=\"widget\" data-widget_type=\"tabs.default\">\n\t\t\t\t<div class=\"elementor-widget-container\">\n\t\t\t\t\t\t\t<div class=\"elementor-tabs\">\n\t\t\t<div class=\"elementor-tabs-wrapper\" role=\"tablist\" >\n\t\t\t\t\t\t\t\t\t<div id=\"elementor-tab-title-2471\" class=\"elementor-tab-title elementor-tab-desktop-title\" aria-selected=\"true\" data-tab=\"1\" role=\"tab\" tabindex=\"0\" aria-controls=\"elementor-tab-content-2471\" aria-expanded=\"false\">Communaut\u00e9 de Communes Granville Terre et Mer<\/div>\n\t\t\t\t\t\t\t\t\t<div id=\"elementor-tab-title-2472\" class=\"elementor-tab-title elementor-tab-desktop-title\" aria-selected=\"false\" data-tab=\"2\" role=\"tab\" tabindex=\"-1\" aria-controls=\"elementor-tab-content-2472\" aria-expanded=\"false\">Communes<\/div>\n\t\t\t\t\t\t\t<\/div>\n\t\t\t<div class=\"elementor-tabs-content-wrapper\" role=\"tablist\" aria-orientation=\"vertical\">\n\t\t\t\t\t\t\t\t\t<div class=\"elementor-tab-title elementor-tab-mobile-title\" aria-selected=\"true\" data-tab=\"1\" role=\"tab\" tabindex=\"0\" aria-controls=\"elementor-tab-content-2471\" aria-expanded=\"false\">Communaut\u00e9 de Communes Granville Terre et Mer<\/div>\n\t\t\t\t\t<div id=\"elementor-tab-content-2471\" class=\"elementor-tab-content elementor-clearfix\" data-tab=\"1\" role=\"tabpanel\" aria-labelledby=\"elementor-tab-title-2471\" tabindex=\"0\" hidden=\"false\"><p style=\"font-weight: 400;\">Pour sa direction g\u00e9n\u00e9rale &#8211; <a href=\"https:\/\/anctovillesurboscq.fr\/wp-content\/uploads\/2026\/04\/2026-03-GTM-Annonce-DGA-Cohesion-sociale-et-territoriale.pdf\" target=\"_blank\" rel=\"noopener\"><b><i>un directeur g\u00e9n\u00e9ral adjoint \u2013 coh\u00e9sion sociale et territoriale<\/i><\/b> (H\/F)<\/a> &#8211; candidatures avant le 27 avril 2026.<\/p><p style=\"font-weight: 400;\">Pour son terrain d\u2019accueil des gens du voyage,\u00a0<a href=\"https:\/\/anctovillesurboscq.fr\/wp-content\/uploads\/2026\/04\/2026-GTM-Annonce-Saisonnier-Gestionnaire-aire-accueil-gens-du-voyage.pdf\" target=\"_blank\" rel=\"noopener\"><b><i>un renfort saisonnier du 22 juin au 31 ao\u00fbt 2026<\/i>\u00a0<\/b>(H\/F)<\/a> \u00a0&#8211; candidatures avant le 27 avril 2026.<\/p><p style=\"font-weight: 400;\">Pour son \u00e9cole intercommunale de musique, <a href=\"https:\/\/anctovillesurboscq.fr\/wp-content\/uploads\/2026\/04\/2026-04-Annonce-Assistant-denseignement-artistique-Contrebasse-MMA.pdf\" target=\"_blank\" rel=\"noopener\"><strong><em>un assistant d\u2019enseignement artistique \u2013 Sp\u00e9cialit\u00e9 Contrebasse<\/em>\u00a0<\/strong>(H\/F)<\/a> &#8211; candidatures avant le 10 mai 2026.<\/p><p>Pour son \u00e9cole intercommunale de musique, <a href=\"https:\/\/anctovillesurboscq.fr\/wp-content\/uploads\/2026\/04\/2026-04-Annonce-Assistant-denseignement-artistique-Piano.pdf\" target=\"_blank\" rel=\"noopener\"><strong><em>un assistant d\u2019enseignement artistique \u2013 <b><i>Sp\u00e9cialit\u00e9 Piano<\/i><\/b><\/em>\u00a0<\/strong><\/a>(H\/F) &#8211; candidatures avant le 10 mai 2026.<\/p><p>Pour son \u00e9cole intercommunale de musique,<a href=\"https:\/\/anctovillesurboscq.fr\/wp-content\/uploads\/2026\/04\/2026-04-Annonce-Assistant-denseignement-artistique-Violoncelle.pdf\" target=\"_blank\" rel=\"noopener\"> <strong><em>un assistant d\u2019enseignement artistique \u2013 <b><i>Sp\u00e9cialit\u00e9 Violoncelle <\/i><\/b><\/em><\/strong><\/a>(H\/F) &#8211; candidatures avant le 10 mai 2026.<\/p><p>Pour son \u00e9cole intercommunale de musique, <a href=\"https:\/\/anctovillesurboscq.fr\/wp-content\/uploads\/2026\/04\/2026-04-Annonce-Assistant-denseignement-artistique-Tuba.pdf\" target=\"_blank\" rel=\"noopener\"><strong><em>un assistant d\u2019enseignement artistique \u2013 <b><i>Sp\u00e9cialit\u00e9 Tuba<\/i><\/b><\/em>\u00a0<\/strong>(H\/F)<\/a> &#8211; candidatures avant le 10 mai 2026.<\/p><p>Pour son \u00e9cole intercommunale de musique, <a href=\"https:\/\/anctovillesurboscq.fr\/wp-content\/uploads\/2026\/04\/2026-04-Annonce-Assistant-denseignement-artistique-Flute-traversiere-eveil.pdf\" target=\"_blank\" rel=\"noopener\"><strong><em>un assistant d\u2019enseignement artistique \u2013 Sp\u00e9cialit\u00e9 <b><i>Fl\u00fbte traversi\u00e8re et MMA <\/i><\/b><\/em><\/strong>(H\/F)<\/a> &#8211; candidatures avant le 10 mai 2026.<\/p><p>Pour son \u00e9cole intercommunale de musique, <a href=\"https:\/\/anctovillesurboscq.fr\/wp-content\/uploads\/2026\/04\/2026-04-Annonce-Assistant-denseignement-artistique-Percussions.pdf\" target=\"_blank\" rel=\"noopener\"><strong><em>un assistant d\u2019enseignement artistique \u2013 Sp\u00e9cialit\u00e9 <b><i>Percussions<\/i><\/b>\u00a0<\/em><\/strong>(H\/F)<\/a> &#8211; candidatures avant le 10 mai 2026.<\/p><p>\u00a0<\/p><\/div>\n\t\t\t\t\t\t\t\t\t<div class=\"elementor-tab-title elementor-tab-mobile-title\" aria-selected=\"false\" data-tab=\"2\" role=\"tab\" tabindex=\"-1\" aria-controls=\"elementor-tab-content-2472\" aria-expanded=\"false\">Communes<\/div>\n\t\t\t\t\t<div id=\"elementor-tab-content-2472\" class=\"elementor-tab-content elementor-clearfix\" data-tab=\"2\" role=\"tabpanel\" aria-labelledby=\"elementor-tab-title-2472\" tabindex=\"0\" hidden=\"hidden\"><p>Granville &#8211; police pluri-communale &#8211;\u00a0 <a href=\"https:\/\/anctovillesurboscq.fr\/wp-content\/uploads\/2026\/04\/2026-03-VILLE-Annonce-Policier-municipal.pdf\" target=\"_blank\" rel=\"noopener\">un\u00a0policier municipal\u00a0(H\/F)<\/a> &#8211; candidatures avant le 15 avril 2026.<\/p><p>Granville &#8211; centre technique municipal &#8211;\u00a0 <a href=\"https:\/\/anctovillesurboscq.fr\/wp-content\/uploads\/2026\/04\/2026-03-VILLE-Annonce-Agent-polyvalent-Electricien.pdf\" target=\"_blank\" rel=\"noopener\">un \u00e9lectricien\u00a0(H\/F)\u00a0<\/a>&#8211; candidatures avant le 24 avril 2026.<\/p><p>Granville &#8211; future r\u00e9sidence interg\u00e9n\u00e9rationnelle &#8211; <a href=\"https:\/\/anctovillesurboscq.fr\/wp-content\/uploads\/2026\/04\/2026-03-VILLE-Annonce-Animateur-residence-inclusive.pdf\" target=\"_blank\" rel=\"noopener\">deux animateurs\u00a0(H\/F)<\/a> &#8211; candidatures avant le 24 avril 2026.<\/p><p>Granville &#8211; foyers de jeunes travailleurs &#8211; <a href=\"https:\/\/anctovillesurboscq.fr\/wp-content\/uploads\/2026\/04\/2026-04-VILLE-Annonce-Encadrant-de-proximite-en-charge-de-lent-des-locaux-restauration.pdf\" target=\"_blank\" rel=\"noopener\">un encadrant de proximit\u00e9 en charge de l\u2019entretien des locaux restauration\u00a0(H\/F)<\/a> &#8211; candidatures avant le 30 avril 2026.<\/p><\/div>\n\t\t\t\t\t\t\t<\/div>\n\t\t<\/div>\n\t\t\t\t\t\t<\/div>\n\t\t\t\t<\/div>\n\t\t\t\t\t<\/div>\n\t\t<\/div>\n\t\t\t\t\t<\/div>\n\t\t<\/section>\n\t\t\t\t<\/div>\n\t\t","protected":false},"excerpt":{"rendered":"<p>Retrouvez les offres d&#8217;emploi de la Communaut\u00e9 de Communes Granville Terre et Mer et des communes de notre Communaut\u00e9 de Communes\u00a0 Communaut\u00e9 de Communes Granville Terre et Mer Communes Communaut\u00e9 de Communes Granville Terre&#46;&#46;&#46;<\/p>\n","protected":false},"author":2,"featured_media":0,"parent":0,"menu_order":0,"comment_status":"closed","ping_status":"closed","template":"","meta":{"footnotes":""},"class_list":["post-940","page","type-page","status-publish","hentry"],"_links":{"self":[{"href":"https:\/\/anctovillesurboscq.fr\/index.php?rest_route=\/wp\/v2\/pages\/940"}],"collection":[{"href":"https:\/\/anctovillesurboscq.fr\/index.php?rest_route=\/wp\/v2\/pages"}],"about":[{"href":"https:\/\/anctovillesurboscq.fr\/index.php?rest_route=\/wp\/v2\/types\/page"}],"author":[{"embeddable":true,"href":"https:\/\/anctovillesurboscq.fr\/index.php?rest_route=\/wp\/v2\/users\/2"}],"replies":[{"embeddable":true,"href":"https:\/\/anctovillesurboscq.fr\/index.php?rest_route=%2Fwp%2Fv2%2Fcomments&post=940"}],"version-history":[{"count":9,"href":"https:\/\/anctovillesurboscq.fr\/index.php?rest_route=\/wp\/v2\/pages\/940\/revisions"}],"predecessor-version":[{"id":9259,"href":"https:\/\/anctovillesurboscq.fr\/index.php?rest_route=\/wp\/v2\/pages\/940\/revisions\/9259"}],"wp:attachment":[{"href":"https:\/\/anctovillesurboscq.fr\/index.php?rest_route=%2Fwp%2Fv2%2Fmedia&parent=940"}],"curies":[{"name":"wp","href":"https:\/\/api.w.org\/{rel}","templated":true}]}}