{"id":896,"date":"2018-05-29T11:35:00","date_gmt":"2018-05-29T09:35:00","guid":{"rendered":"http:\/\/anctovillesurboscq.fr\/?page_id=896"},"modified":"2018-05-29T11:35:00","modified_gmt":"2018-05-29T09:35:00","slug":"frelon-asiatique-2","status":"publish","type":"page","link":"https:\/\/anctovillesurboscq.fr\/?page_id=896","title":{"rendered":"Frelon asiatique"},"content":{"rendered":"<h2>RECONNA\u00ceTRE LE FRELON ASIATIQUE<\/h2>\n<p><a href=\"http:\/\/anctovillesurboscq.fr\/wp-content\/uploads\/2018\/05\/frelon.jpg\" target=\"_blank\" rel=\"noopener\"><img fetchpriority=\"high\" decoding=\"async\" class=\"aligncenter size-medium wp-image-897\" src=\"http:\/\/anctovillesurboscq.fr\/wp-content\/uploads\/2018\/05\/frelon-218x300.jpg\" alt=\"\" width=\"218\" height=\"300\" srcset=\"https:\/\/anctovillesurboscq.fr\/wp-content\/uploads\/2018\/05\/frelon-218x300.jpg 218w, https:\/\/anctovillesurboscq.fr\/wp-content\/uploads\/2018\/05\/frelon.jpg 645w\" sizes=\"(max-width: 218px) 100vw, 218px\" \/><\/a><\/p>\n<h3>Le frelon<\/h3>\n<p>Le frelon asiatique est une esp\u00e8ce invasive introduite en France en 2004 et a atteint le Sud du d\u00e9partement de la Manche en 2011. Plus de 869 nids ont \u00e9t\u00e9 recens\u00e9s par la FDGDON de la Manche en 2016, et 1447 en 2017, dans notre d\u00e9partement !<\/p>\n<p>Le frelon asiatique est reconnaissable par une couleur dominante tr\u00e8s noire. Seul le 4<sup>\u00e8me<\/sup> segment de l\u2019abdomen est jaune\/orang\u00e9 et le bout de ses pattes est bien jaune. Il est aussi l\u00e9g\u00e8rement plus petit que le frelon europ\u00e9en qui lui, a un abdomen \u00e0 dominante jaune.<\/p>\n<h3>Les nuisances<\/h3>\n<p>Les frelons asiatiques sont \u00e0 l\u2019origine d\u2019une r\u00e9elle nuisance sur les ruchers car ils pr\u00e9datent les abeilles et impactent les colonies et la production de miel. En s\u2019attaquant d\u2019ailleurs \u00e0 une multitude d\u2019insectes, les frelons asiatiques peuvent avoir un impact sur la pollinisation et la biodiversit\u00e9. Les productions fruiti\u00e8res peuvent aussi \u00eatre impact\u00e9es. Egalement la vente de poisson sur les \u00e9tals, les frelons appr\u00e9ciant toute source de prot\u00e9ines animales.<\/p>\n<p>Un autre enjeu est directement li\u00e9 \u00e0 la s\u00e9curit\u00e9 de la population humaine. M\u00eame si le frelon asiatique seul n\u2019est pas plus agressif que le frelon europ\u00e9en, l\u2019ensemble de la colonie va d\u00e9fendre le nid s\u2019ils se sentent menac\u00e9s. Ainsi, la pr\u00e9sence du frelon asiatique constitue un enjeu de sant\u00e9 et s\u00e9curit\u00e9 publique. En 2017, la FDGDON de la Manche a recens\u00e9 65 attaques avec victime par piq\u00fbre (dont 5 cas \u00e0 plus de 10 piq\u00fbres et un choc anaphylactique) et 1 attaque avec victime par projection de venin.<\/p>\n<p>En cas de piq\u00fbre, il est conseill\u00e9 d\u2019approcher une source de chaleur (sans se br\u00fbler, exemple\u00a0: cigarette, s\u00e8che cheveux, eau chaude) pour diminuer l\u2019incidence du venin. En fonction de la sensibilit\u00e9 de la personne attaqu\u00e9e, il peut \u00eatre n\u00e9cessaire de contacter les pompiers ou le samu.<\/p>\n<h3>Les nids<\/h3>\n<p>Au printemps, les femelles f\u00e9cond\u00e9es l\u2019ann\u00e9e pr\u00e9c\u00e9dente sortent d\u2019hivernation pour commencer \u00e0 cr\u00e9er un premier nid, dit \u00ab\u00a0primaire\u00a0\u00bb et souvent plac\u00e9 dans le b\u00e2ti (avanc\u00e9e de toiture, encadrement de fen\u00eatre, abri de jardin, cabane en bois\u2026). La fondatrice y produit les premi\u00e8res ouvri\u00e8res.<\/p>\n<p>En d\u00e9but d\u2019\u00e9t\u00e9, la colonie d\u00e9localise g\u00e9n\u00e9ralement le nid dans un arbre ou une haie pour d\u00e9velopper la colonie. Ce nid est alors appel\u00e9 nid \u00ab\u00a0principal\u00a0\u00bb.<\/p>\n<p>C\u2019est \u00e0 partir de juillet, que la population explose pour atteindre son optimum \u00e0 l\u2019automne (jusqu\u2019\u00e0 plus de 2000 frelons pr\u00e9sents dans un nid de plus d\u2019un m\u00e8tre de diam\u00e8tre).<\/p>\n<p>Avant l\u2019hiver, l\u2019ensemble de la colonie meurt, seules les nouvelles femelles f\u00e9cond\u00e9es se dispersent dans la nature et vont pouvoir entrer en hivernation. Le nid est alors abandonn\u00e9 et va se d\u00e9grader naturellement pendant l\u2019hiver. Il ne sera pas r\u00e9utilis\u00e9 l\u2019ann\u00e9e suivante.<\/p>\n<h2>PROC\u00c9DURE A SUIVRE EN CAS DE D\u00c9COUVERTE D\u2019UN NID DE FRELONS ASIATIQUES<\/h2>\n<p><a href=\"http:\/\/anctovillesurboscq.fr\/wp-content\/uploads\/2018\/05\/proc\u00e9dure-frelon-asiatique.jpg\" target=\"_blank\" rel=\"noopener\"><img decoding=\"async\" class=\"aligncenter size-medium wp-image-901\" src=\"http:\/\/anctovillesurboscq.fr\/wp-content\/uploads\/2018\/05\/proc\u00e9dure-frelon-asiatique-300x198.jpg\" alt=\"\" width=\"300\" height=\"198\" srcset=\"https:\/\/anctovillesurboscq.fr\/wp-content\/uploads\/2018\/05\/proc\u00e9dure-frelon-asiatique-300x198.jpg 300w, https:\/\/anctovillesurboscq.fr\/wp-content\/uploads\/2018\/05\/proc\u00e9dure-frelon-asiatique-768x506.jpg 768w, https:\/\/anctovillesurboscq.fr\/wp-content\/uploads\/2018\/05\/proc\u00e9dure-frelon-asiatique-1024x675.jpg 1024w, https:\/\/anctovillesurboscq.fr\/wp-content\/uploads\/2018\/05\/proc\u00e9dure-frelon-asiatique.jpg 1102w\" sizes=\"(max-width: 300px) 100vw, 300px\" \/><\/a><\/p>\n<h3><span style=\"color: #008000;\"><u>Ce que je dois faire\u00a0<\/u><\/span><\/h3>\n<ul>\n<li><strong>Signaler le nid \u00e0 la mairie concern\u00e9e<\/strong>. Un nid \u00e9ligible \u00e0 la lutte collective pourra \u00eatre d\u00e9truit par le programme d\u00e9partemental, <em>par une entreprise sp\u00e9cialis\u00e9e, qualifi\u00e9e et assur\u00e9e, missionn\u00e9e par la FDGDON<\/em>. J\u2019indique mon nom, la localisation pr\u00e9cise du nid (adresse + emplacement du nid), si des frelons sont visibles, photos du nid si possible\u2026<\/li>\n<\/ul>\n<p>Il est inutile de signaler un nid avec un \u00e9criteau qui indique que la colonie a d\u00e9j\u00e0 \u00e9t\u00e9 d\u00e9truite. En effet, l\u2019enveloppe du nid reste sur place pour des raisons d\u2019efficacit\u00e9 et environnementales, et elle sera d\u00e9truite par les intemp\u00e9ries. Un nid abandonn\u00e9 ne sera pas recolonis\u00e9 l\u2019ann\u00e9e suivante.<\/p>\n<p>Il est \u00e9galement inutile de signaler un individu de frelon asiatique sans son nid. Aucune intervention ne sera d\u00e9clench\u00e9e sans avoir localis\u00e9 le nid.<\/p>\n<ul>\n<li><strong>Me mettre en s\u00e9curit\u00e9<\/strong>, rester \u00e0 distance du nid pour ne pas subir d\u2019attaque collective des frelons asiatiques.<\/li>\n<\/ul>\n<h2><span style=\"color: #ff0000;\"><u>Ce que je ne dois pas faire\u00a0<\/u><\/span><\/h2>\n<ul>\n<li><strong>Approcher du nid ou r\u00e9aliser une activit\u00e9 susceptible de les d\u00e9ranger<\/strong> (taille de haie, d\u00e9broussaillage ou toute source de vibration\u2026 \u00e0 proximit\u00e9 du nid) en attendant la destruction de la colonie.<\/li>\n<li><strong>D\u00e9truire le nid par moi-m\u00eame<\/strong>, car je ne dispose pas d\u2019\u00e9quipements de protection adapt\u00e9s, ni de moyens de destruction performants pour d\u00e9tuire la reine et sa colonie (risque d\u2019attaque collective et inefficacit\u00e9 de la technique utilis\u00e9e). Une destruction non appropri\u00e9e du nid (tir au fusil ou fl\u00e8che, utilisation d\u2019une bombe insecticide classique, etc\u2026) engendre un risque fort d\u2019attaques collectives de la colonie, et la dispersion des frelons, notamment de la reine qui pourra reconstruire impun\u00e9ment un nid \u00e0 proximit\u00e9, sans \u00eatre rep\u00e9r\u00e9. <strong>La destruction des nids doit \u00eatre r\u00e9alis\u00e9e par des professionnels form\u00e9s et correctement \u00e9quip\u00e9s <\/strong>(tenues \u00e9paisses sp\u00e9ciales, visi\u00e8re de protection, perche d\u2019intervention, etc\u2026).<\/li>\n<\/ul>\n<h2><\/h2>\n<h2>LE PARTENARIAT DE LA LUTTE COLLECTIVE<\/h2>\n<p>La commune d\u2019Anctoville-sur-Boscq a sign\u00e9 la convention de lutte collective contre le frelon asiatique avec la FDGDON, et \u00e9galement soutenue par le Conseil d\u00e9partemental.<\/p>\n<p>Votre mairie participe donc au programme d\u00e9partemental de lutte collective. Ainsi, pour les nids signal\u00e9s \u00e9ligibles au programme de lutte collective, leur destruction pourra \u00eatre programm\u00e9e par la FDGDON. Dans ce cadre, la mairie est amen\u00e9e \u00e0 prendre en charge le co\u00fbt de la destruction des nids.<\/p>\n<p>La FDGDON de la Manche, organisme \u00e0 vocation sanitaire, charg\u00e9e de l\u2019organisation de la lutte collective par arr\u00eat\u00e9 pr\u00e9fectoral.<\/p>\n<p><a href=\"http:\/\/www.fdgdon50.com\" target=\"_blank\" rel=\"noopener\">www.fdgdon50.com<\/a><\/p>\n<p><a href=\"http:\/\/www.frelonasiatique50.fr\" target=\"_blank\" rel=\"noopener\">www.frelonasiatique50.fr<\/a><\/p>\n<p>Le Conseil d\u00e9partemental de la Manche, soutien et finance la lutte collective.<\/p>\n<p><a href=\"http:\/\/www.manche.fr\/planeteManche\" target=\"_blank\" rel=\"noopener\">www.manche.fr\/planeteManche<\/a><\/p>\n<p>&nbsp;<\/p>\n","protected":false},"excerpt":{"rendered":"<p>RECONNA\u00ceTRE LE FRELON ASIATIQUE Le frelon Le frelon asiatique est une esp\u00e8ce invasive introduite en France en 2004 et a atteint le Sud du d\u00e9partement de la Manche en 2011. Plus de 869 nids&#46;&#46;&#46;<\/p>\n","protected":false},"author":2,"featured_media":0,"parent":0,"menu_order":0,"comment_status":"closed","ping_status":"closed","template":"","meta":{"_monsterinsights_skip_tracking":false,"_monsterinsights_sitenote_active":false,"_monsterinsights_sitenote_note":"","_monsterinsights_sitenote_category":0,"footnotes":""},"class_list":["post-896","page","type-page","status-publish","hentry"],"_links":{"self":[{"href":"https:\/\/anctovillesurboscq.fr\/index.php?rest_route=\/wp\/v2\/pages\/896","targetHints":{"allow":["GET"]}}],"collection":[{"href":"https:\/\/anctovillesurboscq.fr\/index.php?rest_route=\/wp\/v2\/pages"}],"about":[{"href":"https:\/\/anctovillesurboscq.fr\/index.php?rest_route=\/wp\/v2\/types\/page"}],"author":[{"embeddable":true,"href":"https:\/\/anctovillesurboscq.fr\/index.php?rest_route=\/wp\/v2\/users\/2"}],"replies":[{"embeddable":true,"href":"https:\/\/anctovillesurboscq.fr\/index.php?rest_route=%2Fwp%2Fv2%2Fcomments&post=896"}],"version-history":[{"count":0,"href":"https:\/\/anctovillesurboscq.fr\/index.php?rest_route=\/wp\/v2\/pages\/896\/revisions"}],"wp:attachment":[{"href":"https:\/\/anctovillesurboscq.fr\/index.php?rest_route=%2Fwp%2Fv2%2Fmedia&parent=896"}],"curies":[{"name":"wp","href":"https:\/\/api.w.org\/{rel}","templated":true}]}}