{"id":87,"date":"2018-01-29T02:00:02","date_gmt":"2018-01-29T01:00:02","guid":{"rendered":"http:\/\/anctovillesurboscq.fr\/?page_id=87"},"modified":"2025-02-24T11:52:04","modified_gmt":"2025-02-24T10:52:04","slug":"cimetiere-commune-danctoville-sur-boscq","status":"publish","type":"page","link":"https:\/\/anctovillesurboscq.fr\/?page_id=87","title":{"rendered":"Cimeti\u00e8re"},"content":{"rendered":"\t\t<div data-elementor-type=\"wp-page\" data-elementor-id=\"87\" class=\"elementor elementor-87\">\n\t\t\t\t\t\t<section class=\"elementor-section elementor-top-section elementor-element elementor-element-678c2a52 elementor-section-boxed elementor-section-height-default elementor-section-height-default\" data-id=\"678c2a52\" data-element_type=\"section\" data-e-type=\"section\">\n\t\t\t\t\t\t<div class=\"elementor-container elementor-column-gap-default\">\n\t\t\t\t\t<div class=\"elementor-column elementor-col-100 elementor-top-column elementor-element elementor-element-3c4f3495\" data-id=\"3c4f3495\" data-element_type=\"column\" data-e-type=\"column\">\n\t\t\t<div class=\"elementor-widget-wrap elementor-element-populated\">\n\t\t\t\t\t\t<div class=\"elementor-element elementor-element-66454783 elementor-widget elementor-widget-text-editor\" data-id=\"66454783\" data-element_type=\"widget\" data-e-type=\"widget\" data-widget_type=\"text-editor.default\">\n\t\t\t\t<div class=\"elementor-widget-container\">\n\t\t\t\t\t\t\t\t\t<h1 class=\"spip\" style=\"text-align: left;\"><strong>Pour se faire inhumer, il faut\u00a0:<\/strong><\/h1><ul><li><p class=\"spip\" style=\"text-align: left;\">\u00eatre domicili\u00e9 dans la commune,<\/p><\/li><li><p class=\"spip\" style=\"text-align: left;\">\u00eatre d\u00e9c\u00e9d\u00e9 dans la commune,<\/p><\/li><li><p class=\"spip\" style=\"text-align: left;\">avoir une s\u00e9pulture familiale.<\/p><\/li><\/ul><p class=\"spip\" style=\"text-align: left;\">Les concessions peuvent \u00eatre attribu\u00e9es dans ces terrains pour une dur\u00e9e de 15 ou 30 ans.<\/p><p class=\"spip\" style=\"text-align: left;\">La commune a en charge l\u2019attribution des emplacements.<\/p><p>Prix des concessions<\/p><p>pour un terrain ou une cavurne :<\/p><ul style=\"margin-left: 40px;\"><li>15 ans : 100 \u20ac<\/li><li>30 ans : 200 \u20ac<\/li><\/ul><p>Columbarium :<\/p><ul style=\"margin-left: 40px;\"><li>15 ans : 200 \u20ac<\/li><li>30 ans : 350 \u20ac<\/li><\/ul><p>Jardin du souvenir :<\/p><ul style=\"margin-left: 40px;\"><li>40 \u20ac<\/li><\/ul><h1>Plan du cimeti\u00e8re<\/h1><p>\u00a0<\/p>\t\t\t\t\t\t\t\t<\/div>\n\t\t\t\t<\/div>\n\t\t\t\t\t<\/div>\n\t\t<\/div>\n\t\t\t\t\t<\/div>\n\t\t<\/section>\n\t\t\t\t<section class=\"elementor-section elementor-top-section elementor-element elementor-element-ba08c8e elementor-section-boxed elementor-section-height-default elementor-section-height-default\" data-id=\"ba08c8e\" data-element_type=\"section\" data-e-type=\"section\">\n\t\t\t\t\t\t<div class=\"elementor-container elementor-column-gap-default\">\n\t\t\t\t\t<div class=\"elementor-column elementor-col-100 elementor-top-column elementor-element elementor-element-bbb0e73\" data-id=\"bbb0e73\" data-element_type=\"column\" data-e-type=\"column\">\n\t\t\t<div class=\"elementor-widget-wrap elementor-element-populated\">\n\t\t\t\t\t\t<div class=\"elementor-element elementor-element-54a7566 elementor-widget elementor-widget-image\" data-id=\"54a7566\" data-element_type=\"widget\" data-e-type=\"widget\" data-widget_type=\"image.default\">\n\t\t\t\t<div class=\"elementor-widget-container\">\n\t\t\t\t\t\t\t\t\t\t\t\t\t\t\t<img fetchpriority=\"high\" decoding=\"async\" width=\"989\" height=\"654\" src=\"https:\/\/anctovillesurboscq.fr\/wp-content\/uploads\/2025\/02\/plan-du-cimetiere.jpg\" class=\"attachment-large size-large wp-image-7994\" alt=\"\" srcset=\"https:\/\/anctovillesurboscq.fr\/wp-content\/uploads\/2025\/02\/plan-du-cimetiere.jpg 989w, https:\/\/anctovillesurboscq.fr\/wp-content\/uploads\/2025\/02\/plan-du-cimetiere-300x198.jpg 300w, https:\/\/anctovillesurboscq.fr\/wp-content\/uploads\/2025\/02\/plan-du-cimetiere-768x508.jpg 768w\" sizes=\"(max-width: 989px) 100vw, 989px\" \/>\t\t\t\t\t\t\t\t\t\t\t\t\t\t\t<\/div>\n\t\t\t\t<\/div>\n\t\t\t\t\t<\/div>\n\t\t<\/div>\n\t\t\t\t\t<\/div>\n\t\t<\/section>\n\t\t\t\t<section class=\"elementor-section elementor-top-section elementor-element elementor-element-6ce8816 elementor-section-boxed elementor-section-height-default elementor-section-height-default\" data-id=\"6ce8816\" data-element_type=\"section\" data-e-type=\"section\">\n\t\t\t\t\t\t<div class=\"elementor-container elementor-column-gap-default\">\n\t\t\t\t\t<div class=\"elementor-column elementor-col-100 elementor-top-column elementor-element elementor-element-1418028\" data-id=\"1418028\" data-element_type=\"column\" data-e-type=\"column\">\n\t\t\t<div class=\"elementor-widget-wrap elementor-element-populated\">\n\t\t\t\t\t\t<div class=\"elementor-element elementor-element-4aa4a62 elementor-align-center elementor-widget elementor-widget-button\" data-id=\"4aa4a62\" data-element_type=\"widget\" data-e-type=\"widget\" data-widget_type=\"button.default\">\n\t\t\t\t<div class=\"elementor-widget-container\">\n\t\t\t\t\t\t\t\t\t<div class=\"elementor-button-wrapper\">\n\t\t\t\t\t<a class=\"elementor-button elementor-button-link elementor-size-sm\" href=\"https:\/\/anctovillesurboscq.fr\/wp-content\/uploads\/2024\/12\/REGLEMENT-INTERIEUR-DU-CIMETIERE-ANCTOVILLE.pdf\" target=\"_blank\">\n\t\t\t\t\t\t<span class=\"elementor-button-content-wrapper\">\n\t\t\t\t\t\t<span class=\"elementor-button-icon\">\n\t\t\t\t<i aria-hidden=\"true\" class=\"far fa-arrow-alt-circle-right\"><\/i>\t\t\t<\/span>\n\t\t\t\t\t\t\t\t\t<span class=\"elementor-button-text\">R\u00e8glement du cimeti\u00e8re<\/span>\n\t\t\t\t\t<\/span>\n\t\t\t\t\t<\/a>\n\t\t\t\t<\/div>\n\t\t\t\t\t\t\t\t<\/div>\n\t\t\t\t<\/div>\n\t\t\t\t\t<\/div>\n\t\t<\/div>\n\t\t\t\t\t<\/div>\n\t\t<\/section>\n\t\t\t\t<\/div>\n\t\t","protected":false},"excerpt":{"rendered":"<p>Pour se faire inhumer, il faut\u00a0: \u00eatre domicili\u00e9 dans la commune, \u00eatre d\u00e9c\u00e9d\u00e9 dans la commune, avoir une s\u00e9pulture familiale. Les concessions peuvent \u00eatre attribu\u00e9es dans ces terrains pour une dur\u00e9e de 15 ou&#46;&#46;&#46;<\/p>\n","protected":false},"author":2,"featured_media":0,"parent":38,"menu_order":0,"comment_status":"closed","ping_status":"closed","template":"","meta":{"_monsterinsights_skip_tracking":false,"_monsterinsights_sitenote_active":false,"_monsterinsights_sitenote_note":"","_monsterinsights_sitenote_category":0,"footnotes":""},"class_list":["post-87","page","type-page","status-publish","hentry"],"_links":{"self":[{"href":"https:\/\/anctovillesurboscq.fr\/index.php?rest_route=\/wp\/v2\/pages\/87","targetHints":{"allow":["GET"]}}],"collection":[{"href":"https:\/\/anctovillesurboscq.fr\/index.php?rest_route=\/wp\/v2\/pages"}],"about":[{"href":"https:\/\/anctovillesurboscq.fr\/index.php?rest_route=\/wp\/v2\/types\/page"}],"author":[{"embeddable":true,"href":"https:\/\/anctovillesurboscq.fr\/index.php?rest_route=\/wp\/v2\/users\/2"}],"replies":[{"embeddable":true,"href":"https:\/\/anctovillesurboscq.fr\/index.php?rest_route=%2Fwp%2Fv2%2Fcomments&post=87"}],"version-history":[{"count":0,"href":"https:\/\/anctovillesurboscq.fr\/index.php?rest_route=\/wp\/v2\/pages\/87\/revisions"}],"up":[{"embeddable":true,"href":"https:\/\/anctovillesurboscq.fr\/index.php?rest_route=\/wp\/v2\/pages\/38"}],"wp:attachment":[{"href":"https:\/\/anctovillesurboscq.fr\/index.php?rest_route=%2Fwp%2Fv2%2Fmedia&parent=87"}],"curies":[{"name":"wp","href":"https:\/\/api.w.org\/{rel}","templated":true}]}}