{"id":85,"date":"2018-01-29T01:59:54","date_gmt":"2018-01-29T00:59:54","guid":{"rendered":"http:\/\/anctovillesurboscq.fr\/?page_id=85"},"modified":"2023-07-19T17:26:26","modified_gmt":"2023-07-19T15:26:26","slug":"elections","status":"publish","type":"page","link":"https:\/\/anctovillesurboscq.fr\/?page_id=85","title":{"rendered":"Elections"},"content":{"rendered":"\t\t<div data-elementor-type=\"wp-page\" data-elementor-id=\"85\" class=\"elementor elementor-85\">\n\t\t\t\t\t\t<section class=\"elementor-section elementor-top-section elementor-element elementor-element-6f4ff48f elementor-section-boxed elementor-section-height-default elementor-section-height-default\" data-id=\"6f4ff48f\" data-element_type=\"section\" data-e-type=\"section\">\n\t\t\t\t\t\t<div class=\"elementor-container elementor-column-gap-default\">\n\t\t\t\t\t<div class=\"elementor-column elementor-col-100 elementor-top-column elementor-element elementor-element-5eff6ae2\" data-id=\"5eff6ae2\" data-element_type=\"column\" data-e-type=\"column\">\n\t\t\t<div class=\"elementor-widget-wrap elementor-element-populated\">\n\t\t\t\t\t\t<div class=\"elementor-element elementor-element-62a5d6e2 elementor-widget elementor-widget-text-editor\" data-id=\"62a5d6e2\" data-element_type=\"widget\" data-e-type=\"widget\" data-widget_type=\"text-editor.default\">\n\t\t\t\t<div class=\"elementor-widget-container\">\n\t\t\t\t\t\t\t\t\t<p>Pour participer aux \u00e9lections politiques, il faut \u00eatre inscrit sur les listes \u00e9lectorales. L&rsquo;inscription est automatique pour les jeunes de 18 ans, si les formalit\u00e9s de recensement ont \u00e9t\u00e9 accomplies \u00e0 16 ans. Si vous vous trouvez dans une autre situation (d\u00e9m\u00e9nagement, premi\u00e8re inscription&#8230;), vous devez prendre l&rsquo;initiative de la demande.<\/p>\n<h1>Qui peut \u00eatre \u00e9lecteur ?<\/h1>\n<p>Il faut remplir les conditions suivantes :<\/p>\n<ul>\n<li>avoir au moins 18 ans la veille du 1<sup>er<\/sup>\u00a0tour de scrutin,<\/li>\n<li>\u00eatre de nationalit\u00e9 fran\u00e7aise (un citoyen europ\u00e9en qui vit en France peut\u00a0<a href=\"https:\/\/www.service-public.fr\/particuliers\/vosdroits\/F1937\" target=\"_blank\" rel=\"noopener noreferrer\">s&rsquo;inscrire sur les listes compl\u00e9mentaires<\/a>\u00a0mais seulement pour participer aux \u00e9lections municipales et\/ou europ\u00e9ennes),<\/li>\n<li>jouir de ses droits civils et politiques.<\/li>\n<\/ul>\n<p><div class=\"su-button-center\"><a href=\"https:\/\/www.service-public.fr\/compte\/se-connecter?targetUrl=\/loginSuccessFromSp&#038;typeCompte=particulier\" class=\"su-button su-button-style-3d su-button-wide\" style=\"color:#FFFFFF;background-color:#3a800c;border-color:#2f670a;border-radius:71px\" target=\"_blank\" rel=\"noopener noreferrer\"><span style=\"color:#FFFFFF;padding:10px 32px;font-size:23px;line-height:35px;border-color:#76a755;border-radius:71px;text-shadow:none\"><i class=\"sui sui-arrow-right\" style=\"font-size:23px;color:#FFFFFF\"><\/i> Inscription en ligne<\/span><\/a><\/div><\/p>\n<p><a href=\"https:\/\/anctovillesurboscq.fr\/wp-content\/uploads\/2023\/07\/arrete-nomination-membres-commission-de-controle-2023.pdf\" target=\"_blank\" rel=\"noopener\">Arr\u00eat\u00e9 portant nomination des membres de la commission de contr\u00f4le charg\u00e9e de la r\u00e9gularit\u00e9 des listes \u00e9lectorales dans la commune d&rsquo;Anctoville-sur-Boscq.<\/a><\/p>\n<p>\u00a0<\/p>\n<h1>Quelle est votre situation \u00e9lectorale ?<\/h1>\n<p>\u00a0<\/p>\n\n<p><\/p>\n<p>\u00a0<\/p>\n<p><\/p>\n<p>V\u00e9rifiez que vous \u00eates bien inscrit(e) dans votre commune ou consulat avant de vous rendre aux urnes sur\u00a0: <a href=\"https:\/\/www.service-public.fr\/particuliers\/vosdroits\/services-en-ligne-et-formulaires\/ISE\" target=\"_blank\" rel=\"noreferrer noopener\">https:\/\/www.service-public.fr\/particuliers\/vosdroits\/services-en-ligne-et-formulaires\/ISE<\/a><\/p>\n<p><\/p>\n<p>Vous devez entrer un certain nombre de renseignements (votre d\u00e9partement et votre commune, vos noms et pr\u00e9noms, votre sexe et votre date de naissance).<\/p>\n<p><\/p>\n<p>Si vous \u00eates inscrit, le site vous renvoie votre commune d\u2019inscription, le num\u00e9ro et l\u2019adresse de votre bureau de vote et votre num\u00e9ro d\u2019ordre sur la liste de la commune.<\/p>\n<p><\/p>\n<p>Si vous n&rsquo;\u00eates pas inscrit, vous \u00eates invit\u00e9 \u00e0 vous inscrire ou bien en vous adressant \u00e0 la mairie de votre commune, ou bien en passant par la t\u00e9l\u00e9-proc\u00e9dure : <a href=\"https:\/\/www.service-public.fr\/particuliers\/vosdroits\/R16396\" target=\"_blank\" rel=\"noreferrer noopener\">https:\/\/www.service-public.fr\/particuliers\/vosdroits\/R16396<\/a><\/p>\n<p><\/p>\n<h2 class=\"wp-block-heading\">Vote par procuration<\/h2>\n<p><\/p>\n<p>Un \u00e9lecteur absent le jour d&rsquo;une \u00e9lection peut\u00a0voter par procuration. L&rsquo;\u00e9lecteur absent choisit une personne qui vote \u00e0 sa place. Cette personne doit voter selon les consignes donn\u00e9es par l&rsquo;\u00e9lecteur absent. L&rsquo;\u00e9lecteur absent le jour de l&rsquo;\u00e9lection doit faire \u00e9tablir la procuration au plus t\u00f4t.<\/p>\n<p><\/p>\n<p>Vous pouvez d\u00e9sormais faire votre demande de procuration en ligne gr\u00e2ce \u00e0 une authentification s\u00e9curis\u00e9e FranceConnect depuis un ordinateur, une tablette ou un smartphone sur :\u00a0<\/p>\n<p><a href=\"https:\/\/www.maprocuration.gouv.fr\/\" target=\"_blank\" rel=\"noopener\">https:\/\/www.maprocuration.gouv.fr\/<\/a><\/p>\n<p>Le proc\u00e9d\u00e9 est partiellement d\u00e9mat\u00e9rialis\u00e9 car il faudra toujours se rendre dans votre gendarmerie ou commissariat pour finaliser votre demande mais avec un gain de temps notable sur place et sans imprim\u00e9 \u00e0 remplir.<\/p>\n<p>Pour effectuer cette d\u00e9marche, vous devrez pr\u00e9senter une pi\u00e8ce d\u2019identit\u00e9 et donner votre r\u00e9f\u00e9rence de demande Maprocuration (constitu\u00e9e d\u2019un m\u00e9lange de 6 chiffres et lettres) qui vous a \u00e9t\u00e9 transmise par courriel. Il n\u2019est pas n\u00e9cessaire d\u2019imprimer le message que vous avez re\u00e7u ou l\u2019\u00e9cran r\u00e9capitulatif.<br \/>Vous n\u2019avez pas besoin de la pi\u00e8ce d\u2019identit\u00e9 de votre mandataire.<\/p>\n<p>Vous \u00eates ensuite alert\u00e9 par mail \u00e0 chaque \u00e9tape de validation de votre procuration.<\/p>\n<p><\/p>\n<p><\/p>\t\t\t\t\t\t\t\t<\/div>\n\t\t\t\t<\/div>\n\t\t\t\t\t<\/div>\n\t\t<\/div>\n\t\t\t\t\t<\/div>\n\t\t<\/section>\n\t\t\t\t<section class=\"elementor-section elementor-top-section elementor-element elementor-element-67e340a elementor-section-boxed elementor-section-height-default elementor-section-height-default\" data-id=\"67e340a\" data-element_type=\"section\" data-e-type=\"section\">\n\t\t\t\t\t\t<div class=\"elementor-container elementor-column-gap-default\">\n\t\t\t\t\t<div class=\"elementor-column elementor-col-100 elementor-top-column elementor-element elementor-element-b59eb4d\" data-id=\"b59eb4d\" data-element_type=\"column\" data-e-type=\"column\">\n\t\t\t<div class=\"elementor-widget-wrap elementor-element-populated\">\n\t\t\t\t\t\t<div class=\"elementor-element elementor-element-9a755e9 elementor-widget elementor-widget-image\" data-id=\"9a755e9\" data-element_type=\"widget\" data-e-type=\"widget\" data-widget_type=\"image.default\">\n\t\t\t\t<div class=\"elementor-widget-container\">\n\t\t\t\t\t\t\t\t\t\t\t\t\t\t\t<img fetchpriority=\"high\" decoding=\"async\" width=\"914\" height=\"437\" src=\"https:\/\/anctovillesurboscq.fr\/wp-content\/uploads\/2021\/05\/procuration.jpg\" class=\"attachment-large size-large wp-image-3808\" alt=\"\" srcset=\"https:\/\/anctovillesurboscq.fr\/wp-content\/uploads\/2021\/05\/procuration.jpg 914w, https:\/\/anctovillesurboscq.fr\/wp-content\/uploads\/2021\/05\/procuration-300x143.jpg 300w, https:\/\/anctovillesurboscq.fr\/wp-content\/uploads\/2021\/05\/procuration-768x367.jpg 768w\" sizes=\"(max-width: 914px) 100vw, 914px\" \/>\t\t\t\t\t\t\t\t\t\t\t\t\t\t\t<\/div>\n\t\t\t\t<\/div>\n\t\t\t\t\t<\/div>\n\t\t<\/div>\n\t\t\t\t\t<\/div>\n\t\t<\/section>\n\t\t\t\t<\/div>\n\t\t","protected":false},"excerpt":{"rendered":"<p>Pour participer aux \u00e9lections politiques, il faut \u00eatre inscrit sur les listes \u00e9lectorales. L&rsquo;inscription est automatique pour les jeunes de 18 ans, si les formalit\u00e9s de recensement ont \u00e9t\u00e9 accomplies \u00e0 16 ans. Si&#46;&#46;&#46;<\/p>\n","protected":false},"author":2,"featured_media":0,"parent":0,"menu_order":0,"comment_status":"closed","ping_status":"closed","template":"","meta":{"_monsterinsights_skip_tracking":false,"_monsterinsights_sitenote_active":false,"_monsterinsights_sitenote_note":"","_monsterinsights_sitenote_category":0,"footnotes":""},"class_list":["post-85","page","type-page","status-publish","hentry"],"_links":{"self":[{"href":"https:\/\/anctovillesurboscq.fr\/index.php?rest_route=\/wp\/v2\/pages\/85","targetHints":{"allow":["GET"]}}],"collection":[{"href":"https:\/\/anctovillesurboscq.fr\/index.php?rest_route=\/wp\/v2\/pages"}],"about":[{"href":"https:\/\/anctovillesurboscq.fr\/index.php?rest_route=\/wp\/v2\/types\/page"}],"author":[{"embeddable":true,"href":"https:\/\/anctovillesurboscq.fr\/index.php?rest_route=\/wp\/v2\/users\/2"}],"replies":[{"embeddable":true,"href":"https:\/\/anctovillesurboscq.fr\/index.php?rest_route=%2Fwp%2Fv2%2Fcomments&post=85"}],"version-history":[{"count":0,"href":"https:\/\/anctovillesurboscq.fr\/index.php?rest_route=\/wp\/v2\/pages\/85\/revisions"}],"wp:attachment":[{"href":"https:\/\/anctovillesurboscq.fr\/index.php?rest_route=%2Fwp%2Fv2%2Fmedia&parent=85"}],"curies":[{"name":"wp","href":"https:\/\/api.w.org\/{rel}","templated":true}]}}