{"id":83,"date":"2018-01-29T01:59:28","date_gmt":"2018-01-29T00:59:28","guid":{"rendered":"http:\/\/anctovillesurboscq.fr\/?page_id=83"},"modified":"2018-11-28T18:00:29","modified_gmt":"2018-11-28T17:00:29","slug":"etat-civil","status":"publish","type":"page","link":"https:\/\/anctovillesurboscq.fr\/?page_id=83","title":{"rendered":"Etat civil"},"content":{"rendered":"<h3><img decoding=\"async\" class=\"aligncenter\" src=\"http:\/\/anctovillesurboscq.fr\/wp-content\/uploads\/2018\/01\/telechargement3910-6f798.jpg\" \/><\/h3>\n<h3>Reconnaissance d\u2019un enfant<\/h3>\n<p>Au sein d\u2019un couple non mari\u00e9, la filiation d\u2019un enfant s\u2019\u00e9tablit diff\u00e9remment \u00e0 l\u2019\u00e9gard du p\u00e8re et de la m\u00e8re. Pour la m\u00e8re, il suffit que son nom apparaisse dans l\u2019acte de naissance pour que la maternit\u00e9 soit \u00e9tablie. En revanche, pour \u00e9tablir sa paternit\u00e9, le p\u00e8re doit faire une reconnaissance (avant ou apr\u00e8s la naissance de l\u2019enfant).<\/p>\n<p><u>Avant la naissance<\/u>\u00a0: le p\u00e8re et la m\u00e8re peuvent reconna\u00eetre leur enfant avant la naissance ensemble ou s\u00e9par\u00e9ment.<\/p>\n<p>La d\u00e9marche se fait dans n\u2019importe quelle mairie.<\/p>\n<p>Il suffit de pr\u00e9senter une pi\u00e8ce d\u2019identit\u00e9 et de faire une d\u00e9claration \u00e0 l\u2019\u00e9tat civil.<\/p>\n<p>L\u2019acte de reconnaissance est r\u00e9dig\u00e9 imm\u00e9diatement par l\u2019officier d\u2019\u00e9tat civil et sign\u00e9 par le parent concern\u00e9 ou par les deux en cas de reconnaissance conjointe. L\u2019officier d\u2019\u00e9tat civil remet une copie de l\u2019acte qu\u2019il faudra pr\u00e9senter lors de la d\u00e9claration de naissance.<\/p>\n<p><u>Au moment de la d\u00e9claration de naissance<\/u>\u00a0: le p\u00e8re peut le faire \u00e0 l\u2019occasion de la d\u00e9claration de naissance, c\u2019est-\u00e0-dire dans les 5 jours qui suivent la naissance. Elle est alors contenue dans l\u2019acte de naissance de l\u2019enfant. Il doit s\u2019adresser \u00e0 la mairie du lieu de naissance.<\/p>\n<p>\u00c0 l\u2019occasion de la naissance du premier enfant, un livret de famille est d\u00e9livr\u00e9.<\/p>\n<p><u>Apr\u00e8s la d\u00e9claration de naissance <\/u>\u00a0: la reconnaissance par le p\u00e8re peut se faire dans n\u2019importe quelle mairie.<\/p>\n<p>Il suffit de pr\u00e9senter une pi\u00e8ce d\u2019identit\u00e9 et de faire une d\u00e9claration \u00e0 l\u2019\u00e9tat civil.<\/p>\n<p>Il est conseill\u00e9, si on le poss\u00e8de, de se munir d\u2019un acte de naissance de l\u2019enfant ou du livret de famille.<\/p>\n<p>La mairie de naissance indiquera cette reconnaissance en mention de l\u2019acte de naissance de l\u2019enfant ainsi que dans le livret de famille.<\/p>\n<p>&nbsp;<\/p>\n<p><img decoding=\"async\" class=\"aligncenter\" src=\"http:\/\/anctovillesurboscq.fr\/wp-content\/uploads\/2018\/01\/mariage3945-2f725.jpg\" \/><\/p>\n<h3>Mariage<\/h3>\n<p>Le dossier doit \u00eatre d\u00e9pos\u00e9 \u00e0 la mairie de la commune choisie pour la c\u00e9r\u00e9monie (commune de domicile, de r\u00e9sidence ou d\u2019un parent).<\/p>\n<p>Chacun des futurs \u00e9poux doit fournir les pi\u00e8ces suivantes\u00a0:<\/p>\n<ul>\n<li>l\u2019original et une photocopie de la pi\u00e8ce d\u2019identit\u00e9,<\/li>\n<li>justificatif de domicile ou de r\u00e9sidence,<\/li>\n<li>informations sur les t\u00e9moins au nombre de deux minimum et quatre maximum\u00a0(noms, pr\u00e9noms, date et lieu de naissance, profession et domicile, copie de leur titre d\u2019identit\u00e9),<\/li>\n<li>copie int\u00e9grale d\u2019acte de naissance de 3 mois maximum si le service qui d\u00e9livre l\u2019acte est fran\u00e7ais (ou de 6 mois maximum si le service qui d\u00e9livre l\u2019acte est \u00e9tranger).<\/li>\n<\/ul>\n<p>S\u2019il est \u00e9tranger, le futur \u00e9poux doit fournir des documents sp\u00e9cifiques \u00e0 sa nationalit\u00e9 (se renseigner \u00e0 la mairie ou au consulat).<\/p>\n<p>Si un contrat de mariage est conclu, il faut fournir le certificat de notaire.<\/p>\n<p>Dans certaines situations familiales particuli\u00e8res (veuvage, par exemple), des pi\u00e8ces compl\u00e9mentaires peuvent \u00eatre demand\u00e9es.<\/p>\n<p><u>Publication des bans<\/u>\u00a0:<\/p>\n<p>L\u2019annonce officielle du prochain mariage est r\u00e9alis\u00e9e par la publication d\u2019avis appel\u00e9s bans.<\/p>\n<p>Ils contiennent les pr\u00e9noms, noms, professions, domiciles ou r\u00e9sidences des futurs \u00e9poux, ainsi que le lieu o\u00f9 le mariage doit \u00eatre c\u00e9l\u00e9br\u00e9.<\/p>\n<p>Ils sont affich\u00e9s \u00e0 la porte de la mairie du mariage, ainsi qu\u2019\u00e0 celle des mairies o\u00f9 l\u2019un ou l\u2019autre des \u00e9poux a son domicile.<\/p>\n<p>L\u2019affiche restera appos\u00e9e dix jours.<\/p>\n<p>Le mariage ne pourra \u00eatre c\u00e9l\u00e9br\u00e9 avant le 10<sup>\u00e8me<\/sup> jour, depuis et non compris celui de la publication . Le mariage pourra donc \u00eatre c\u00e9l\u00e9br\u00e9 d\u00e8s le 10<sup>\u00e8me<\/sup> jour.<\/p>\n<p>Ainsi pour un mariage devant \u00eatre c\u00e9l\u00e9br\u00e9 un samedi, la publication commencera au plus tard le mercredi de la semaine pr\u00e9c\u00e9dente.<\/p>\n<h3>Pacte civil de solidarit\u00e9<\/h3>\n<p><u>A partir du 1er novembre 2017<\/u> l\u2019enregistrement des Pacs est transf\u00e9r\u00e9 aux officiers d\u2019\u00e9tat civil en mairie, et ne se fait plus aupr\u00e8s du greffe d\u2019un tribunal d\u2019instance.<\/p>\n<p><u>Les futurs partenaires<\/u>\u00a0:<\/p>\n<ul>\n<li>doivent \u00eatre majeurs (le partenaire \u00e9tranger doit avoir l\u2019\u00e2ge de la majorit\u00e9 fix\u00e9e par son pays),<\/li>\n<li>doivent \u00eatre juridiquement capables (un majeur sous curatelle ou tutelle peut se pacser sous conditions),<\/li>\n<li>ne doivent pas \u00eatre d\u00e9j\u00e0 mari\u00e9s ou pacs\u00e9s,<\/li>\n<li>ne doivent pas avoir entre eux de liens familiaux directs.<\/li>\n<\/ul>\n<p>Pour faire enregistrer leur d\u00e9claration conjointe de Pacs, les partenaires qui ont leur r\u00e9sidence commune en France doivent s\u2019adresser\u00a0:<\/p>\n<ul>\n<li>soit \u00e0 l\u2019officier d\u2019\u00e9tat civil (en mairie) de la commune dans laquelle ils fixent leur r\u00e9sidence commune,<\/li>\n<li>soit \u00e0 un notaire.<\/li>\n<\/ul>\n<p>Les partenaires qui ont leur r\u00e9sidence commune \u00e0 l\u2019\u00e9tranger doivent s\u2019adresser au consulat de France comp\u00e9tent.<\/p>\n<p>Les futurs partenaires doivent se pr\u00e9senter en personne et ensemble.<\/p>\n<p>Les futurs partenaires doivent r\u00e9diger et signer une convention. Elle peut \u00e9galement \u00eatre r\u00e9dig\u00e9e par un notaire.<\/p>\n<p>Elle doit au minimum obligatoirement mentionner la r\u00e9f\u00e9rence \u00e0 la loi instituant le Pacs\u00a0: \u00ab\u00a0Nous, X et Y, concluons un pacte civil de solidarit\u00e9 r\u00e9gi par les dispositions de la loi du 15 novembre 1999 modifi\u00e9e et les articles 515-1 \u00e0 515-7 du code civil.\u00a0\u00bb<\/p>\n<p>Une seule convention pour les 2 partenaires doit \u00eatre r\u00e9dig\u00e9e.<\/p>\n<p><strong><u>Pi\u00e8ces \u00e0 fournir<\/u><\/strong>\u00a0:<\/p>\n<ul>\n<li>Convention de Pacs (Convention personnalis\u00e9e ou <a href=\"http:\/\/anctovillesurboscq.fr\/wp-content\/uploads\/2018\/01\/cerfa_15726-02.pdf\" target=\"_blank\" rel=\"noopener\">formulaire compl\u00e9t\u00e9 cerfa n\u00b0\u00a015726*02)<\/a><\/li>\n<li>D\u00e9claration conjointe d\u2019un Pacs et attestations sur l\u2019honneur de non-parent\u00e9, non-alliance et r\u00e9sidence commune (<a href=\"http:\/\/anctovillesurboscq.fr\/wp-content\/uploads\/2018\/01\/cerfa_15725-02.pdf\" target=\"_blank\" rel=\"noopener\">formulaire cerfa n\u00b0\u00a015725*02)<\/a><\/li>\n<li>Acte de naissance (copie int\u00e9grale ou extrait avec filiation) de moins de 3 mois pour le partenaire fran\u00e7ais ou de moins de 6 mois pour le partenaire \u00e9tranger n\u00e9 \u00e0 l\u2019\u00e9tranger<\/li>\n<li>Pi\u00e8ce d\u2019identit\u00e9 en cours de validit\u00e9.<\/li>\n<\/ul>\n<p><a href=\"http:\/\/anctovillesurboscq.fr\/wp-content\/uploads\/2018\/01\/notice-PACS.pdf\" target=\"_blank\" rel=\"noopener\">Notice explicative de d\u00e9claration, modification et dissolution d\u2019un pacte civil de solidarit\u00e9 (Pacs)<\/a>\u00a0(pour vous aider \u00e0 remplir le formulaire).<br \/>\nLe Pacs produit ses effets entre les partenaires \u00e0 la date de son enregistrement.<\/p>\n<p><a href=\"https:\/\/psl.service-public.fr\/mademarche\/depotDossierPACS\/demarche?execution=e1s1\" target=\"_blank\" rel=\"noopener\">Pr\u00e9-demande de Pacs en ligne<\/a><\/p>\n<h3>Le changement de pr\u00e9nom<\/h3>\n<p>Toute personne peut demander \u00e0 changer de pr\u00e9nom si elle justifie d\u2019un <strong><u>int\u00e9r\u00eat l\u00e9gitime<\/u><\/strong>.\u00a0Vous devez vous rendre \u00e0 la mairie de votre lieu de r\u00e9sidence ou de votre lieu de naissance.<\/p>\n<p>Pi\u00e8ces \u00e0 fournir\u00a0:<\/p>\n<ul>\n<li>Justifier de votre identit\u00e9 et de votre r\u00e9sidence<\/li>\n<\/ul>\n<ul>\n<li>une copie int\u00e9grale originale de votre acte de naissance, datant de moins de 3 mois\u00a0;<\/li>\n<li>une pi\u00e8ce d\u2019identit\u00e9 originale en cours de validit\u00e9\u00a0;<\/li>\n<li>un justificatif de domicile r\u00e9cent. Si vous \u00eates h\u00e9berg\u00e9 par un tiers, un justificatif de domicile r\u00e9cent de la personne qui vous h\u00e9berge devra \u00eatre fourni, accompagn\u00e9 d\u2019une attestation sur l\u2019honneur de ce dernier indiquant que vous r\u00e9sidez bien chez lui.<\/li>\n<\/ul>\n<ul>\n<li>Justifier l\u2019int\u00e9r\u00eat l\u00e9gitime de votre demande, en fonction de la situation, vous pouvez fournir des pi\u00e8ces relatives \u00e0 (cette liste est donn\u00e9e \u00e0 titre indicative et les \u00e9l\u00e9ments ne sont pas cumulatifs)\u00a0:<\/li>\n<\/ul>\n<ul>\n<li>votre enfance ou votre scolarit\u00e9\u00a0: certificat d\u2019accouchement, copie du carnet de sant\u00e9, copie du livret de famille, copies des dipl\u00f4mes, etc.<\/li>\n<li>votre vie professionnelle\u00a0: contrat de travail, attestation de coll\u00e8gues de travail (accompagn\u00e9es d\u2019une pi\u00e8ce d\u2019identit\u00e9), copies de courriels professionnels, etc.<\/li>\n<li>la vie administrative\u00a0: copies de pi\u00e8ces d\u2019identit\u00e9 anciennes ou actuelles, factures, avis d\u2019imposition, justificatifs de domicile, etc.<\/li>\n<li>Vous pourrez \u00e9galement joindre des certificats m\u00e9dicaux \u00e9tablissant de vos difficult\u00e9s rencontr\u00e9es par le port d\u2019un pr\u00e9nom d\u00e9termin\u00e9.<\/li>\n<\/ul>\n<p>Vous devrez remettre \u00e0 l\u2019officier de l\u2019\u00e9tat civil l\u2019ensemble des actes concern\u00e9s par le changement de pr\u00e9nom, dans le cas o\u00f9 celui-ci serait accept\u00e9. Suivant votre situation, vous devrez produire les copies int\u00e9grales originales des actes suivants\u00a0:<\/p>\n<ul>\n<li>votre acte de mariage\u00a0;<\/li>\n<li>l\u2019acte de naissance de votre \u00e9poux(se) ou partenaire de Pacs\u00a0;<\/li>\n<li>l\u2019acte de naissance de chacun de vos enfants.<\/li>\n<\/ul>\n<p><a href=\"http:\/\/anctovillesurboscq.fr\/wp-content\/uploads\/2018\/01\/formulaire-changement-de-pr\u00e9nom.pdf\" target=\"_blank\" rel=\"noopener\">Formulaire de changement de pr\u00e9nom.<\/a><\/p>\n","protected":false},"excerpt":{"rendered":"<p>Reconnaissance d\u2019un enfant Au sein d\u2019un couple non mari\u00e9, la filiation d\u2019un enfant s\u2019\u00e9tablit diff\u00e9remment \u00e0 l\u2019\u00e9gard du p\u00e8re et de la m\u00e8re. Pour la m\u00e8re, il suffit que son nom apparaisse dans l\u2019acte&#46;&#46;&#46;<\/p>\n","protected":false},"author":2,"featured_media":0,"parent":0,"menu_order":0,"comment_status":"closed","ping_status":"closed","template":"","meta":{"_monsterinsights_skip_tracking":false,"_monsterinsights_sitenote_active":false,"_monsterinsights_sitenote_note":"","_monsterinsights_sitenote_category":0,"footnotes":""},"class_list":["post-83","page","type-page","status-publish","hentry"],"_links":{"self":[{"href":"https:\/\/anctovillesurboscq.fr\/index.php?rest_route=\/wp\/v2\/pages\/83","targetHints":{"allow":["GET"]}}],"collection":[{"href":"https:\/\/anctovillesurboscq.fr\/index.php?rest_route=\/wp\/v2\/pages"}],"about":[{"href":"https:\/\/anctovillesurboscq.fr\/index.php?rest_route=\/wp\/v2\/types\/page"}],"author":[{"embeddable":true,"href":"https:\/\/anctovillesurboscq.fr\/index.php?rest_route=\/wp\/v2\/users\/2"}],"replies":[{"embeddable":true,"href":"https:\/\/anctovillesurboscq.fr\/index.php?rest_route=%2Fwp%2Fv2%2Fcomments&post=83"}],"version-history":[{"count":0,"href":"https:\/\/anctovillesurboscq.fr\/index.php?rest_route=\/wp\/v2\/pages\/83\/revisions"}],"wp:attachment":[{"href":"https:\/\/anctovillesurboscq.fr\/index.php?rest_route=%2Fwp%2Fv2%2Fmedia&parent=83"}],"curies":[{"name":"wp","href":"https:\/\/api.w.org\/{rel}","templated":true}]}}