{"id":8006,"date":"2025-02-28T15:25:47","date_gmt":"2025-02-28T14:25:47","guid":{"rendered":"https:\/\/anctovillesurboscq.fr\/?page_id=8006"},"modified":"2025-03-14T15:38:52","modified_gmt":"2025-03-14T14:38:52","slug":"politique-de-confidentialite","status":"publish","type":"page","link":"https:\/\/anctovillesurboscq.fr\/?page_id=8006","title":{"rendered":"Politique de confidentialit\u00e9"},"content":{"rendered":"\t\t<div data-elementor-type=\"wp-page\" data-elementor-id=\"8006\" class=\"elementor elementor-8006\">\n\t\t\t\t\t\t<section class=\"elementor-section elementor-top-section elementor-element elementor-element-87d1dab elementor-section-boxed elementor-section-height-default elementor-section-height-default\" data-id=\"87d1dab\" data-element_type=\"section\" data-e-type=\"section\">\n\t\t\t\t\t\t<div class=\"elementor-container elementor-column-gap-default\">\n\t\t\t\t\t<div class=\"elementor-column elementor-col-100 elementor-top-column elementor-element elementor-element-3ff05ed\" data-id=\"3ff05ed\" data-element_type=\"column\" data-e-type=\"column\">\n\t\t\t<div class=\"elementor-widget-wrap elementor-element-populated\">\n\t\t\t\t\t\t<div class=\"elementor-element elementor-element-650587d elementor-widget elementor-widget-text-editor\" data-id=\"650587d\" data-element_type=\"widget\" data-e-type=\"widget\" data-widget_type=\"text-editor.default\">\n\t\t\t\t<div class=\"elementor-widget-container\">\n\t\t\t\t\t\t\t\t\t<p>La mairie d&rsquo;Anctoville-sur-Boscq, en tant que Responsable de traitement, est sensible \u00e0 la protection de vos donn\u00e9es \u00e0 caract\u00e8re personnel. \u00c0 ce titre, la\u00a0pr\u00e9sente politique de confidentialit\u00e9 a pour objet de vous informer de la mani\u00e8re dont vos donn\u00e9es sont trait\u00e9es et vous assurer du respect de la r\u00e9glementation \u00e9tablie notamment par le R\u00e8glement Europ\u00e9en UE2016\/679 du 27 avril 2016 ainsi que de la loi 78-17 Informatique et Libert\u00e9s modifi\u00e9e du 6 janvier 1978.<\/p><p>Cette politique de confidentialit\u00e9 est applicable \u00e0 l&rsquo;ensemble du site internet et services, \u00e9dit\u00e9s et utilis\u00e9s par la mairie d&rsquo;Anctoville-sur-Boscq. Cette politique \u00e9tant vou\u00e9e \u00e0 \u00eatre mise \u00e0 jour selon les dispositions l\u00e9gales et les services propos\u00e9s par la mairie d&rsquo;Anctoville-sur-Boscq, nous vous invitons \u00e0 la consulter le plus fr\u00e9quemment possible.<\/p><ol><li><strong> Quelles donn\u00e9es personnelles sont collect\u00e9es ?<\/strong><\/li><\/ol><p>Plusieurs types de donn\u00e9es \u00e0 caract\u00e8re personnel peuvent \u00eatre collect\u00e9s sur le site et autres solutions digitales, notamment :<\/p><ul><li>Les donn\u00e9es relatives \u00e0 l&rsquo;identit\u00e9 (nom, pr\u00e9nom)<\/li><li>les coordonn\u00e9es de contact (adresse postale, email, t\u00e9l\u00e9phone) ;<\/li><\/ul><ol start=\"2\"><li><strong> Pourquoi certaines de mes donn\u00e9es sont-elles collect\u00e9es ?<\/strong><\/li><\/ol><p>Vos donn\u00e9es personnelles, recueillies par la mairie d&rsquo;Anctoville-sur-Boscq, nous permettent de :<\/p><ul><li>vous fournir des services : r\u00e9ponse aux demandes de contact, envoi de documentations ou d&rsquo;informations, de newsletter<\/li><li>vous offrir une navigation optimale sur le site : adaptation de l\u2019affichage en fonction du terminal utilis\u00e9, stockage des pr\u00e9f\u00e9rences, etc ;<\/li><li>vous proposer des fonctions de partage sur les r\u00e9seaux sociaux ;<\/li><li>r\u00e9aliser des analyses statistiques des visites sur notre site<\/li><\/ul><ol start=\"3\"><li><strong> Combien de temps mes donn\u00e9es sont-elles conserv\u00e9es ?<\/strong><\/li><\/ol><p>Les donn\u00e9es collect\u00e9es seront trait\u00e9es et conserv\u00e9es pendant la dur\u00e9e n\u00e9cessaire au regard des finalit\u00e9s pour lesquelles elles sont trait\u00e9es (Demande de contact\u00a0: 12 mois)<\/p><p>N\u00e9anmoins et conform\u00e9ment \u00e0 l&rsquo;article 5 du RGPD, certaines donn\u00e9es \u00e0 caract\u00e8re personnel pourront \u00eatre \u00ab\u00a0conserv\u00e9es pour des dur\u00e9es plus longues dans la mesure o\u00f9 elles seront trait\u00e9es exclusivement \u00e0 des fins archivistiques dans l&rsquo;int\u00e9r\u00eat public, \u00e0 des fins de recherche scientifique ou historique ou \u00e0 des fins statistiques\u00a0\u00bb.<\/p><ol start=\"4\"><li><strong> Qu&rsquo;en est-il de l&rsquo;utilisation des cookies ?<\/strong><\/li><\/ol><p>Un cookie est une suite d&rsquo;information envoy\u00e9e par un serveur \u00e0 un client ou visiteur. Sous forme de fichier informatique, il est d\u00e9pos\u00e9 sur le disque dur via le navigateur du client ou visiteur afin d&rsquo;y collecter des informations.<\/p><p><strong>Il existe plusieurs types de cookies :<\/strong><\/p><ul><li><strong>Les cookies techniques et strictement n\u00e9cessaires :<\/strong><\/li><\/ul><p>Ces cookies permettent d&rsquo;enregistrer les informations saisies par le client ou visiteur, de suivre la navigation d&rsquo;un client ou visiteur afin d&rsquo;assurer une qualit\u00e9 de navigation sur les pages visit\u00e9es, de mettre en \u0153uvre certaines mesures de s\u00e9curit\u00e9 et d&rsquo;acc\u00e9der \u00e0 votre espace personnel. Le site ne peut pas fonctionner correctement sans ces cookies.<\/p><ul><li><strong>Les cookies de mesure d&rsquo;audience et de statistique :<\/strong><\/li><\/ul><p>Ces cookies permettent d\u2019obtenir des donn\u00e9es concernant l\u2019utilisation de nos pages web et d&rsquo;en am\u00e9liorer certains aspects techniques et ergonomiques. Nous utilisons Google analytics pour mesurer l&rsquo;audience et effectuer des statistiques.<\/p><ul><li><strong>Les cookies publicitaires :<\/strong><\/li><\/ul><p>Ces cookies permettent de diffuser de la publicit\u00e9 personnalis\u00e9e dans les espaces r\u00e9serv\u00e9s sur notre site et nos applications, de comptabiliser les affichages des publicit\u00e9s ainsi que de reconna\u00eetre votre navigateur lors de prochaines visites sur notre site et nos applications. Ces cookies peuvent \u00eatre install\u00e9s par nous ou nos partenaires publicitaires. Ils permettront d&rsquo;\u00e9tablir un profil unique de visiteur.<\/p><ul><li><strong>Les cookies des r\u00e9seaux sociaux<\/strong><\/li><\/ul><p>Les cookies des r\u00e9seaux sociaux vous permettent de partager les contenus de notre site avec d\u2019autres personnes ou de faire conna\u00eetre votre opinion sur un contenu du site \u00e0 des tiers. Ces cookies tiers sont destin\u00e9s \u00e0 am\u00e9liorer l\u2019interactivit\u00e9 du site et son contenu multim\u00e9dia (Youtube, Facebook, Twitter&#8230;).<\/p><p><strong>Dur\u00e9e de conservation des cookies :<\/strong><\/p><p>Les dur\u00e9es de conservation des cookies n\u2019exc\u00e9deront pas 13 mois apr\u00e8s leur premier d\u00e9p\u00f4t dans le terminal des visiteurs. Un nouveau consentement sera demand\u00e9 \u00e0 l&rsquo;issue de ce d\u00e9lai.<\/p><p>Certains cookies techniques et fonctionnels sont essentiels et ne n\u00e9cessitent pas le consentement de l&rsquo;utilisateur.<\/p><p>Les autres cookies n\u00e9cessitent le consentement de l&rsquo;utilisateur qui peut le retirer \u00e0 tout moment.<\/p><p>Vous pouvez supprimer les cookies et ce, \u00e0 tout moment, en param\u00e9trant les pr\u00e9f\u00e9rences de votre navigateur \u00e0 partir des options de celui-ci. \u00c9galement, vous pouvez vous opposer \u00e0 l&rsquo;ensemble ou \u00e0 certains cookies en param\u00e9trant vos pr\u00e9f\u00e9rences de navigation ICI<\/p><ol start=\"5\"><li><strong> Sur quels fondements juridiques reposent les traitements de mes donn\u00e9es ?<\/strong><\/li><\/ol><p>Les traitements de vos donn\u00e9es collect\u00e9es ont pour bases l\u00e9gales :<\/p><ul><li>l\u2019int\u00e9r\u00eat l\u00e9gitime li\u00e9 \u00e0 nos activit\u00e9s et \u00e0 notre mission ;<\/li><li>le consentement<\/li><\/ul><ol start=\"6\"><li><strong> Quels sont les destinataires de mes donn\u00e9es ?<\/strong><\/li><\/ol><p>Les donn\u00e9es personnelles vous concernant ne seront destin\u00e9es qu&rsquo;aux services et personnes habilit\u00e9es \u00e0 les traiter, conform\u00e9ment aux finalit\u00e9s d\u00e9termin\u00e9es (agents de la collectivit\u00e9)<\/p><p>Ces donn\u00e9es peuvent \u00e9galement \u00eatre communiqu\u00e9es aux sous-traitants habilit\u00e9s pour la r\u00e9alisation des finalit\u00e9s du traitement.<\/p><ol start=\"7\"><li><strong> Mes donn\u00e9es sortiront-elles de l\u2019Union-Europ\u00e9enne ?<\/strong><\/li><\/ol><p>Vos donn\u00e9es personnelles sont h\u00e9berg\u00e9es au sein de l&rsquo;Union Europ\u00e9enne.<\/p><p>Pour autant, restant libre du choix de ses relations techniques et\/ou commerciales, la mairie d&rsquo;Anctoville-sur-Boscq se r\u00e9serve ainsi le droit d&rsquo;h\u00e9berger ou de transf\u00e9rer certaines donn\u00e9es aupr\u00e8s de sous-traitants \u00e9tablis en dehors de l&rsquo;Union Europ\u00e9enne \u00e0 la condition qu\u2019ils pr\u00e9sentent les garanties suffisantes au regard des exigences du RGPD, notamment si les pays pr\u00e9sentent un niveau ad\u00e9quat de protection, conform\u00e9ment aux articles 44 et suivants du R\u00e8glement Europ\u00e9en UE2016\/679 du 27 Avril 2016.<\/p><ol start=\"8\"><li><strong> Mes donn\u00e9es sont-elles s\u00e9curis\u00e9es lors de leurs traitements ?<\/strong><\/li><\/ol><p>Toutes les personnes ayant acc\u00e8s \u00e0 vos donn\u00e9es sont habilit\u00e9es et tenues par une obligation de confidentialit\u00e9.<\/p><p>\u00c0 ce titre et conform\u00e9ment \u00e0 l\u2019article 32 du RGPD,\u00a0la mairie d&rsquo;Anctoville-sur-Boscq ainsi que l\u2019ensemble des sous-traitants s\u2019engagent \u00e0 mettre en \u0153uvre toutes les mesures techniques et organisationnelles n\u00e9cessaires en vue de garantir la s\u00e9curit\u00e9 ainsi que la confidentialit\u00e9 des donn\u00e9es trait\u00e9es.<\/p><ol start=\"9\"><li><strong> Je poss\u00e8de diff\u00e9rents droits, comment puis-je les exercer ?<\/strong><\/li><\/ol><p>Conform\u00e9ment \u00e0 la loi Informatique et Libert\u00e9s du 6 janvier 1978 modifi\u00e9e, et au R\u00e8glement G\u00e9n\u00e9ral sur la Protection des Donn\u00e9es 2016\/679 du 27 avril 2016, vous disposez des droits d\u2019acc\u00e8s, de rectification, d\u2019effacement et de portabilit\u00e9, des donn\u00e9es personnelles vous concernant. Vous pouvez \u00e9galement obtenir la limitation du traitement de vos donn\u00e9es ou vous opposer \u00e0 leurs traitements pour un motif l\u00e9gitime.\u00a0<\/p><p>Vous pouvez exercer vos droits par mail \u00e0 : \u00a0mairie.anctovillesurboscq@wanadoo.fr <br \/>ou par courrier postal \u00e0 l\u2019adresse suivante : 1 place de la Mairie 50400 ANCTOVILLE SUR BOSCQ<\/p><p>Si vous estimez que vos droits ne sont pas respect\u00e9s, vous pouvez \u00e9galement introduire une r\u00e9clamation aupr\u00e8s de l\u2019autorit\u00e9 de contr\u00f4le comp\u00e9tente \u00e0 l&rsquo;adresse\u00a0<a href=\"https:\/\/www.cnil.fr\/plaintes\">https:\/\/www.cnil.fr\/plaintes<\/a>.<\/p><p>\u00a0<\/p>\t\t\t\t\t\t\t\t<\/div>\n\t\t\t\t<\/div>\n\t\t\t\t\t<\/div>\n\t\t<\/div>\n\t\t\t\t\t<\/div>\n\t\t<\/section>\n\t\t\t\t<\/div>\n\t\t","protected":false},"excerpt":{"rendered":"<p>La mairie d&rsquo;Anctoville-sur-Boscq, en tant que Responsable de traitement, est sensible \u00e0 la protection de vos donn\u00e9es \u00e0 caract\u00e8re personnel. \u00c0 ce titre, la\u00a0pr\u00e9sente politique de confidentialit\u00e9 a pour objet de vous informer de&#46;&#46;&#46;<\/p>\n","protected":false},"author":2,"featured_media":0,"parent":0,"menu_order":0,"comment_status":"closed","ping_status":"closed","template":"","meta":{"footnotes":""},"class_list":["post-8006","page","type-page","status-publish","hentry"],"_links":{"self":[{"href":"https:\/\/anctovillesurboscq.fr\/index.php?rest_route=\/wp\/v2\/pages\/8006"}],"collection":[{"href":"https:\/\/anctovillesurboscq.fr\/index.php?rest_route=\/wp\/v2\/pages"}],"about":[{"href":"https:\/\/anctovillesurboscq.fr\/index.php?rest_route=\/wp\/v2\/types\/page"}],"author":[{"embeddable":true,"href":"https:\/\/anctovillesurboscq.fr\/index.php?rest_route=\/wp\/v2\/users\/2"}],"replies":[{"embeddable":true,"href":"https:\/\/anctovillesurboscq.fr\/index.php?rest_route=%2Fwp%2Fv2%2Fcomments&post=8006"}],"version-history":[{"count":0,"href":"https:\/\/anctovillesurboscq.fr\/index.php?rest_route=\/wp\/v2\/pages\/8006\/revisions"}],"wp:attachment":[{"href":"https:\/\/anctovillesurboscq.fr\/index.php?rest_route=%2Fwp%2Fv2%2Fmedia&parent=8006"}],"curies":[{"name":"wp","href":"https:\/\/api.w.org\/{rel}","templated":true}]}}