{"id":547,"date":"2018-02-05T14:48:00","date_gmt":"2018-02-05T13:48:00","guid":{"rendered":"http:\/\/anctovillesurboscq.fr\/?page_id=547"},"modified":"2023-07-24T11:31:51","modified_gmt":"2023-07-24T09:31:51","slug":"curiosites-et-monuments","status":"publish","type":"page","link":"https:\/\/anctovillesurboscq.fr\/?page_id=547","title":{"rendered":"Curiosit\u00e9s et monuments"},"content":{"rendered":"\t\t<div data-elementor-type=\"wp-page\" data-elementor-id=\"547\" class=\"elementor elementor-547\">\n\t\t\t\t\t\t<section class=\"elementor-section elementor-top-section elementor-element elementor-element-b39c4f8 elementor-section-boxed elementor-section-height-default elementor-section-height-default\" data-id=\"b39c4f8\" data-element_type=\"section\" data-e-type=\"section\">\n\t\t\t\t\t\t<div class=\"elementor-container elementor-column-gap-default\">\n\t\t\t\t\t<div class=\"elementor-column elementor-col-100 elementor-top-column elementor-element elementor-element-b83c04f\" data-id=\"b83c04f\" data-element_type=\"column\" data-e-type=\"column\">\n\t\t\t<div class=\"elementor-widget-wrap elementor-element-populated\">\n\t\t\t\t\t\t<div class=\"elementor-element elementor-element-8b3921b elementor-widget elementor-widget-heading\" data-id=\"8b3921b\" data-element_type=\"widget\" data-e-type=\"widget\" data-widget_type=\"heading.default\">\n\t\t\t\t<div class=\"elementor-widget-container\">\n\t\t\t\t\t<h2 class=\"elementor-heading-title elementor-size-default\">EGLISE SAINT-MARTIN<\/h2>\t\t\t\t<\/div>\n\t\t\t\t<\/div>\n\t\t\t\t\t<\/div>\n\t\t<\/div>\n\t\t\t\t\t<\/div>\n\t\t<\/section>\n\t\t\t\t<section class=\"elementor-section elementor-top-section elementor-element elementor-element-a5e284b elementor-section-boxed elementor-section-height-default elementor-section-height-default\" data-id=\"a5e284b\" data-element_type=\"section\" data-e-type=\"section\">\n\t\t\t\t\t\t<div class=\"elementor-container elementor-column-gap-default\">\n\t\t\t\t\t<div class=\"elementor-column elementor-col-100 elementor-top-column elementor-element elementor-element-49c2637\" data-id=\"49c2637\" data-element_type=\"column\" data-e-type=\"column\">\n\t\t\t<div class=\"elementor-widget-wrap elementor-element-populated\">\n\t\t\t\t\t\t<div class=\"elementor-element elementor-element-f6fbb37 elementor-widget elementor-widget-text-editor\" data-id=\"f6fbb37\" data-element_type=\"widget\" data-e-type=\"widget\" data-widget_type=\"text-editor.default\">\n\t\t\t\t<div class=\"elementor-widget-container\">\n\t\t\t\t\t\t\t\t\t<p>Saint Martin est repr\u00e9sent\u00e9 dans l\u2019\u00e9glise sur une verri\u00e8re du 13\u00e8me si\u00e8cle avec les attributs d\u2019un \u00c9v\u00eaque\u00a0: la mitre et la crosse, symboles de sa fonction<\/p>\t\t\t\t\t\t\t\t<\/div>\n\t\t\t\t<\/div>\n\t\t\t\t\t<\/div>\n\t\t<\/div>\n\t\t\t\t\t<\/div>\n\t\t<\/section>\n\t\t\t\t<section class=\"elementor-section elementor-top-section elementor-element elementor-element-42d7d08 elementor-section-boxed elementor-section-height-default elementor-section-height-default\" data-id=\"42d7d08\" data-element_type=\"section\" data-e-type=\"section\">\n\t\t\t\t\t\t<div class=\"elementor-container elementor-column-gap-default\">\n\t\t\t\t\t<div class=\"elementor-column elementor-col-100 elementor-top-column elementor-element elementor-element-bf24254\" data-id=\"bf24254\" data-element_type=\"column\" data-e-type=\"column\">\n\t\t\t<div class=\"elementor-widget-wrap elementor-element-populated\">\n\t\t\t\t\t\t<div class=\"elementor-element elementor-element-5399147 elementor-arrows-position-inside elementor-pagination-position-outside elementor-widget elementor-widget-image-carousel\" data-id=\"5399147\" data-element_type=\"widget\" data-e-type=\"widget\" data-settings=\"{&quot;navigation&quot;:&quot;both&quot;,&quot;autoplay&quot;:&quot;yes&quot;,&quot;pause_on_hover&quot;:&quot;yes&quot;,&quot;pause_on_interaction&quot;:&quot;yes&quot;,&quot;autoplay_speed&quot;:5000,&quot;infinite&quot;:&quot;yes&quot;,&quot;speed&quot;:500}\" data-widget_type=\"image-carousel.default\">\n\t\t\t\t<div class=\"elementor-widget-container\">\n\t\t\t\t\t\t\t<div class=\"elementor-image-carousel-wrapper swiper\" role=\"region\" aria-roledescription=\"carousel\" aria-label=\"Carrousel d\u2019images\" dir=\"ltr\">\n\t\t\t<div class=\"elementor-image-carousel swiper-wrapper\" aria-live=\"off\">\n\t\t\t\t\t\t\t\t<div class=\"swiper-slide\" role=\"group\" aria-roledescription=\"slide\" aria-label=\"1 sur 4\"><figure class=\"swiper-slide-inner\"><img decoding=\"async\" class=\"swiper-slide-image\" src=\"https:\/\/anctovillesurboscq.fr\/wp-content\/uploads\/2023\/06\/IMG_20200618_191322-150x150.jpg\" alt=\"IMG_20200618_191322\" \/><\/figure><\/div><div class=\"swiper-slide\" role=\"group\" aria-roledescription=\"slide\" aria-label=\"2 sur 4\"><figure class=\"swiper-slide-inner\"><img decoding=\"async\" class=\"swiper-slide-image\" src=\"https:\/\/anctovillesurboscq.fr\/wp-content\/uploads\/2023\/07\/Interieur-eglise-150x150.jpg\" alt=\"Int\u00e9rieur \u00e9glise\" \/><\/figure><\/div><div class=\"swiper-slide\" role=\"group\" aria-roledescription=\"slide\" aria-label=\"3 sur 4\"><figure class=\"swiper-slide-inner\"><img decoding=\"async\" class=\"swiper-slide-image\" src=\"https:\/\/anctovillesurboscq.fr\/wp-content\/uploads\/2023\/07\/Interieur-eglise-2-150x150.jpg\" alt=\"Int\u00e9rieur \u00e9glise 2\" \/><\/figure><\/div><div class=\"swiper-slide\" role=\"group\" aria-roledescription=\"slide\" aria-label=\"4 sur 4\"><figure class=\"swiper-slide-inner\"><img decoding=\"async\" class=\"swiper-slide-image\" src=\"https:\/\/anctovillesurboscq.fr\/wp-content\/uploads\/2023\/07\/Photos-03.2013-061-150x150.jpg\" alt=\"Photos 03.2013 061\" \/><\/figure><\/div>\t\t\t<\/div>\n\t\t\t\t\t\t\t\t\t\t\t\t<div class=\"elementor-swiper-button elementor-swiper-button-prev\" role=\"button\" tabindex=\"0\">\n\t\t\t\t\t\t<i aria-hidden=\"true\" class=\"eicon-chevron-left\"><\/i>\t\t\t\t\t<\/div>\n\t\t\t\t\t<div class=\"elementor-swiper-button elementor-swiper-button-next\" role=\"button\" tabindex=\"0\">\n\t\t\t\t\t\t<i aria-hidden=\"true\" class=\"eicon-chevron-right\"><\/i>\t\t\t\t\t<\/div>\n\t\t\t\t\n\t\t\t\t\t\t\t\t\t<div class=\"swiper-pagination\"><\/div>\n\t\t\t\t\t\t\t\t\t<\/div>\n\t\t\t\t\t\t<\/div>\n\t\t\t\t<\/div>\n\t\t\t\t\t<\/div>\n\t\t<\/div>\n\t\t\t\t\t<\/div>\n\t\t<\/section>\n\t\t\t\t<section class=\"elementor-section elementor-top-section elementor-element elementor-element-9a7769b elementor-section-boxed elementor-section-height-default elementor-section-height-default\" data-id=\"9a7769b\" data-element_type=\"section\" data-e-type=\"section\">\n\t\t\t\t\t\t<div class=\"elementor-container elementor-column-gap-default\">\n\t\t\t\t\t<div class=\"elementor-column elementor-col-100 elementor-top-column elementor-element elementor-element-70e67ed\" data-id=\"70e67ed\" data-element_type=\"column\" data-e-type=\"column\">\n\t\t\t<div class=\"elementor-widget-wrap elementor-element-populated\">\n\t\t\t\t\t\t<div class=\"elementor-element elementor-element-40af961 elementor-widget elementor-widget-heading\" data-id=\"40af961\" data-element_type=\"widget\" data-e-type=\"widget\" data-widget_type=\"heading.default\">\n\t\t\t\t<div class=\"elementor-widget-container\">\n\t\t\t\t\t<h2 class=\"elementor-heading-title elementor-size-default\">Balade en bocage anctovillais<\/h2>\t\t\t\t<\/div>\n\t\t\t\t<\/div>\n\t\t\t\t\t<\/div>\n\t\t<\/div>\n\t\t\t\t\t<\/div>\n\t\t<\/section>\n\t\t\t\t<section class=\"elementor-section elementor-top-section elementor-element elementor-element-e36baf3 elementor-section-boxed elementor-section-height-default elementor-section-height-default\" data-id=\"e36baf3\" data-element_type=\"section\" data-e-type=\"section\">\n\t\t\t\t\t\t<div class=\"elementor-container elementor-column-gap-default\">\n\t\t\t\t\t<div class=\"elementor-column elementor-col-100 elementor-top-column elementor-element elementor-element-e7557b8\" data-id=\"e7557b8\" data-element_type=\"column\" data-e-type=\"column\">\n\t\t\t<div class=\"elementor-widget-wrap elementor-element-populated\">\n\t\t\t\t\t\t<div class=\"elementor-element elementor-element-68685af elementor-widget elementor-widget-text-editor\" data-id=\"68685af\" data-element_type=\"widget\" data-e-type=\"widget\" data-widget_type=\"text-editor.default\">\n\t\t\t\t<div class=\"elementor-widget-container\">\n\t\t\t\t\t\t\t\t\t<p>Anctoville-sur-Boscq est une commune rurale qui se caract\u00e9rise par la pr\u00e9sence forte d\u2019une ambiance paysag\u00e8re dominante\u00a0: le bocage normand.<\/p><p>La rivi\u00e8re du Boscq et le ruisseau du Pont C\u00e9 viennent entailler la commune lui donnant un aspect vallonn\u00e9.<\/p>\t\t\t\t\t\t\t\t<\/div>\n\t\t\t\t<\/div>\n\t\t\t\t\t<\/div>\n\t\t<\/div>\n\t\t\t\t\t<\/div>\n\t\t<\/section>\n\t\t\t\t<section class=\"elementor-section elementor-top-section elementor-element elementor-element-6fa09448 elementor-section-boxed elementor-section-height-default elementor-section-height-default\" data-id=\"6fa09448\" data-element_type=\"section\" data-e-type=\"section\">\n\t\t\t\t\t\t<div class=\"elementor-container elementor-column-gap-default\">\n\t\t\t\t\t<div class=\"elementor-column elementor-col-100 elementor-top-column elementor-element elementor-element-7247deec\" data-id=\"7247deec\" data-element_type=\"column\" data-e-type=\"column\">\n\t\t\t<div class=\"elementor-widget-wrap elementor-element-populated\">\n\t\t\t\t\t\t<div class=\"elementor-element elementor-element-33279eee elementor-widget elementor-widget-text-editor\" data-id=\"33279eee\" data-element_type=\"widget\" data-e-type=\"widget\" data-widget_type=\"text-editor.default\">\n\t\t\t\t<div class=\"elementor-widget-container\">\n\t\t\t\t\t\t\t\t\t<p><div class=\"su-button-center\"><a href=\"http:\/\/anctovillesurboscq.fr\/wp-content\/uploads\/2018\/01\/ATLAS_PDIPR_ANCTOVILLE-SUR-BOSCQ_VERSO1810.pdf\" class=\"su-button su-button-style-soft su-button-wide\" style=\"color:#FFFFFF;background-color:#3a800c;border-color:#2f670a;border-radius:13px\" target=\"_self\"><span style=\"color:#FFFFFF;padding:10px 32px;font-size:23px;line-height:35px;border-color:#76a755;border-radius:13px;text-shadow:none\"><i class=\"sui sui-arrow-right\" style=\"font-size:23px;color:#FFFFFF\"><\/i> <strong>Plan d\u00e9partemental des itin\u00e9raires de promenade et de randonn\u00e9e<\/strong><\/span><\/a><\/div><\/p><p><div class=\"su-button-center\"><a href=\"http:\/\/anctovillesurboscq.fr\/wp-content\/uploads\/2018\/01\/circuit_balade_en_bocage_anctovillais0213.pdf\" class=\"su-button su-button-style-soft su-button-wide\" style=\"color:#FFFFFF;background-color:#3a800c;border-color:#2f670a;border-radius:13px\" target=\"_self\"><span style=\"color:#FFFFFF;padding:10px 32px;font-size:23px;line-height:35px;border-color:#76a755;border-radius:13px;text-shadow:none\"><i class=\"sui sui-arrow-right\" style=\"font-size:23px;color:#FFFFFF\"><\/i> <strong>Plan balade en bocage Anctovillais<\/strong><\/span><\/a><\/div><\/p><p><div class=\"su-button-center\"><a href=\"http:\/\/www.asso-nature-loisirs-saint-planchers.com\/\" class=\"su-button su-button-style-default su-button-wide\" style=\"color:#FFFFFF;background-color:#3a800c;border-color:#2f670a;border-radius:5px\" target=\"_blank\" rel=\"noopener noreferrer\"><span style=\"color:#FFFFFF;padding:8px 26px;font-size:20px;line-height:30px;border-color:#76a755;border-radius:5px;text-shadow:none\"><i class=\"sui sui-share\" style=\"font-size:20px;color:#FFFFFF\"><\/i> <strong>Association NATURE et LOISIRS Plan-Guide des chemins de Saint-Planchers et des environs<\/strong> <\/span><\/a><\/div><\/p><p><div class=\"su-button-center\"><a href=\"https:\/\/www.tourisme-granville-terre-mer.com\/a-voir-a-faire\/balades-randos\/balades-et-randos-a-pied-a-velo-en-vtt\/19-balades-en-famille-fiches-topo-numeros-1-a-9\" class=\"su-button su-button-style-default su-button-wide\" style=\"color:#FFFFFF;background-color:#3a800c;border-color:#2f670a;border-radius:5px\" target=\"_blank\" rel=\"noopener noreferrer\"><span style=\"color:#FFFFFF;padding:8px 26px;font-size:20px;line-height:30px;border-color:#76a755;border-radius:5px;text-shadow:none\"><i class=\"sui sui-share\" style=\"font-size:20px;color:#FFFFFF\"><\/i> <strong>Balades en famille et petites randonn\u00e9es<\/strong>\u00a0<\/span><\/a><\/div><\/p>\t\t\t\t\t\t\t\t<\/div>\n\t\t\t\t<\/div>\n\t\t\t\t\t<\/div>\n\t\t<\/div>\n\t\t\t\t\t<\/div>\n\t\t<\/section>\n\t\t\t\t<section class=\"elementor-section elementor-top-section elementor-element elementor-element-118dde4 elementor-section-boxed elementor-section-height-default elementor-section-height-default\" data-id=\"118dde4\" data-element_type=\"section\" data-e-type=\"section\">\n\t\t\t\t\t\t<div class=\"elementor-container elementor-column-gap-default\">\n\t\t\t\t\t<div class=\"elementor-column elementor-col-100 elementor-top-column elementor-element elementor-element-a789f21\" data-id=\"a789f21\" data-element_type=\"column\" data-e-type=\"column\">\n\t\t\t<div class=\"elementor-widget-wrap elementor-element-populated\">\n\t\t\t\t\t\t<div class=\"elementor-element elementor-element-54a43e1 elementor-arrows-position-inside elementor-pagination-position-outside elementor-widget elementor-widget-image-carousel\" data-id=\"54a43e1\" data-element_type=\"widget\" data-e-type=\"widget\" data-settings=\"{&quot;slides_to_show&quot;:&quot;2&quot;,&quot;navigation&quot;:&quot;both&quot;,&quot;autoplay&quot;:&quot;yes&quot;,&quot;pause_on_hover&quot;:&quot;yes&quot;,&quot;pause_on_interaction&quot;:&quot;yes&quot;,&quot;autoplay_speed&quot;:5000,&quot;infinite&quot;:&quot;yes&quot;,&quot;speed&quot;:500}\" data-widget_type=\"image-carousel.default\">\n\t\t\t\t<div class=\"elementor-widget-container\">\n\t\t\t\t\t\t\t<div class=\"elementor-image-carousel-wrapper swiper\" role=\"region\" aria-roledescription=\"carousel\" aria-label=\"Carrousel d\u2019images\" dir=\"ltr\">\n\t\t\t<div class=\"elementor-image-carousel swiper-wrapper\" aria-live=\"off\">\n\t\t\t\t\t\t\t\t<div class=\"swiper-slide\" role=\"group\" aria-roledescription=\"slide\" aria-label=\"1 sur 10\"><figure class=\"swiper-slide-inner\"><img decoding=\"async\" class=\"swiper-slide-image\" src=\"https:\/\/anctovillesurboscq.fr\/wp-content\/uploads\/2018\/02\/Le-Manoir-300x225.jpg\" alt=\"Le Manoir\" \/><\/figure><\/div><div class=\"swiper-slide\" role=\"group\" aria-roledescription=\"slide\" aria-label=\"2 sur 10\"><figure class=\"swiper-slide-inner\"><img decoding=\"async\" class=\"swiper-slide-image\" src=\"https:\/\/anctovillesurboscq.fr\/wp-content\/uploads\/2018\/02\/Le-Boscq-chemin-du-vieux-moulin-300x225.jpg\" alt=\"Le Boscq (chemin du vieux moulin)\" \/><\/figure><\/div><div class=\"swiper-slide\" role=\"group\" aria-roledescription=\"slide\" aria-label=\"3 sur 10\"><figure class=\"swiper-slide-inner\"><img decoding=\"async\" class=\"swiper-slide-image\" src=\"https:\/\/anctovillesurboscq.fr\/wp-content\/uploads\/2018\/02\/Le-long-Sillon-300x225.jpg\" alt=\"Le long Sillon\" \/><\/figure><\/div><div class=\"swiper-slide\" role=\"group\" aria-roledescription=\"slide\" aria-label=\"4 sur 10\"><figure class=\"swiper-slide-inner\"><img decoding=\"async\" class=\"swiper-slide-image\" src=\"https:\/\/anctovillesurboscq.fr\/wp-content\/uploads\/2018\/02\/Chemin-du-Merle-300x225.jpg\" alt=\"Chemin du Merle\" \/><\/figure><\/div><div class=\"swiper-slide\" role=\"group\" aria-roledescription=\"slide\" aria-label=\"5 sur 10\"><figure class=\"swiper-slide-inner\"><img decoding=\"async\" class=\"swiper-slide-image\" src=\"https:\/\/anctovillesurboscq.fr\/wp-content\/uploads\/2018\/02\/Chemin-de-la-Croix-300x225.jpg\" alt=\"Chemin de la Croix\" \/><\/figure><\/div><div class=\"swiper-slide\" role=\"group\" aria-roledescription=\"slide\" aria-label=\"6 sur 10\"><figure class=\"swiper-slide-inner\"><img decoding=\"async\" class=\"swiper-slide-image\" src=\"https:\/\/anctovillesurboscq.fr\/wp-content\/uploads\/2018\/02\/Chemin-du-Vieux-Moulin-300x225.jpg\" alt=\"Chemin du Vieux Moulin\" \/><\/figure><\/div><div class=\"swiper-slide\" role=\"group\" aria-roledescription=\"slide\" aria-label=\"7 sur 10\"><figure class=\"swiper-slide-inner\"><img decoding=\"async\" class=\"swiper-slide-image\" src=\"https:\/\/anctovillesurboscq.fr\/wp-content\/uploads\/2023\/07\/DSC03156-300x200.jpg\" alt=\"DSC03156\" \/><\/figure><\/div><div class=\"swiper-slide\" role=\"group\" aria-roledescription=\"slide\" aria-label=\"8 sur 10\"><figure class=\"swiper-slide-inner\"><img decoding=\"async\" class=\"swiper-slide-image\" src=\"https:\/\/anctovillesurboscq.fr\/wp-content\/uploads\/2023\/07\/DSC03158-300x200.jpg\" alt=\"DSC03158\" \/><\/figure><\/div><div class=\"swiper-slide\" role=\"group\" aria-roledescription=\"slide\" aria-label=\"9 sur 10\"><figure class=\"swiper-slide-inner\"><img decoding=\"async\" class=\"swiper-slide-image\" src=\"https:\/\/anctovillesurboscq.fr\/wp-content\/uploads\/2023\/07\/IMG_20220608_155743-225x300.jpg\" alt=\"IMG_20220608_155743\" \/><\/figure><\/div><div class=\"swiper-slide\" role=\"group\" aria-roledescription=\"slide\" aria-label=\"10 sur 10\"><figure class=\"swiper-slide-inner\"><img decoding=\"async\" class=\"swiper-slide-image\" src=\"https:\/\/anctovillesurboscq.fr\/wp-content\/uploads\/2023\/07\/1652648199554-225x300.jpg\" alt=\"1652648199554\" \/><\/figure><\/div>\t\t\t<\/div>\n\t\t\t\t\t\t\t\t\t\t\t\t<div class=\"elementor-swiper-button elementor-swiper-button-prev\" role=\"button\" tabindex=\"0\">\n\t\t\t\t\t\t<i aria-hidden=\"true\" class=\"eicon-chevron-left\"><\/i>\t\t\t\t\t<\/div>\n\t\t\t\t\t<div class=\"elementor-swiper-button elementor-swiper-button-next\" role=\"button\" tabindex=\"0\">\n\t\t\t\t\t\t<i aria-hidden=\"true\" class=\"eicon-chevron-right\"><\/i>\t\t\t\t\t<\/div>\n\t\t\t\t\n\t\t\t\t\t\t\t\t\t<div class=\"swiper-pagination\"><\/div>\n\t\t\t\t\t\t\t\t\t<\/div>\n\t\t\t\t\t\t<\/div>\n\t\t\t\t<\/div>\n\t\t\t\t\t<\/div>\n\t\t<\/div>\n\t\t\t\t\t<\/div>\n\t\t<\/section>\n\t\t\t\t<\/div>\n\t\t","protected":false},"excerpt":{"rendered":"<p>EGLISE SAINT-MARTIN Saint Martin est repr\u00e9sent\u00e9 dans l\u2019\u00e9glise sur une verri\u00e8re du 13\u00e8me si\u00e8cle avec les attributs d\u2019un \u00c9v\u00eaque\u00a0: la mitre et la crosse, symboles de sa fonction Balade en bocage anctovillais Anctoville-sur-Boscq est&#46;&#46;&#46;<\/p>\n","protected":false},"author":2,"featured_media":0,"parent":0,"menu_order":0,"comment_status":"closed","ping_status":"closed","template":"","meta":{"_monsterinsights_skip_tracking":false,"_monsterinsights_sitenote_active":false,"_monsterinsights_sitenote_note":"","_monsterinsights_sitenote_category":0,"footnotes":""},"class_list":["post-547","page","type-page","status-publish","hentry"],"_links":{"self":[{"href":"https:\/\/anctovillesurboscq.fr\/index.php?rest_route=\/wp\/v2\/pages\/547","targetHints":{"allow":["GET"]}}],"collection":[{"href":"https:\/\/anctovillesurboscq.fr\/index.php?rest_route=\/wp\/v2\/pages"}],"about":[{"href":"https:\/\/anctovillesurboscq.fr\/index.php?rest_route=\/wp\/v2\/types\/page"}],"author":[{"embeddable":true,"href":"https:\/\/anctovillesurboscq.fr\/index.php?rest_route=\/wp\/v2\/users\/2"}],"replies":[{"embeddable":true,"href":"https:\/\/anctovillesurboscq.fr\/index.php?rest_route=%2Fwp%2Fv2%2Fcomments&post=547"}],"version-history":[{"count":0,"href":"https:\/\/anctovillesurboscq.fr\/index.php?rest_route=\/wp\/v2\/pages\/547\/revisions"}],"wp:attachment":[{"href":"https:\/\/anctovillesurboscq.fr\/index.php?rest_route=%2Fwp%2Fv2%2Fmedia&parent=547"}],"curies":[{"name":"wp","href":"https:\/\/api.w.org\/{rel}","templated":true}]}}