{"id":5200,"date":"2022-04-01T14:44:02","date_gmt":"2022-04-01T12:44:02","guid":{"rendered":"https:\/\/anctovillesurboscq.fr\/?page_id=5200"},"modified":"2022-04-01T14:57:29","modified_gmt":"2022-04-01T12:57:29","slug":"transports-nomad","status":"publish","type":"page","link":"https:\/\/anctovillesurboscq.fr\/?page_id=5200","title":{"rendered":"Transports NOMAD"},"content":{"rendered":"\t\t<div data-elementor-type=\"wp-page\" data-elementor-id=\"5200\" class=\"elementor elementor-5200\">\n\t\t\t\t\t\t<section class=\"elementor-section elementor-top-section elementor-element elementor-element-ac835a6 elementor-section-boxed elementor-section-height-default elementor-section-height-default\" data-id=\"ac835a6\" data-element_type=\"section\" data-e-type=\"section\">\n\t\t\t\t\t\t<div class=\"elementor-container elementor-column-gap-default\">\n\t\t\t\t\t<div class=\"elementor-column elementor-col-100 elementor-top-column elementor-element elementor-element-fba45c3\" data-id=\"fba45c3\" data-element_type=\"column\" data-e-type=\"column\">\n\t\t\t<div class=\"elementor-widget-wrap elementor-element-populated\">\n\t\t\t\t\t\t<div class=\"elementor-element elementor-element-67b818c elementor-widget elementor-widget-heading\" data-id=\"67b818c\" data-element_type=\"widget\" data-e-type=\"widget\" data-widget_type=\"heading.default\">\n\t\t\t\t<div class=\"elementor-widget-container\">\n\t\t\t\t\t<h2 class=\"elementor-heading-title elementor-size-default\">Pour vos d\u00e9placements dans la Manche<\/h2>\t\t\t\t<\/div>\n\t\t\t\t<\/div>\n\t\t\t\t\t<\/div>\n\t\t<\/div>\n\t\t\t\t\t<\/div>\n\t\t<\/section>\n\t\t\t\t<section class=\"elementor-section elementor-top-section elementor-element elementor-element-b328bc4 elementor-section-boxed elementor-section-height-default elementor-section-height-default\" data-id=\"b328bc4\" data-element_type=\"section\" data-e-type=\"section\">\n\t\t\t\t\t\t<div class=\"elementor-container elementor-column-gap-default\">\n\t\t\t\t\t<div class=\"elementor-column elementor-col-100 elementor-top-column elementor-element elementor-element-355e493\" data-id=\"355e493\" data-element_type=\"column\" data-e-type=\"column\">\n\t\t\t<div class=\"elementor-widget-wrap elementor-element-populated\">\n\t\t\t\t\t\t<div class=\"elementor-element elementor-element-7e68921 elementor-widget elementor-widget-text-editor\" data-id=\"7e68921\" data-element_type=\"widget\" data-e-type=\"widget\" data-widget_type=\"text-editor.default\">\n\t\t\t\t<div class=\"elementor-widget-container\">\n\t\t\t\t\t\t\t\t\t<p>La <strong>r\u00e9seau Nomad Manche<\/strong> de la R\u00e9gion Normandie propose <strong>3 types de transport <\/strong>diff\u00e9rents sur l\u2019ensemble du d\u00e9partement de la Manche pour r\u00e9pondre aux besoins de ses habitants et de ses visiteurs.<\/p>\t\t\t\t\t\t\t\t<\/div>\n\t\t\t\t<\/div>\n\t\t\t\t\t<\/div>\n\t\t<\/div>\n\t\t\t\t\t<\/div>\n\t\t<\/section>\n\t\t\t\t<section class=\"elementor-section elementor-top-section elementor-element elementor-element-4157eca elementor-section-boxed elementor-section-height-default elementor-section-height-default\" data-id=\"4157eca\" data-element_type=\"section\" data-e-type=\"section\">\n\t\t\t\t\t\t<div class=\"elementor-container elementor-column-gap-default\">\n\t\t\t\t\t<div class=\"elementor-column elementor-col-100 elementor-top-column elementor-element elementor-element-9497335\" data-id=\"9497335\" data-element_type=\"column\" data-e-type=\"column\">\n\t\t\t<div class=\"elementor-widget-wrap elementor-element-populated\">\n\t\t\t\t\t\t<div class=\"elementor-element elementor-element-67aaf3a elementor-widget elementor-widget-heading\" data-id=\"67aaf3a\" data-element_type=\"widget\" data-e-type=\"widget\" data-widget_type=\"heading.default\">\n\t\t\t\t<div class=\"elementor-widget-container\">\n\t\t\t\t\t<h5 class=\"elementor-heading-title elementor-size-default\">TRANSPORT SCOLAIRE<\/h5>\t\t\t\t<\/div>\n\t\t\t\t<\/div>\n\t\t\t\t\t<\/div>\n\t\t<\/div>\n\t\t\t\t\t<\/div>\n\t\t<\/section>\n\t\t\t\t<section class=\"elementor-section elementor-top-section elementor-element elementor-element-093bf99 elementor-section-boxed elementor-section-height-default elementor-section-height-default\" data-id=\"093bf99\" data-element_type=\"section\" data-e-type=\"section\">\n\t\t\t\t\t\t<div class=\"elementor-container elementor-column-gap-default\">\n\t\t\t\t\t<div class=\"elementor-column elementor-col-100 elementor-top-column elementor-element elementor-element-c66c34c\" data-id=\"c66c34c\" data-element_type=\"column\" data-e-type=\"column\">\n\t\t\t<div class=\"elementor-widget-wrap elementor-element-populated\">\n\t\t\t\t\t\t<div class=\"elementor-element elementor-element-e9a1d59 elementor-widget elementor-widget-text-editor\" data-id=\"e9a1d59\" data-element_type=\"widget\" data-e-type=\"widget\" data-widget_type=\"text-editor.default\">\n\t\t\t\t<div class=\"elementor-widget-container\">\n\t\t\t\t\t\t\t\t\t<p>Les circuits scolaires sont organis\u00e9s pour les \u00e9l\u00e8ves <strong>de la maternelle au niveau baccalaur\u00e9at<\/strong> inscrits dans un \u00e9tablissement public ou priv\u00e9 sous contrat avec le Minist\u00e8re de l\u2019Education Nationale, de l\u2019Agriculture ou de la Transition Ecologique et Solidaire.<\/p><p style=\"text-align: center;\"><strong>Pour conna\u00eetre les modalit\u00e9s d\u2019inscription et les tarifs, consultez le site <\/strong><a href=\"https:\/\/www.normandie.fr\/transport-scolaire\">nomad.normandie.fr<\/a><\/p>\t\t\t\t\t\t\t\t<\/div>\n\t\t\t\t<\/div>\n\t\t\t\t\t<\/div>\n\t\t<\/div>\n\t\t\t\t\t<\/div>\n\t\t<\/section>\n\t\t\t\t<section class=\"elementor-section elementor-top-section elementor-element elementor-element-8d53463 elementor-section-boxed elementor-section-height-default elementor-section-height-default\" data-id=\"8d53463\" data-element_type=\"section\" data-e-type=\"section\">\n\t\t\t\t\t\t<div class=\"elementor-container elementor-column-gap-default\">\n\t\t\t\t\t<div class=\"elementor-column elementor-col-100 elementor-top-column elementor-element elementor-element-e7fbe02\" data-id=\"e7fbe02\" data-element_type=\"column\" data-e-type=\"column\">\n\t\t\t<div class=\"elementor-widget-wrap elementor-element-populated\">\n\t\t\t\t\t\t<div class=\"elementor-element elementor-element-b1a923c elementor-widget elementor-widget-heading\" data-id=\"b1a923c\" data-element_type=\"widget\" data-e-type=\"widget\" data-widget_type=\"heading.default\">\n\t\t\t\t<div class=\"elementor-widget-container\">\n\t\t\t\t\t<h5 class=\"elementor-heading-title elementor-size-default\">LIGNES REGULIERES<\/h5>\t\t\t\t<\/div>\n\t\t\t\t<\/div>\n\t\t\t\t\t<\/div>\n\t\t<\/div>\n\t\t\t\t\t<\/div>\n\t\t<\/section>\n\t\t\t\t<section class=\"elementor-section elementor-top-section elementor-element elementor-element-2d2dd5a elementor-section-boxed elementor-section-height-default elementor-section-height-default\" data-id=\"2d2dd5a\" data-element_type=\"section\" data-e-type=\"section\">\n\t\t\t\t\t\t<div class=\"elementor-container elementor-column-gap-default\">\n\t\t\t\t\t<div class=\"elementor-column elementor-col-100 elementor-top-column elementor-element elementor-element-bac85cc\" data-id=\"bac85cc\" data-element_type=\"column\" data-e-type=\"column\">\n\t\t\t<div class=\"elementor-widget-wrap elementor-element-populated\">\n\t\t\t\t\t\t<div class=\"elementor-element elementor-element-d82eb9b elementor-widget elementor-widget-text-editor\" data-id=\"d82eb9b\" data-element_type=\"widget\" data-e-type=\"widget\" data-widget_type=\"text-editor.default\">\n\t\t\t\t<div class=\"elementor-widget-container\">\n\t\t\t\t\t\t\t\t\t<p><strong>Le r\u00e9seau de 9 lignes quotidiennes et de 2 lignes estivales <\/strong>propose une offre de services en cars Nomad toute l\u2019ann\u00e9e (3 allers-retours en moyenne le matin et le soir dans chaque sens, sans compter les services de milieu de journ\u00e9e). Possibilit\u00e9 d\u2019achat du titre de transport sur smartphone avec l\u2019appli gratuite ATOUMOD M. TICKET.<\/p><p style=\"text-align: center;\"><strong>Pour connaitre les horaires, consulter le site <\/strong><a href=\"https:\/\/www.normandie.fr\/manche-lignes-regulieres\">nomad.normandie.fr \/ rubrique Horaires et itin\u00e9raires <\/a><a href=\"https:\/\/www.normandie.fr\/manche-lignes-regulieres\">\u2013<\/a> <a href=\"https:\/\/www.normandie.fr\/manche-lignes-regulieres\">Manche <\/a><a href=\"https:\/\/www.normandie.fr\/manche-lignes-regulieres\">&#8211; <\/a><a href=\"https:\/\/www.normandie.fr\/manche-lignes-regulieres\">Lignes r\u00e9guli\u00e8res<\/a><\/p>\t\t\t\t\t\t\t\t<\/div>\n\t\t\t\t<\/div>\n\t\t\t\t\t<\/div>\n\t\t<\/div>\n\t\t\t\t\t<\/div>\n\t\t<\/section>\n\t\t\t\t<section class=\"elementor-section elementor-top-section elementor-element elementor-element-9b18076 elementor-section-boxed elementor-section-height-default elementor-section-height-default\" data-id=\"9b18076\" data-element_type=\"section\" data-e-type=\"section\">\n\t\t\t\t\t\t<div class=\"elementor-container elementor-column-gap-default\">\n\t\t\t\t\t<div class=\"elementor-column elementor-col-100 elementor-top-column elementor-element elementor-element-3a830ba\" data-id=\"3a830ba\" data-element_type=\"column\" data-e-type=\"column\">\n\t\t\t<div class=\"elementor-widget-wrap elementor-element-populated\">\n\t\t\t\t\t\t<div class=\"elementor-element elementor-element-7709635 elementor-widget elementor-widget-heading\" data-id=\"7709635\" data-element_type=\"widget\" data-e-type=\"widget\" data-widget_type=\"heading.default\">\n\t\t\t\t<div class=\"elementor-widget-container\">\n\t\t\t\t\t<h5 class=\"elementor-heading-title elementor-size-default\">TRANSPORT A LA DEMANDE<\/h5>\t\t\t\t<\/div>\n\t\t\t\t<\/div>\n\t\t\t\t\t<\/div>\n\t\t<\/div>\n\t\t\t\t\t<\/div>\n\t\t<\/section>\n\t\t\t\t<section class=\"elementor-section elementor-top-section elementor-element elementor-element-f82db70 elementor-section-boxed elementor-section-height-default elementor-section-height-default\" data-id=\"f82db70\" data-element_type=\"section\" data-e-type=\"section\">\n\t\t\t\t\t\t<div class=\"elementor-container elementor-column-gap-default\">\n\t\t\t\t\t<div class=\"elementor-column elementor-col-100 elementor-top-column elementor-element elementor-element-231ff33\" data-id=\"231ff33\" data-element_type=\"column\" data-e-type=\"column\">\n\t\t\t<div class=\"elementor-widget-wrap elementor-element-populated\">\n\t\t\t\t\t\t<div class=\"elementor-element elementor-element-ded1b2d elementor-widget elementor-widget-text-editor\" data-id=\"ded1b2d\" data-element_type=\"widget\" data-e-type=\"widget\" data-widget_type=\"text-editor.default\">\n\t\t\t\t<div class=\"elementor-widget-container\">\n\t\t\t\t\t\t\t\t\t<p>2 types de transport \u00e0 la demande sont propos\u00e9s aux habitants de la Manche (hors Agglom\u00e9rations), sans condition d\u2019\u00e2ge ni de ressources. Ces services fonctionnent <strong>uniquement sur r\u00e9servation<\/strong> qui doit se faire au plus tard la veille du d\u00e9placement avant 16h (jours ouvrables) en contactant le <strong>02 22 55 00 10.<\/strong><\/p><p>L\u2019heure de prise en charge de l\u2019usager est syst\u00e9matiquement confirm\u00e9e apr\u00e8s 16h la veille de son trajet.<\/p><h3><span style=\"text-decoration: underline;\">Navettes vers lignes r\u00e9guli\u00e8res<\/span><\/h3><p>Un syst\u00e8me de navettes est propos\u00e9, selon les secteurs, \u00e0 raison d\u2019un aller-retour par jour du lundi au vendredi, pour permettre d\u2019acc\u00e9der aux lignes r\u00e9guli\u00e8res. La prise en charge se fait \u00e0 la mairie de la commune de l\u2019usager (sauf pour les personnes \u00e0 mobilit\u00e9 r\u00e9duite qui sont prises en charge \u00e0 leur domicile).<\/p><h3><span style=\"text-decoration: underline;\">Transport de proximit\u00e9<\/span><\/h3><p>Ce service permet de faciliter les d\u00e9placements des personnes en milieu rural. Il propose une \u00e0 quatre fois par semaine de rejoindre des p\u00f4les attractifs (march\u00e9s, p\u00f4les de sant\u00e9, activit\u00e9s jeunesse\u2026 ) sur des demies journ\u00e9es. Les jours, les lieux d\u2019arriv\u00e9e et de d\u00e9part et les horaires sont fixes. La prise en charge se fait au domicile de l\u2019usager.<\/p><p style=\"text-align: center;\"><strong>Pour connaitre les horaires : consultez le site<\/strong> <a href=\"https:\/\/www.normandie.fr\/manche-lignes-regulieres\">nomad.normandie.fr \/ rubrique Horaires et Itin\u00e9raires <\/a><a href=\"https:\/\/www.normandie.fr\/manche-lignes-regulieres\">\u2013 <\/a><a href=\"https:\/\/www.normandie.fr\/manche-lignes-regulieres\">Manche <\/a><a href=\"https:\/\/www.normandie.fr\/manche-lignes-regulieres\">&#8211;<\/a> <a href=\"https:\/\/www.normandie.fr\/manche-lignes-regulieres\">Transport \u00e0 la demande<\/a> <strong>\u00a0<\/strong><\/p>\t\t\t\t\t\t\t\t<\/div>\n\t\t\t\t<\/div>\n\t\t\t\t\t<\/div>\n\t\t<\/div>\n\t\t\t\t\t<\/div>\n\t\t<\/section>\n\t\t\t\t<section class=\"elementor-section elementor-top-section elementor-element elementor-element-5a829db elementor-section-boxed elementor-section-height-default elementor-section-height-default\" data-id=\"5a829db\" data-element_type=\"section\" data-e-type=\"section\">\n\t\t\t\t\t\t<div class=\"elementor-container elementor-column-gap-default\">\n\t\t\t\t\t<div class=\"elementor-column elementor-col-100 elementor-top-column elementor-element elementor-element-de53dab\" data-id=\"de53dab\" data-element_type=\"column\" data-e-type=\"column\">\n\t\t\t<div class=\"elementor-widget-wrap elementor-element-populated\">\n\t\t\t\t\t\t<div class=\"elementor-element elementor-element-77dea5a elementor-widget elementor-widget-text-editor\" data-id=\"77dea5a\" data-element_type=\"widget\" data-e-type=\"widget\" data-widget_type=\"text-editor.default\">\n\t\t\t\t<div class=\"elementor-widget-container\">\n\t\t\t\t\t\t\t\t\t<p><strong>Pour tous renseignements :<\/strong><\/p><ul><li><strong>Site internet : nomad.normandie.fr<\/strong><\/li><li><strong>Mail : nomad-car@normandie.fr<\/strong><\/li><li><strong>Tel : 02 22 55 00 10<\/strong><\/li><\/ul>\t\t\t\t\t\t\t\t<\/div>\n\t\t\t\t<\/div>\n\t\t\t\t\t<\/div>\n\t\t<\/div>\n\t\t\t\t\t<\/div>\n\t\t<\/section>\n\t\t\t\t<section class=\"elementor-section elementor-top-section elementor-element elementor-element-6bde6bb elementor-section-boxed elementor-section-height-default elementor-section-height-default\" data-id=\"6bde6bb\" data-element_type=\"section\" data-e-type=\"section\">\n\t\t\t\t\t\t<div class=\"elementor-container elementor-column-gap-default\">\n\t\t\t\t\t<div class=\"elementor-column elementor-col-100 elementor-top-column elementor-element elementor-element-d8b7f7d\" data-id=\"d8b7f7d\" data-element_type=\"column\" data-e-type=\"column\">\n\t\t\t<div class=\"elementor-widget-wrap elementor-element-populated\">\n\t\t\t\t\t\t<div class=\"elementor-element elementor-element-8202fea elementor-widget elementor-widget-text-editor\" data-id=\"8202fea\" data-element_type=\"widget\" data-e-type=\"widget\" data-widget_type=\"text-editor.default\">\n\t\t\t\t<div class=\"elementor-widget-container\">\n\t\t\t\t\t\t\t\t\t<p>Pensez \u00e0 t\u00e9l\u00e9charger gratuitement<strong> l\u2019application NOMAD CAR NORMANDIE<\/strong> pour recevoir des notifications sur l\u2019actualit\u00e9 du r\u00e9seau r\u00e9gional routier Nomad (alertes perturbations, intemp\u00e9ries, \u00e9v\u00e9nements \u2026,) <strong>\u00a0<\/strong><\/p>\t\t\t\t\t\t\t\t<\/div>\n\t\t\t\t<\/div>\n\t\t\t\t\t<\/div>\n\t\t<\/div>\n\t\t\t\t\t<\/div>\n\t\t<\/section>\n\t\t\t\t<\/div>\n\t\t","protected":false},"excerpt":{"rendered":"<p>Pour vos d\u00e9placements dans la Manche La r\u00e9seau Nomad Manche de la R\u00e9gion Normandie propose 3 types de transport diff\u00e9rents sur l\u2019ensemble du d\u00e9partement de la Manche pour r\u00e9pondre aux besoins de ses habitants&#46;&#46;&#46;<\/p>\n","protected":false},"author":2,"featured_media":0,"parent":0,"menu_order":0,"comment_status":"closed","ping_status":"closed","template":"","meta":{"_monsterinsights_skip_tracking":false,"_monsterinsights_sitenote_active":false,"_monsterinsights_sitenote_note":"","_monsterinsights_sitenote_category":0,"footnotes":""},"class_list":["post-5200","page","type-page","status-publish","hentry"],"_links":{"self":[{"href":"https:\/\/anctovillesurboscq.fr\/index.php?rest_route=\/wp\/v2\/pages\/5200","targetHints":{"allow":["GET"]}}],"collection":[{"href":"https:\/\/anctovillesurboscq.fr\/index.php?rest_route=\/wp\/v2\/pages"}],"about":[{"href":"https:\/\/anctovillesurboscq.fr\/index.php?rest_route=\/wp\/v2\/types\/page"}],"author":[{"embeddable":true,"href":"https:\/\/anctovillesurboscq.fr\/index.php?rest_route=\/wp\/v2\/users\/2"}],"replies":[{"embeddable":true,"href":"https:\/\/anctovillesurboscq.fr\/index.php?rest_route=%2Fwp%2Fv2%2Fcomments&post=5200"}],"version-history":[{"count":0,"href":"https:\/\/anctovillesurboscq.fr\/index.php?rest_route=\/wp\/v2\/pages\/5200\/revisions"}],"wp:attachment":[{"href":"https:\/\/anctovillesurboscq.fr\/index.php?rest_route=%2Fwp%2Fv2%2Fmedia&parent=5200"}],"curies":[{"name":"wp","href":"https:\/\/api.w.org\/{rel}","templated":true}]}}