{"id":482,"date":"2018-02-04T22:47:39","date_gmt":"2018-02-04T21:47:39","guid":{"rendered":"http:\/\/anctovillesurboscq.fr\/?page_id=482"},"modified":"2020-09-18T10:50:38","modified_gmt":"2020-09-18T08:50:38","slug":"la-communaute-de-communes-granville-terre-et-mer","status":"publish","type":"page","link":"https:\/\/anctovillesurboscq.fr\/?page_id=482","title":{"rendered":"Granville Terre et Mer"},"content":{"rendered":"<p><img decoding=\"async\" class=\"wp-image-638 size-medium\" title=\"La Communaut\u00e9 de Communes Granville Terre et Mer\" src=\"http:\/\/anctovillesurboscq.fr\/wp-content\/uploads\/2018\/02\/Communaut\u00e9-de-Communes-Granville-Terre-et-Mer-300x112.png\" alt=\"La Communaut\u00e9 de Communes Granville Terre et Mer\" width=\"300\" height=\"112\" srcset=\"https:\/\/anctovillesurboscq.fr\/wp-content\/uploads\/2018\/02\/Communaut\u00e9-de-Communes-Granville-Terre-et-Mer-300x112.png 300w, https:\/\/anctovillesurboscq.fr\/wp-content\/uploads\/2018\/02\/Communaut\u00e9-de-Communes-Granville-Terre-et-Mer.png 313w\" sizes=\"(max-width: 300px) 100vw, 300px\" \/><\/p>\n<p>La Communaut\u00e9 de Communes <a href=\"http:\/\/www.granville-terre-mer.fr\/\" target=\"_blank\" rel=\"noopener noreferrer\">Granville Terre et Mer<\/a> s\u2019\u00e9tend sur 283 km\u00b2 pour une population totale de 44 276 habitants.<\/p>\n<p>Cet Etablissement Public de Coop\u00e9ration Intercommunale (EPCI) est le fruit du regroupement volontaire de 32 communes, qui ont d\u00e9cid\u00e9 de s\u2019unir pour mener \u00e0 bien un projet commun porteur d\u2019avenir.<\/p>\n<p>La cr\u00e9ation de Granville, Terre et Mer r\u00e9sulte v\u00e9ritablement d\u2019une logique de territoire, fond\u00e9e sur le respect des bassins de vie locaux et la volont\u00e9 d\u2019offrir aux habitants des services toujours plus proches de leurs pr\u00e9occupations.<\/p>\n<p>Liste des communes membres de Granville Terre et Mer\u00a0:<\/p>\n<p><a href=\"http:\/\/anctovillesurboscq.fr\/\">Anctoville-sur-Boscq<\/a> &#8211; Beauchamps &#8211; <a href=\"http:\/\/www.ville-brehal.fr\/\" target=\"_blank\" rel=\"noopener noreferrer\">Br\u00e9hal<\/a> &#8211; <a href=\"https:\/\/www.mairie-brevillesurmer.fr\/\" target=\"_blank\" rel=\"noopener noreferrer\">Br\u00e9ville-sur-mer<\/a> &#8211; <a href=\"http:\/\/www.bricqueville-sur-mer.fr\/\" target=\"_blank\" rel=\"noopener noreferrer\">Bricqueville-sur-mer<\/a> &#8211; <a href=\"http:\/\/www.ville-carolles.fr\/\" target=\"_blank\" rel=\"noopener noreferrer\">Carolles<\/a> &#8211; <a href=\"http:\/\/www.cerences.fr\/\" target=\"_blank\" rel=\"noopener noreferrer\">C\u00e9rences<\/a> &#8211; Champeaux &#8211; Chanteloup &#8211; Coudeville-sur-mer &#8211; <a href=\"http:\/\/www.ville-donville-les-bains.fr\/web\/index.php\" target=\"_blank\" rel=\"noopener noreferrer\">Donville-les-Bains<\/a> &#8211; Equilly &#8211; <a href=\"http:\/\/www.commune-folligny.fr\/\" target=\"_blank\" rel=\"noopener noreferrer\">Folligny<\/a> &#8211; <a href=\"http:\/\/www.ville-granville.fr\/\" target=\"_blank\" rel=\"noopener noreferrer\">Granville<\/a> &#8211; Hocquigny &#8211; Hudimesnil &#8211; <a href=\"http:\/\/www.jullouville.com\/\" target=\"_blank\" rel=\"noopener noreferrer\">Jullouville<\/a> &#8211; <a href=\"http:\/\/www.lahayepesnel.fr\/\" target=\"_blank\" rel=\"noopener noreferrer\">La Haye-Pesnel<\/a> &#8211; La Lucerne-d\u2019Outremer &#8211; La Meurdraqui\u00e8re &#8211; La Mouche &#8211; Le Loreur &#8211; Le Mesnil-Aubert &#8211; <a href=\"http:\/\/longueville-manche.fr\/\" target=\"_blank\" rel=\"noopener noreferrer\">Longueville<\/a> &#8211; Muneville-sur-mer &#8211; <a href=\"http:\/\/www.saint-aubin-des-preaux.fr\/\" target=\"_blank\" rel=\"noopener noreferrer\">Saint-Aubin-des-Pr\u00e9aux<\/a> &#8211; Saint-Jean-des-Champs &#8211; <a href=\"http:\/\/www.saintpairsurmer.fr\/\" target=\"_blank\" rel=\"noopener noreferrer\">Saint-Pair-sur-mer<\/a> &#8211; Saint-Pierre-Langers &#8211; <a href=\"https:\/\/mairiestplanchers.fr\/\" target=\"_blank\" rel=\"noopener noreferrer\">Saint-Planchers<\/a> &#8211; Saint-Sauveur-la-Pommeraye &#8211; <a href=\"https:\/\/mairie-yquelon.fr\/\" target=\"_blank\" rel=\"noopener noreferrer\">Yquelon<\/a>.<div class=\"su-box su-box-style-soft\" id=\"\" style=\"border-color:#074d00;border-radius:3px;max-width:none\"><div class=\"su-box-title\" style=\"background-color:#3a800c;color:#FFFFFF;border-top-left-radius:1px;border-top-right-radius:1px\">Communaut\u00e9 de Communes Granville Terre et Mer<\/div><div class=\"su-box-content su-u-clearfix su-u-trim\" style=\"border-bottom-left-radius:1px;border-bottom-right-radius:1px\">197, avenue des Vend\u00e9ens<\/p>\n<p>BP 231<\/p>\n<p>50402 Granville Cedex<\/p>\n<p>T\u00e9l.\u00a0: 02 33 91 38 60<\/p>\n<p>Fax\u00a0: 02 33 91 38 61<\/p>\n<p>Courriel\u00a0: contact@granville-terre-mer.fr<\/p>\n<p>Site Internet\u00a0: www.granville-terre-mer.fr<\/p>\n<p>Ouverture au public\u00a0: Lundi \u00e0 jeudi\u00a0: 8h30-12h30 \/ 13h30-17h30 Vendredi\u00a0: 8h30-12h30 \/ 13h30-16h30 <\/div><\/div>\n\n\n<figure class=\"wp-block-image size-large\"><img fetchpriority=\"high\" decoding=\"async\" width=\"724\" height=\"1024\" src=\"https:\/\/anctovillesurboscq.fr\/wp-content\/uploads\/2020\/09\/2020-Cartographie-maires-724x1024.jpg\" alt=\"\" class=\"wp-image-2843\" srcset=\"https:\/\/anctovillesurboscq.fr\/wp-content\/uploads\/2020\/09\/2020-Cartographie-maires-724x1024.jpg 724w, https:\/\/anctovillesurboscq.fr\/wp-content\/uploads\/2020\/09\/2020-Cartographie-maires-212x300.jpg 212w, https:\/\/anctovillesurboscq.fr\/wp-content\/uploads\/2020\/09\/2020-Cartographie-maires-768x1086.jpg 768w, https:\/\/anctovillesurboscq.fr\/wp-content\/uploads\/2020\/09\/2020-Cartographie-maires-1086x1536.jpg 1086w, https:\/\/anctovillesurboscq.fr\/wp-content\/uploads\/2020\/09\/2020-Cartographie-maires-1448x2048.jpg 1448w, https:\/\/anctovillesurboscq.fr\/wp-content\/uploads\/2020\/09\/2020-Cartographie-maires-1320x1867.jpg 1320w\" sizes=\"(max-width: 724px) 100vw, 724px\" \/><\/figure>\n","protected":false},"excerpt":{"rendered":"<p>La Communaut\u00e9 de Communes Granville Terre et Mer s\u2019\u00e9tend sur 283 km\u00b2 pour une population totale de 44 276 habitants. Cet Etablissement Public de Coop\u00e9ration Intercommunale (EPCI) est le fruit du regroupement volontaire de&#46;&#46;&#46;<\/p>\n","protected":false},"author":2,"featured_media":0,"parent":0,"menu_order":0,"comment_status":"closed","ping_status":"closed","template":"","meta":{"_monsterinsights_skip_tracking":false,"_monsterinsights_sitenote_active":false,"_monsterinsights_sitenote_note":"","_monsterinsights_sitenote_category":0,"footnotes":""},"class_list":["post-482","page","type-page","status-publish","hentry"],"_links":{"self":[{"href":"https:\/\/anctovillesurboscq.fr\/index.php?rest_route=\/wp\/v2\/pages\/482","targetHints":{"allow":["GET"]}}],"collection":[{"href":"https:\/\/anctovillesurboscq.fr\/index.php?rest_route=\/wp\/v2\/pages"}],"about":[{"href":"https:\/\/anctovillesurboscq.fr\/index.php?rest_route=\/wp\/v2\/types\/page"}],"author":[{"embeddable":true,"href":"https:\/\/anctovillesurboscq.fr\/index.php?rest_route=\/wp\/v2\/users\/2"}],"replies":[{"embeddable":true,"href":"https:\/\/anctovillesurboscq.fr\/index.php?rest_route=%2Fwp%2Fv2%2Fcomments&post=482"}],"version-history":[{"count":0,"href":"https:\/\/anctovillesurboscq.fr\/index.php?rest_route=\/wp\/v2\/pages\/482\/revisions"}],"wp:attachment":[{"href":"https:\/\/anctovillesurboscq.fr\/index.php?rest_route=%2Fwp%2Fv2%2Fmedia&parent=482"}],"curies":[{"name":"wp","href":"https:\/\/api.w.org\/{rel}","templated":true}]}}