{"id":479,"date":"2018-02-04T22:40:05","date_gmt":"2018-02-04T21:40:05","guid":{"rendered":"http:\/\/anctovillesurboscq.fr\/?page_id=479"},"modified":"2022-02-21T10:53:45","modified_gmt":"2022-02-21T09:53:45","slug":"action-sociale-commune-danctoville-sur-boscq","status":"publish","type":"page","link":"https:\/\/anctovillesurboscq.fr\/?page_id=479","title":{"rendered":"Action sociale"},"content":{"rendered":"\t\t<div data-elementor-type=\"wp-page\" data-elementor-id=\"479\" class=\"elementor elementor-479\">\n\t\t\t\t\t\t<section class=\"elementor-section elementor-top-section elementor-element elementor-element-15aabccc elementor-section-boxed elementor-section-height-default elementor-section-height-default\" data-id=\"15aabccc\" data-element_type=\"section\" data-e-type=\"section\">\n\t\t\t\t\t\t<div class=\"elementor-container elementor-column-gap-default\">\n\t\t\t\t\t<div class=\"elementor-column elementor-col-100 elementor-top-column elementor-element elementor-element-47184aa8\" data-id=\"47184aa8\" data-element_type=\"column\" data-e-type=\"column\">\n\t\t\t<div class=\"elementor-widget-wrap elementor-element-populated\">\n\t\t\t\t\t\t<div class=\"elementor-element elementor-element-3db6dbdc elementor-widget elementor-widget-text-editor\" data-id=\"3db6dbdc\" data-element_type=\"widget\" data-e-type=\"widget\" data-widget_type=\"text-editor.default\">\n\t\t\t\t<div class=\"elementor-widget-container\">\n\t\t\t\t\t\t\t\t\t<p><\/p>\n<h1 class=\"wp-block-heading\">CLIC \/ SAG<\/h1>\n<p><\/p>\n<p><\/p>\n<p>Le CLIC (Centre Local d\u2019Information et de Coordination)<\/p>\n<p><\/p>\n<p><\/p>\n<p>SAG (Secteur d\u2019Actions G\u00e9rontologiques)<\/p>\n<p><\/p>\n<p><\/p>\n<p>Contact\u00a0: centre m\u00e9dico-social 15 rue de la gare 50400 Granville<br \/>T\u00e9l \u00a0: 02 33 59 49 49<br \/>Mail \u00a0: clicbassingranvillais@orange.fr<\/p>\n<p><\/p>\n<p><\/p>\n<p>Service permettant aux personnes \u00e2g\u00e9es, handicap\u00e9es et aux familles de s\u2019informer, d\u2019\u00eatre conseill\u00e9es et orient\u00e9es vers les structures correspondant \u00e0 leur demande. Ouverture du lundi au vendredi de 10h00 \u00e0 12h00<\/p>\n<p><\/p>\n<p><!-- \/wp:paragraph --><\/p>\n<p><!-- wp:paragraph --><\/p>\n<p><!-- \/wp:paragraph --><\/p>\t\t\t\t\t\t\t\t<\/div>\n\t\t\t\t<\/div>\n\t\t\t\t\t<\/div>\n\t\t<\/div>\n\t\t\t\t\t<\/div>\n\t\t<\/section>\n\t\t\t\t<section class=\"elementor-section elementor-top-section elementor-element elementor-element-d27183c elementor-section-boxed elementor-section-height-default elementor-section-height-default\" data-id=\"d27183c\" data-element_type=\"section\" data-e-type=\"section\">\n\t\t\t\t\t\t<div class=\"elementor-container elementor-column-gap-default\">\n\t\t\t\t\t<div class=\"elementor-column elementor-col-100 elementor-top-column elementor-element elementor-element-b75e97a\" data-id=\"b75e97a\" data-element_type=\"column\" data-e-type=\"column\">\n\t\t\t<div class=\"elementor-widget-wrap elementor-element-populated\">\n\t\t\t\t\t\t<div class=\"elementor-element elementor-element-87e63b2 elementor-widget elementor-widget-heading\" data-id=\"87e63b2\" data-element_type=\"widget\" data-e-type=\"widget\" data-widget_type=\"heading.default\">\n\t\t\t\t<div class=\"elementor-widget-container\">\n\t\t\t\t\t<h2 class=\"elementor-heading-title elementor-size-large\">Liste des structures d'aide \u00e0 domicile pouvant intervenir dans le cadre de l'APA<\/h2>\t\t\t\t<\/div>\n\t\t\t\t<\/div>\n\t\t\t\t\t<\/div>\n\t\t<\/div>\n\t\t\t\t\t<\/div>\n\t\t<\/section>\n\t\t\t\t<section class=\"elementor-section elementor-top-section elementor-element elementor-element-8169b14 elementor-section-boxed elementor-section-height-default elementor-section-height-default\" data-id=\"8169b14\" data-element_type=\"section\" data-e-type=\"section\">\n\t\t\t\t\t\t<div class=\"elementor-container elementor-column-gap-default\">\n\t\t\t\t\t<div class=\"elementor-column elementor-col-100 elementor-top-column elementor-element elementor-element-b8301b3\" data-id=\"b8301b3\" data-element_type=\"column\" data-e-type=\"column\">\n\t\t\t<div class=\"elementor-widget-wrap elementor-element-populated\">\n\t\t\t\t\t\t<div class=\"elementor-element elementor-element-55d8d17 elementor-widget elementor-widget-text-editor\" data-id=\"55d8d17\" data-element_type=\"widget\" data-e-type=\"widget\" data-widget_type=\"text-editor.default\">\n\t\t\t\t<div class=\"elementor-widget-container\">\n\t\t\t\t\t\t\t\t\t<h4><strong>ADESSA<\/strong><\/h4>\n<p>48 rue Tourville 50200 COUTANCES<\/p>\n<p>02.33.45.14.82<\/p>\n<p><a href=\"https:\/\/www.adessamanche.com\/\" target=\"_blank\" rel=\"noopener\">www.adessamanche.com<\/a><\/p>\n<p>accueil@adessamanche.com<\/p>\t\t\t\t\t\t\t\t<\/div>\n\t\t\t\t<\/div>\n\t\t\t\t\t<\/div>\n\t\t<\/div>\n\t\t\t\t\t<\/div>\n\t\t<\/section>\n\t\t\t\t<section class=\"elementor-section elementor-top-section elementor-element elementor-element-11b0026 elementor-section-boxed elementor-section-height-default elementor-section-height-default\" data-id=\"11b0026\" data-element_type=\"section\" data-e-type=\"section\">\n\t\t\t\t\t\t<div class=\"elementor-container elementor-column-gap-default\">\n\t\t\t\t\t<div class=\"elementor-column elementor-col-100 elementor-top-column elementor-element elementor-element-1e03271\" data-id=\"1e03271\" data-element_type=\"column\" data-e-type=\"column\">\n\t\t\t<div class=\"elementor-widget-wrap elementor-element-populated\">\n\t\t\t\t\t\t<div class=\"elementor-element elementor-element-fd3cbd5 elementor-widget elementor-widget-text-editor\" data-id=\"fd3cbd5\" data-element_type=\"widget\" data-e-type=\"widget\" data-widget_type=\"text-editor.default\">\n\t\t\t\t<div class=\"elementor-widget-container\">\n\t\t\t\t\t\t\t\t\t<h4><strong>API 50<\/strong><\/h4>\n<p>37 Boulevard des Amiraux Granvillais 50400 GRANVILLE<\/p>\n<p>02.33.89.74.49<\/p>\n<p><a href=\"https:\/\/www.api50.fr\/\" target=\"_blank\" rel=\"noopener\">www.api50.fr<\/a><\/p>\n<p>agence-granville@api50.fr<\/p>\t\t\t\t\t\t\t\t<\/div>\n\t\t\t\t<\/div>\n\t\t\t\t\t<\/div>\n\t\t<\/div>\n\t\t\t\t\t<\/div>\n\t\t<\/section>\n\t\t\t\t<section class=\"elementor-section elementor-top-section elementor-element elementor-element-f157bf8 elementor-section-boxed elementor-section-height-default elementor-section-height-default\" data-id=\"f157bf8\" data-element_type=\"section\" data-e-type=\"section\">\n\t\t\t\t\t\t<div class=\"elementor-container elementor-column-gap-default\">\n\t\t\t\t\t<div class=\"elementor-column elementor-col-100 elementor-top-column elementor-element elementor-element-a00a075\" data-id=\"a00a075\" data-element_type=\"column\" data-e-type=\"column\">\n\t\t\t<div class=\"elementor-widget-wrap elementor-element-populated\">\n\t\t\t\t\t\t<div class=\"elementor-element elementor-element-206c634 elementor-widget elementor-widget-text-editor\" data-id=\"206c634\" data-element_type=\"widget\" data-e-type=\"widget\" data-widget_type=\"text-editor.default\">\n\t\t\t\t<div class=\"elementor-widget-container\">\n\t\t\t\t\t\t\t\t\t<h4><strong>F\u00e9d\u00e9ration ADMR de la Manche<\/strong><\/h4>\n<p>130 rue du Jardin aux Chevaux 50008 SAINT LO CEDEX<\/p>\n<p>02.33.77.13.20<\/p>\n<p><a href=\"https:\/\/www.admr50.fr\/\" target=\"_blank\" rel=\"noopener\">www.admr50.fr<\/a><\/p>\t\t\t\t\t\t\t\t<\/div>\n\t\t\t\t<\/div>\n\t\t\t\t\t<\/div>\n\t\t<\/div>\n\t\t\t\t\t<\/div>\n\t\t<\/section>\n\t\t\t\t<section class=\"elementor-section elementor-top-section elementor-element elementor-element-b0b01d6 elementor-section-boxed elementor-section-height-default elementor-section-height-default\" data-id=\"b0b01d6\" data-element_type=\"section\" data-e-type=\"section\">\n\t\t\t\t\t\t<div class=\"elementor-container elementor-column-gap-default\">\n\t\t\t\t\t<div class=\"elementor-column elementor-col-100 elementor-top-column elementor-element elementor-element-1ec1f71\" data-id=\"1ec1f71\" data-element_type=\"column\" data-e-type=\"column\">\n\t\t\t<div class=\"elementor-widget-wrap elementor-element-populated\">\n\t\t\t\t\t\t<div class=\"elementor-element elementor-element-ce7b703 elementor-widget elementor-widget-text-editor\" data-id=\"ce7b703\" data-element_type=\"widget\" data-e-type=\"widget\" data-widget_type=\"text-editor.default\">\n\t\t\t\t<div class=\"elementor-widget-container\">\n\t\t\t\t\t\t\t\t\t<h4><strong>AUXI&rsquo;life (canton de Br\u00e9hal)<\/strong><\/h4>\n<p>19 Avenue Mar\u00e9hal FOCH 50200 COUTANCES<\/p>\n<p>06.46.90.05.40<\/p>\n<p>02.33.76.72.13<\/p>\n<p><a href=\"https:\/\/www.auxilife.fr\/\" target=\"_blank\" rel=\"noopener\">www.auxilife.fr<\/a><\/p>\t\t\t\t\t\t\t\t<\/div>\n\t\t\t\t<\/div>\n\t\t\t\t\t<\/div>\n\t\t<\/div>\n\t\t\t\t\t<\/div>\n\t\t<\/section>\n\t\t\t\t<section class=\"elementor-section elementor-top-section elementor-element elementor-element-47ad148 elementor-section-boxed elementor-section-height-default elementor-section-height-default\" data-id=\"47ad148\" data-element_type=\"section\" data-e-type=\"section\">\n\t\t\t\t\t\t<div class=\"elementor-container elementor-column-gap-default\">\n\t\t\t\t\t<div class=\"elementor-column elementor-col-100 elementor-top-column elementor-element elementor-element-df2df12\" data-id=\"df2df12\" data-element_type=\"column\" data-e-type=\"column\">\n\t\t\t<div class=\"elementor-widget-wrap elementor-element-populated\">\n\t\t\t\t\t\t<div class=\"elementor-element elementor-element-def7e43 elementor-widget elementor-widget-text-editor\" data-id=\"def7e43\" data-element_type=\"widget\" data-e-type=\"widget\" data-widget_type=\"text-editor.default\">\n\t\t\t\t<div class=\"elementor-widget-container\">\n\t\t\t\t\t\t\t\t\t<h4><strong>Confiez-Nous-Sud manche<\/strong><\/h4>\n<p>10 place du march\u00e9 50300 AVRANCHES<\/p>\n<p>Antenne Granville : 877 rue des \u00e9coles 50400 GRANVILLE<\/p>\n<p>02.33.68.30.52<\/p>\n<p><a href=\"https:\/\/www.confiez-nous.fr\/\" target=\"_blank\" rel=\"noopener\">www.confiez-nous.fr<\/a><\/p>\t\t\t\t\t\t\t\t<\/div>\n\t\t\t\t<\/div>\n\t\t\t\t\t<\/div>\n\t\t<\/div>\n\t\t\t\t\t<\/div>\n\t\t<\/section>\n\t\t\t\t<section class=\"elementor-section elementor-top-section elementor-element elementor-element-194eba9 elementor-section-boxed elementor-section-height-default elementor-section-height-default\" data-id=\"194eba9\" data-element_type=\"section\" data-e-type=\"section\">\n\t\t\t\t\t\t<div class=\"elementor-container elementor-column-gap-default\">\n\t\t\t\t\t<div class=\"elementor-column elementor-col-100 elementor-top-column elementor-element elementor-element-f4c4626\" data-id=\"f4c4626\" data-element_type=\"column\" data-e-type=\"column\">\n\t\t\t<div class=\"elementor-widget-wrap elementor-element-populated\">\n\t\t\t\t\t\t<div class=\"elementor-element elementor-element-f7657f2 elementor-widget elementor-widget-text-editor\" data-id=\"f7657f2\" data-element_type=\"widget\" data-e-type=\"widget\" data-widget_type=\"text-editor.default\">\n\t\t\t\t<div class=\"elementor-widget-container\">\n\t\t\t\t\t\t\t\t\t<h4><strong>DOMALLIANCE<\/strong><\/h4>\n<p>27 avenue du Mar\u00e9chal Leclerc 50400 GRANVILLE<\/p>\n<p>02.33.49.82.76<\/p>\n<p><a href=\"https:\/\/www.domaliance.fr\/\" target=\"_blank\" rel=\"noopener\">www.domaliance.fr<\/a><\/p>\t\t\t\t\t\t\t\t<\/div>\n\t\t\t\t<\/div>\n\t\t\t\t\t<\/div>\n\t\t<\/div>\n\t\t\t\t\t<\/div>\n\t\t<\/section>\n\t\t\t\t<section class=\"elementor-section elementor-top-section elementor-element elementor-element-99bdabf elementor-section-boxed elementor-section-height-default elementor-section-height-default\" data-id=\"99bdabf\" data-element_type=\"section\" data-e-type=\"section\">\n\t\t\t\t\t\t<div class=\"elementor-container elementor-column-gap-default\">\n\t\t\t\t\t<div class=\"elementor-column elementor-col-100 elementor-top-column elementor-element elementor-element-2ee17a8\" data-id=\"2ee17a8\" data-element_type=\"column\" data-e-type=\"column\">\n\t\t\t<div class=\"elementor-widget-wrap elementor-element-populated\">\n\t\t\t\t\t\t<div class=\"elementor-element elementor-element-05ad186 elementor-widget elementor-widget-text-editor\" data-id=\"05ad186\" data-element_type=\"widget\" data-e-type=\"widget\" data-widget_type=\"text-editor.default\">\n\t\t\t\t<div class=\"elementor-widget-container\">\n\t\t\t\t\t\t\t\t\t<h4><strong>UNA DE LA MANCHE<\/strong><\/h4>\n<p>134 rue Couraye 50400 GRANVILLE<\/p>\n<p>02.33.91.25.90<\/p>\n<p><a href=\"http:\/\/www.una.fr\/\" target=\"_blank\" rel=\"noopener\">www.una.fr<\/a><\/p>\n<p>contact@unadelamanche.org<\/p>\t\t\t\t\t\t\t\t<\/div>\n\t\t\t\t<\/div>\n\t\t\t\t\t<\/div>\n\t\t<\/div>\n\t\t\t\t\t<\/div>\n\t\t<\/section>\n\t\t\t\t<section class=\"elementor-section elementor-top-section elementor-element elementor-element-9a1f9d0 elementor-section-boxed elementor-section-height-default elementor-section-height-default\" data-id=\"9a1f9d0\" data-element_type=\"section\" data-e-type=\"section\">\n\t\t\t\t\t\t<div class=\"elementor-container elementor-column-gap-default\">\n\t\t\t\t\t<div class=\"elementor-column elementor-col-100 elementor-top-column elementor-element elementor-element-0fffc32\" data-id=\"0fffc32\" data-element_type=\"column\" data-e-type=\"column\">\n\t\t\t<div class=\"elementor-widget-wrap elementor-element-populated\">\n\t\t\t\t\t\t<div class=\"elementor-element elementor-element-66bd423 elementor-widget elementor-widget-text-editor\" data-id=\"66bd423\" data-element_type=\"widget\" data-e-type=\"widget\" data-widget_type=\"text-editor.default\">\n\t\t\t\t<div class=\"elementor-widget-container\">\n\t\t\t\t\t\t\t\t\t<h4><strong>VITALLIANCE<\/strong><\/h4>\n<p>Centre d&rsquo;affaires le Ph\u00e9nix, 1283 avenue de Paris 50000 SAINT LO<\/p>\n<p>02.50.61.00.27<\/p>\n<p><a href=\"https:\/\/www.vitalliance.fr\/\" target=\"_blank\" rel=\"noopener\">www.vitalliance.fr<\/a><\/p>\t\t\t\t\t\t\t\t<\/div>\n\t\t\t\t<\/div>\n\t\t\t\t\t<\/div>\n\t\t<\/div>\n\t\t\t\t\t<\/div>\n\t\t<\/section>\n\t\t\t\t<section class=\"elementor-section elementor-top-section elementor-element elementor-element-06a8249 elementor-section-boxed elementor-section-height-default elementor-section-height-default\" data-id=\"06a8249\" data-element_type=\"section\" data-e-type=\"section\">\n\t\t\t\t\t\t<div class=\"elementor-container elementor-column-gap-default\">\n\t\t\t\t\t<div class=\"elementor-column elementor-col-100 elementor-top-column elementor-element elementor-element-9949b3f\" data-id=\"9949b3f\" data-element_type=\"column\" data-e-type=\"column\">\n\t\t\t<div class=\"elementor-widget-wrap elementor-element-populated\">\n\t\t\t\t\t\t<div class=\"elementor-element elementor-element-aed8471 elementor-widget elementor-widget-text-editor\" data-id=\"aed8471\" data-element_type=\"widget\" data-e-type=\"widget\" data-widget_type=\"text-editor.default\">\n\t\t\t\t<div class=\"elementor-widget-container\">\n\t\t\t\t\t\t\t\t\t<h4><strong>VITAME Granville<\/strong><\/h4>\n<p>39 avenue des Vend\u00e9ens 50400 GRANVILLE<\/p>\n<p>02.61.69.00.67<\/p>\n<p>vitame.auxilio@gmail.com<\/p>\t\t\t\t\t\t\t\t<\/div>\n\t\t\t\t<\/div>\n\t\t\t\t\t<\/div>\n\t\t<\/div>\n\t\t\t\t\t<\/div>\n\t\t<\/section>\n\t\t\t\t<\/div>\n\t\t","protected":false},"excerpt":{"rendered":"<p>CLIC \/ SAG Le CLIC (Centre Local d\u2019Information et de Coordination) SAG (Secteur d\u2019Actions G\u00e9rontologiques) Contact\u00a0: centre m\u00e9dico-social 15 rue de la gare 50400 GranvilleT\u00e9l \u00a0: 02 33 59 49 49Mail \u00a0: clicbassingranvillais@orange.fr Service&#46;&#46;&#46;<\/p>\n","protected":false},"author":2,"featured_media":0,"parent":0,"menu_order":0,"comment_status":"closed","ping_status":"closed","template":"","meta":{"_monsterinsights_skip_tracking":false,"_monsterinsights_sitenote_active":false,"_monsterinsights_sitenote_note":"","_monsterinsights_sitenote_category":0,"footnotes":""},"class_list":["post-479","page","type-page","status-publish","hentry"],"_links":{"self":[{"href":"https:\/\/anctovillesurboscq.fr\/index.php?rest_route=\/wp\/v2\/pages\/479","targetHints":{"allow":["GET"]}}],"collection":[{"href":"https:\/\/anctovillesurboscq.fr\/index.php?rest_route=\/wp\/v2\/pages"}],"about":[{"href":"https:\/\/anctovillesurboscq.fr\/index.php?rest_route=\/wp\/v2\/types\/page"}],"author":[{"embeddable":true,"href":"https:\/\/anctovillesurboscq.fr\/index.php?rest_route=\/wp\/v2\/users\/2"}],"replies":[{"embeddable":true,"href":"https:\/\/anctovillesurboscq.fr\/index.php?rest_route=%2Fwp%2Fv2%2Fcomments&post=479"}],"version-history":[{"count":0,"href":"https:\/\/anctovillesurboscq.fr\/index.php?rest_route=\/wp\/v2\/pages\/479\/revisions"}],"wp:attachment":[{"href":"https:\/\/anctovillesurboscq.fr\/index.php?rest_route=%2Fwp%2Fv2%2Fmedia&parent=479"}],"curies":[{"name":"wp","href":"https:\/\/api.w.org\/{rel}","templated":true}]}}