{"id":465,"date":"2018-02-04T22:31:03","date_gmt":"2018-02-04T21:31:03","guid":{"rendered":"http:\/\/anctovillesurboscq.fr\/?page_id=465"},"modified":"2019-04-08T15:48:42","modified_gmt":"2019-04-08T13:48:42","slug":"plan-local-durbanisme-commune-danctoville-sur-boscq","status":"publish","type":"page","link":"https:\/\/anctovillesurboscq.fr\/?page_id=465","title":{"rendered":"Plan Local d&rsquo;Urbanisme"},"content":{"rendered":"\n<p>Le Conseil Municipal a donn\u00e9 un avis de principe au dossier d\u2019approbation du Plan Local d\u2019Urbanisme (PLU) le 13 mars 2019.<\/p>\n\n\n\n<p>Le Conseil Communautaire de Granville Terre et Mer (qui a la comp\u00e9tence \u00ab&nbsp;gestion et \u00e9laboration de document d\u2019urbanisme&nbsp;\u00bb) a approuv\u00e9 le PLU de la commune le 19 mars 2019.<\/p>\n\n\n\n<p>L\u2019ensemble des pi\u00e8ces du PLU de la commune est consultable et t\u00e9l\u00e9chargeable :<\/p>\n\n\n\n<ul class=\"editor-rich-text__tinymce mce-content-body wp-block-list\"><li><a href=\"https:\/\/anctovillesurboscq.fr\/wp-content\/uploads\/2019\/04\/RP_AnctovilleSurBoscq_APPRO.pdf\" target=\"_blank\" rel=\"noreferrer noopener\" aria-label=\" (s\u2019ouvre dans un nouvel onglet)\">Rapport de pr\u00e9sentation<\/a><\/li><li><a rel=\"noopener noreferrer\" href=\"https:\/\/anctovillesurboscq.fr\/wp-content\/uploads\/2019\/04\/PADD_AnctovilleSurBoscq_APPRO.pdf\" target=\"_blank\">Projet d&rsquo;Am\u00e9nagement et de D\u00e9veloppement Durable<\/a><\/li><li><a rel=\"noopener noreferrer\" href=\"https:\/\/anctovillesurboscq.fr\/wp-content\/uploads\/2019\/04\/OAP_AnctovilleSurBoscq_APPRO.pdf\" target=\"_blank\">Orientations d&rsquo;Am\u00e9nagement et de Programmation<\/a><\/li><li><a rel=\"noopener noreferrer\" href=\"https:\/\/anctovillesurboscq.fr\/wp-content\/uploads\/2019\/04\/RglmtEcrit_AnctovilleSurBoscq_APPRO.pdf\" target=\"_blank\">R\u00e8glement \u00e9crit<\/a><\/li><li>R\u00e8glement graphique : <a rel=\"noopener noreferrer\" href=\"https:\/\/anctovillesurboscq.fr\/wp-content\/uploads\/2019\/04\/4_2_1_PlanAssemblage_1.5000.pdf\" target=\"_blank\">Plan d&rsquo;assemblage<\/a> et <a rel=\"noopener noreferrer\" href=\"https:\/\/anctovillesurboscq.fr\/wp-content\/uploads\/2019\/04\/4_2_2_PlanRisques_1.5000.pdf\" target=\"_blank\">Plan des risques<\/a><\/li><li><a rel=\"noopener noreferrer\" href=\"https:\/\/anctovillesurboscq.fr\/wp-content\/uploads\/2019\/04\/5_1_AE_AnctovilleSurBoscq_APPRO.pdf\" target=\"_blank\">Annexes \u00e9crites<\/a><\/li><li><a rel=\"noopener noreferrer\" href=\"https:\/\/anctovillesurboscq.fr\/wp-content\/uploads\/2019\/04\/5_2_AnnexesGraphiques_AnctovilleSurBoscq_APPRO.pdf\" target=\"_blank\">Annexes graphiques <\/a>dont <a rel=\"noopener noreferrer\" href=\"https:\/\/anctovillesurboscq.fr\/wp-content\/uploads\/2019\/04\/5_2_4_ServUtltPub_AnctovilleSurBoscq_APPRO.pdf\" target=\"_blank\">Plan des servitudes d&rsquo;utilit\u00e9 publique<\/a><\/li><\/ul>\n\n\n\n<p>Le dossier de PLU approuv\u00e9 est tenu \u00e0 la disposition du public en mairie d\u2019Anctoville-sur-Boscq, et au p\u00f4le de proximit\u00e9 de la communaut\u00e9 de communes Granville Terre et Mer, \u00e0 Br\u00e9hal, aux jours et heures d\u2019ouverture au public, ainsi qu\u2019\u00e0 la pr\u00e9fecture, conform\u00e9ment aux articles R.153-20 et suivants du code de l\u2019urbanisme<\/p>\n","protected":false},"excerpt":{"rendered":"<p>Le Conseil Municipal a donn\u00e9 un avis de principe au dossier d\u2019approbation du Plan Local d\u2019Urbanisme (PLU) le 13 mars 2019. Le Conseil Communautaire de Granville Terre et Mer (qui a la comp\u00e9tence \u00ab&nbsp;gestion&#46;&#46;&#46;<\/p>\n","protected":false},"author":2,"featured_media":0,"parent":0,"menu_order":0,"comment_status":"closed","ping_status":"closed","template":"","meta":{"_monsterinsights_skip_tracking":false,"_monsterinsights_sitenote_active":false,"_monsterinsights_sitenote_note":"","_monsterinsights_sitenote_category":0,"footnotes":""},"class_list":["post-465","page","type-page","status-publish","hentry"],"_links":{"self":[{"href":"https:\/\/anctovillesurboscq.fr\/index.php?rest_route=\/wp\/v2\/pages\/465","targetHints":{"allow":["GET"]}}],"collection":[{"href":"https:\/\/anctovillesurboscq.fr\/index.php?rest_route=\/wp\/v2\/pages"}],"about":[{"href":"https:\/\/anctovillesurboscq.fr\/index.php?rest_route=\/wp\/v2\/types\/page"}],"author":[{"embeddable":true,"href":"https:\/\/anctovillesurboscq.fr\/index.php?rest_route=\/wp\/v2\/users\/2"}],"replies":[{"embeddable":true,"href":"https:\/\/anctovillesurboscq.fr\/index.php?rest_route=%2Fwp%2Fv2%2Fcomments&post=465"}],"version-history":[{"count":0,"href":"https:\/\/anctovillesurboscq.fr\/index.php?rest_route=\/wp\/v2\/pages\/465\/revisions"}],"wp:attachment":[{"href":"https:\/\/anctovillesurboscq.fr\/index.php?rest_route=%2Fwp%2Fv2%2Fmedia&parent=465"}],"curies":[{"name":"wp","href":"https:\/\/api.w.org\/{rel}","templated":true}]}}