{"id":310,"date":"2018-01-31T18:44:18","date_gmt":"2018-01-31T17:44:18","guid":{"rendered":"http:\/\/anctovillesurboscq.fr\/?page_id=310"},"modified":"2023-01-11T17:48:26","modified_gmt":"2023-01-11T16:48:26","slug":"securite","status":"publish","type":"page","link":"https:\/\/anctovillesurboscq.fr\/?page_id=310","title":{"rendered":"S\u00e9curit\u00e9"},"content":{"rendered":"<h2>Op\u00e9ration tranquillit\u00e9 vacances<\/h2>\n<p>La gendarmerie nationale, une fois alert\u00e9e, veille sur votre logement laiss\u00e9 vide pendant votre absence. Pour b\u00e9n\u00e9ficier de la surveillance de votre r\u00e9sidence en votre absence, merci de remplir ce <a href=\"http:\/\/anctovillesurboscq.fr\/wp-content\/uploads\/2018\/01\/formulaire_tranquillite_vacances4957-2.pdf\" target=\"_blank\" rel=\"noopener\">formulaire<\/a> en ligne, de l\u2019imprimer et de vous rendre, muni de celui-ci, \u00e0 votre commissariat ou brigade de gendarmerie.<\/p>\n<h2>Contact Gendarmerie de Br\u00e9hal<\/h2>\n<div class=\"su-service\"><div class=\"su-service-title\" style=\"padding-left:46px;min-height:32px;line-height:32px\"><i class=\"sui sui-map-marker\" style=\"font-size:32px;color:#333\"><\/i> Contact Gendarmerie de Br\u00e9hal<\/div><div class=\"su-service-content su-u-clearfix su-u-trim\" style=\"padding-left:46px\">\n<p>26 rue Louis Beuve<br \/>\n50290 BREHAL<\/p>\n<p>T\u00e9l\u00e9phone\u00a0: 02 33 91 37 65<\/p>\n<\/div><\/div>\n<p><strong><em>En cas d\u2019urgence, composez le 17 ou le 112.<\/em><\/strong><\/p>\n<p><a href=\"http:\/\/anctovillesurboscq.fr\/wp-content\/uploads\/2018\/01\/INFORMATION_GENDARMERIE1224-1.pdf\" target=\"_blank\" rel=\"noopener\"><strong>ALERTE &#8211; Vol par fausse qualit\u00e9<\/strong><\/a><\/p>\n<h2>La responsabilit\u00e9 du propri\u00e9taire des animaux<\/h2>\n<p>Les sanctions p\u00e9nales en cas de divagation<\/p>\n<ul>\n<li>Le gardien d\u2019un troupeau sur une route est soumis \u00e0 un r\u00e9gime s\u00e9v\u00e8re. Il doit veiller \u00e0 ce que le troupeau ne g\u00eane pas la circulation publique et que son d\u00e9passement ou son croisement s\u2019effectue de fa\u00e7on satisfaisante\u00a0; il ne doit pas abandonner ou laisser vaquer sur les routes un animal quelconque (R.412-44 \u00e0 R.412-50 du code de la route\u00a0: amendes de 150 EUR \u00e0 750 EUR).<\/li>\n<li>Le fait, par le gardien d\u2019un animal susceptible de pr\u00e9senter un danger pour les personnes, de laisser divaguer cet animal est puni de l\u2019amende pr\u00e9vue pour les contraventions de la 2\u00e8me classe. En cas de condamnation du propri\u00e9taire de l\u2019animal ou si le propri\u00e9taire est inconnu, le tribunal peut d\u00e9cider de remettre l\u2019animal \u00e0 une oeuvre de protection animale reconnue d\u2019utilit\u00e9 publique ou d\u00e9clar\u00e9e, laquelle pourra librement en disposer (R.622-2 du code p\u00e9nal).<\/li>\n<li>En cas de destruction, d\u00e9gradation et d\u00e9t\u00e9rioration de biens ayant caus\u00e9 un dommage l\u00e9ger, des contraventions de 5\u00e8me classe sont applicables (R.635-1 du code p\u00e9nal\u00a0: 1500 EUR au plus et 3000 EUR en cas de r\u00e9cidive).<\/li>\n<li>Est puni de la peine d\u2019amende pr\u00e9vue pour les contraventions de la 4e classe, le fait pour toute personne qui \u00e9l\u00e8ve, garde ou d\u00e9tient des animaux domestiques ou des animaux sauvages apprivois\u00e9s ou en captivit\u00e9 [\u2026] lorsque l\u2019absence de cl\u00f4tures, d\u2019obstacles naturels ou de dispositifs d\u2019attache ou de contention en nombre suffisant est de nature \u00e0 leur faire courir un risque d\u2019accident (R.215-4 du code rural et de la p\u00eache maritime).<\/li>\n<\/ul>\n","protected":false},"excerpt":{"rendered":"<p>Op\u00e9ration tranquillit\u00e9 vacances La gendarmerie nationale, une fois alert\u00e9e, veille sur votre logement laiss\u00e9 vide pendant votre absence. Pour b\u00e9n\u00e9ficier de la surveillance de votre r\u00e9sidence en votre absence, merci de remplir ce formulaire&#46;&#46;&#46;<\/p>\n","protected":false},"author":2,"featured_media":322,"parent":38,"menu_order":0,"comment_status":"closed","ping_status":"closed","template":"","meta":{"_monsterinsights_skip_tracking":false,"_monsterinsights_sitenote_active":false,"_monsterinsights_sitenote_note":"","_monsterinsights_sitenote_category":0,"footnotes":""},"class_list":["post-310","page","type-page","status-publish","has-post-thumbnail","hentry"],"_links":{"self":[{"href":"https:\/\/anctovillesurboscq.fr\/index.php?rest_route=\/wp\/v2\/pages\/310","targetHints":{"allow":["GET"]}}],"collection":[{"href":"https:\/\/anctovillesurboscq.fr\/index.php?rest_route=\/wp\/v2\/pages"}],"about":[{"href":"https:\/\/anctovillesurboscq.fr\/index.php?rest_route=\/wp\/v2\/types\/page"}],"author":[{"embeddable":true,"href":"https:\/\/anctovillesurboscq.fr\/index.php?rest_route=\/wp\/v2\/users\/2"}],"replies":[{"embeddable":true,"href":"https:\/\/anctovillesurboscq.fr\/index.php?rest_route=%2Fwp%2Fv2%2Fcomments&post=310"}],"version-history":[{"count":0,"href":"https:\/\/anctovillesurboscq.fr\/index.php?rest_route=\/wp\/v2\/pages\/310\/revisions"}],"up":[{"embeddable":true,"href":"https:\/\/anctovillesurboscq.fr\/index.php?rest_route=\/wp\/v2\/pages\/38"}],"wp:featuredmedia":[{"embeddable":true,"href":"https:\/\/anctovillesurboscq.fr\/index.php?rest_route=\/wp\/v2\/media\/322"}],"wp:attachment":[{"href":"https:\/\/anctovillesurboscq.fr\/index.php?rest_route=%2Fwp%2Fv2%2Fmedia&parent=310"}],"curies":[{"name":"wp","href":"https:\/\/api.w.org\/{rel}","templated":true}]}}