{"id":272,"date":"2018-01-31T18:00:08","date_gmt":"2018-01-31T17:00:08","guid":{"rendered":"http:\/\/anctovillesurboscq.fr\/?page_id=272"},"modified":"2025-05-16T15:23:33","modified_gmt":"2025-05-16T13:23:33","slug":"infos-pratiques","status":"publish","type":"page","link":"https:\/\/anctovillesurboscq.fr\/?page_id=272","title":{"rendered":"Infos pratiques"},"content":{"rendered":"<p><img decoding=\"async\" class=\"aligncenter\" title=\"Infos pratiques activit\u00e9s bruyantes\" src=\"http:\/\/anctovillesurboscq.fr\/wp-content\/uploads\/2018\/01\/611_scie_circulaire_bruyante_19380743-1f943.jpg\" alt=\"Infos pratiques activit\u00e9s bruyantes\" width=\"178\" height=\"151\" \/><\/p>\n<h1 style=\"text-align: center;\"><strong>Activit\u00e9s bruyantes\u00a0<\/strong><\/h1>\n<p>Les activit\u00e9s bruyantes sont r\u00e9glement\u00e9es par la loi du 31 d\u00e9cembre 1992, des d\u00e9crets du 18 avril 1995 et un <a href=\"http:\/\/anctovillesurboscq.fr\/wp-content\/uploads\/2018\/01\/arrete_bruit4750-2.pdf\" target=\"_blank\" rel=\"noopener noreferrer\">arr\u00eat\u00e9 pr\u00e9fectoral du 27 mars 1997<\/a>. Pour m\u00e9moire, voici l\u2019article 2 reprenant les \u00e9l\u00e9ments importants\u00a0:<\/p>\n<p>Les travaux de bricolage ou de jardinage r\u00e9alis\u00e9s par des particuliers \u00e0 l\u2019aide d\u2019outils ou d\u2019appareils susceptibles de causer une g\u00eane pour le voisinage en raison de leur intensit\u00e9 sonore, tels que tondeuses \u00e0 gazon \u00e0 moteur thermique, tron\u00e7onneuses, perceuses, raboteuses ou scies m\u00e9caniques ne peuvent \u00eatre effectu\u00e9es que\u00a0:<\/p>\n<ul>\n<li>du lundi au vendredi de 8h30 \u00e0 12h puis de 14h30 \u00e0 19h30<\/li>\n<li>les samedis de 9h \u00e0 12h puis de 15h \u00e0 19h<\/li>\n<li>les dimanches et jours f\u00e9ri\u00e9s de 10h \u00e0 12h<\/li>\n<\/ul>\n<p><img decoding=\"async\" class=\"aligncenter\" title=\"Infos pratiques service d\u00e9chets\" src=\"http:\/\/anctovillesurboscq.fr\/wp-content\/uploads\/2018\/01\/ordures_menageres2206-87ce4.jpg\" alt=\"Infos pratiques service d\u00e9chets\" width=\"425\" height=\"100\" \/><\/p>\n<h1 style=\"text-align: center;\"><strong>D\u00e9chets m\u00e9nagers\u00a0<\/strong><\/h1>\n<p>Le ramassage des conteneurs est assur\u00e9 le jeudi matin par les services de la communaut\u00e9 de communes Granville Terre et Mer. En cas de probl\u00e8me avec votre conteneur, vol, d\u00e9t\u00e9rioration, contacter CITEC ENVIRONNEMENT au 02 35 64 63 20 en vous munissant auparavant du num\u00e9ro inscrit sur votre conteneur.<\/p>\n<p>Vous pouvez \u00e9galement b\u00e9n\u00e9ficier d\u2019un composteur \u00e0 d\u00e9chets pour seulement 10\u20ac. Il suffit de prendre contact avec la d\u00e9chetterie au 02 33 91 92 60.<\/p>\n<p>Le Conseil Municipal force de constater que fr\u00e9quemment certaines personnes ind\u00e9licates se d\u00e9barrassent de leurs ordures m\u00e9nag\u00e8res sur les voies publiques au lieu d\u2019utiliser les containers de d\u00e9chets m\u00e9nagers individuels et de tri s\u00e9lectif, portant atteinte \u00e0 la salubrit\u00e9, \u00e0 l\u2019environnement et \u00e0 la propret\u00e9 de la commune, rappelle que \u00ab\u00a0tout d\u00e9p\u00f4t sauvage d\u2019ordures ou de d\u00e9tritus de quelque nature que ce soit est interdit\u00a0\u00bb. <a href=\"http:\/\/anctovillesurboscq.fr\/wp-content\/uploads\/2018\/01\/d\u00e9lib\u00e9ration-21-mai-2015.pdf\" target=\"_blank\" rel=\"noopener noreferrer\">D\u00e9lib\u00e9ration du 21 mai 2015.<\/a><\/p>\n<div class=\"su-button-center\"><a href=\"https:\/\/anctovillesurboscq.fr\/wp-content\/uploads\/2025\/05\/2024_09_Reglement_de_collecte.pdf\" class=\"su-button su-button-style-3d su-button-wide\" style=\"color:#FFFFFF;background-color:#3a800c;border-color:#2f670a;border-radius:71px\" target=\"_blank\" rel=\"noopener noreferrer\"><span style=\"color:#FFFFFF;padding:10px 32px;font-size:23px;line-height:35px;border-color:#76a755;border-radius:71px;text-shadow:none\"><i class=\"sui sui-arrow-right\" style=\"font-size:23px;color:#FFFFFF\"><\/i> \n<p>R\u00e8glement du service public de collecte et d\u2019\u00e9limination des d\u00e9chets m\u00e9nagers et assimiles<\/p>\n<\/span><\/a><\/div>\n<div class=\"su-button-center\"><a href=\"https:\/\/anctovillesurboscq.fr\/wp-content\/uploads\/2022\/01\/2022_Gtm_Dechets_Calendrier-Collecte_Granville_210x150mm.pdf\" class=\"su-button su-button-style-3d su-button-wide\" style=\"color:#FFFFFF;background-color:#3a800c;border-color:#2f670a;border-radius:71px\" target=\"_blank\" rel=\"noopener noreferrer\"><span style=\"color:#FFFFFF;padding:10px 32px;font-size:23px;line-height:35px;border-color:#76a755;border-radius:71px;text-shadow:none\"><i class=\"sui sui-arrow-right\" style=\"font-size:23px;color:#FFFFFF\"><\/i> <strong>Calendrier ramassage <\/strong><\/span><\/a><\/div>\n<div class=\"su-button-center\"><a href=\"https:\/\/anctovillesurboscq.fr\/wp-content\/uploads\/2023\/01\/2022-09_Gtm_Dechets_GuideDuTri_A5.pdf\" class=\"su-button su-button-style-3d su-button-wide\" style=\"color:#FFFFFF;background-color:#3a800c;border-color:#2f670a;border-radius:71px\" target=\"_blank\" rel=\"noopener noreferrer\"><span style=\"color:#FFFFFF;padding:10px 32px;font-size:23px;line-height:35px;border-color:#76a755;border-radius:71px;text-shadow:none\"><i class=\"sui sui-arrow-right\" style=\"font-size:23px;color:#FFFFFF\"><\/i> <strong>Guide du tri<\/strong><\/span><\/a><\/div>\n<p>Voir l&rsquo;article \u00ab\u00a0<a href=\"https:\/\/anctovillesurboscq.fr\/special-dechets-que-deviennent-nos-poubelles\/\" target=\"_blank\" rel=\"noopener noreferrer\">SP\u00c9CIAL D\u00c9CHETS QUE DEVIENNENT NOS POUBELLES ?<\/a>\u00a0\u00bb<\/p>\n<p>Voir l&rsquo;article \u00ab\u00a0<a href=\"https:\/\/anctovillesurboscq.fr\/les-dechets-dequipements-electriques-et-electroniques-deee\/\" target=\"_blank\" rel=\"noopener noreferrer\">Les D\u00e9chets d\u2019Equipements Electriques et Electroniques (DEEE)<\/a>\u00a0\u00bb<\/p>\n<p>Voir l&rsquo;article \u00ab\u00a0<a href=\"https:\/\/anctovillesurboscq.fr\/le-compostage\/\" target=\"_blank\" rel=\"noopener noreferrer\">Le compostage<\/a>\u00a0\u00bb<\/p>\n<p>Voir l&rsquo;article \u00ab\u00a0<a href=\"https:\/\/anctovillesurboscq.fr\/le-textile\/\" target=\"_blank\" rel=\"noopener noreferrer\">le textile<\/a>\u00a0\u00bb<\/p>\n<p><img decoding=\"async\" class=\"aligncenter\" title=\"Infos pratiques Br\u00fblage des v\u00e9g\u00e9taux\" src=\"http:\/\/anctovillesurboscq.fr\/wp-content\/uploads\/2018\/01\/bruler-dechets-verts1750-6e20b.jpg\" alt=\"Infos pratiques Br\u00fblage des v\u00e9g\u00e9taux\" width=\"188\" height=\"166\" \/><\/p>\n<h1 style=\"text-align: center;\"><strong>Br\u00fblage des v\u00e9g\u00e9taux\u00a0<\/strong><\/h1>\n<p>Un particulier n\u2019a pas le droit de br\u00fbler ses d\u00e9chets m\u00e9nagers \u00e0 l\u2019air libre. Les d\u00e9chets dits \u00ab\u00a0verts\u00a0\u00bb produits par les particuliers sont consid\u00e9r\u00e9s comme des d\u00e9chets m\u00e9nagers. Ainsi, il est notamment interdit de br\u00fbler dans son jardin\u00a0:<\/p>\n<ul>\n<li>l\u2019herbe issue de la tonte de pelouse,<\/li>\n<li>les feuilles mortes,<\/li>\n<li>les r\u00e9sidus d\u2019\u00e9lagage,<\/li>\n<li>les r\u00e9sidus de taille de haies et arbustes,<\/li>\n<li>les r\u00e9sidus de d\u00e9broussaillage,<\/li>\n<li>les \u00e9pluchures.<\/li>\n<\/ul>\n<p>Les d\u00e9chets verts doivent \u00eatre d\u00e9pos\u00e9s en d\u00e9chetterie. Vous pouvez \u00e9galement en faire un compost individuel .<\/p>\n<p><a href=\"http:\/\/anctovillesurboscq.fr\/wp-content\/uploads\/2018\/01\/AR-brulage-vegetaux0131-2.pdf\" target=\"_blank\" rel=\"noopener noreferrer\">ARR\u00caTE PERMANENT R\u00c9GLEMENTANT LE BR\u00dbLAGE DES V\u00c9G\u00c9TAUX<\/a><\/p>\n<h1 style=\"text-align: center;\"><strong style=\"font-size: 16px;\">\u00a0<\/strong><\/h1>\n<p><img loading=\"lazy\" decoding=\"async\" class=\"aligncenter wp-image-627 size-medium\" title=\"Infos pratiques \u00c9lagage\u00a0\" src=\"http:\/\/anctovillesurboscq.fr\/wp-content\/uploads\/2018\/02\/\u00e9lagage-300x129.jpg\" alt=\"Infos pratiques \u00c9lagage\u00a0\" width=\"300\" height=\"129\" srcset=\"https:\/\/anctovillesurboscq.fr\/wp-content\/uploads\/2018\/02\/\u00e9lagage-300x129.jpg 300w, https:\/\/anctovillesurboscq.fr\/wp-content\/uploads\/2018\/02\/\u00e9lagage.jpg 700w\" sizes=\"(max-width: 300px) 100vw, 300px\" \/><\/p>\n<h1 style=\"text-align: center;\"><strong>\u00c9lagage\u00a0<\/strong><\/h1>\n<p>Les propri\u00e9taires et exploitants riverains des voies publiques doivent effectuer chaque ann\u00e9e entre le 1er d\u00e9cembre et le 1er mars, l\u2019\u00e9lagage en bordure des voies communales et chemins ruraux.<\/p>\n<p><img loading=\"lazy\" decoding=\"async\" class=\"aligncenter wp-image-626\" style=\"font-size: 16px;\" title=\"Infos pratiques Les chardons\" src=\"http:\/\/anctovillesurboscq.fr\/wp-content\/uploads\/2018\/02\/chardons-300x300.jpg\" alt=\"Infos pratiques Les chardons\" width=\"160\" height=\"160\" srcset=\"https:\/\/anctovillesurboscq.fr\/wp-content\/uploads\/2018\/02\/chardons-300x300.jpg 300w, https:\/\/anctovillesurboscq.fr\/wp-content\/uploads\/2018\/02\/chardons-150x150.jpg 150w, https:\/\/anctovillesurboscq.fr\/wp-content\/uploads\/2018\/02\/chardons-160x160.jpg 160w, https:\/\/anctovillesurboscq.fr\/wp-content\/uploads\/2018\/02\/chardons-320x320.jpg 320w, https:\/\/anctovillesurboscq.fr\/wp-content\/uploads\/2018\/02\/chardons.jpg 660w\" sizes=\"(max-width: 160px) 100vw, 160px\" \/><\/p>\n<h1 style=\"text-align: center;\">Les chardons<\/h1>\n<p>Les propri\u00e9taires, fermiers, m\u00e9tayers, usufruitiers et usagers sont tenus de proc\u00e9der \u00e0 la destruction des chardons dans chacune des parcelles qu\u2019ils poss\u00e8dent ou exploitent. Cette destruction devra \u00eatre ex\u00e9cut\u00e9e par voie chimique ou m\u00e9canique et \u00eatre termin\u00e9e au plus tard avant la floraison.<\/p>\n<p><a href=\"http:\/\/anctovillesurboscq.fr\/wp-content\/uploads\/2018\/01\/chardons0711-2.pdf\" target=\"_blank\" rel=\"noopener noreferrer\">ARR\u00caTE RELATIF A LA DESTRUCTION DES CHARDONS<\/a><\/p>\n","protected":false},"excerpt":{"rendered":"<p>Activit\u00e9s bruyantes\u00a0 Les activit\u00e9s bruyantes sont r\u00e9glement\u00e9es par la loi du 31 d\u00e9cembre 1992, des d\u00e9crets du 18 avril 1995 et un arr\u00eat\u00e9 pr\u00e9fectoral du 27 mars 1997. Pour m\u00e9moire, voici l\u2019article 2 reprenant&#46;&#46;&#46;<\/p>\n","protected":false},"author":2,"featured_media":0,"parent":38,"menu_order":0,"comment_status":"closed","ping_status":"closed","template":"","meta":{"_monsterinsights_skip_tracking":false,"_monsterinsights_sitenote_active":false,"_monsterinsights_sitenote_note":"","_monsterinsights_sitenote_category":0,"footnotes":""},"class_list":["post-272","page","type-page","status-publish","hentry"],"_links":{"self":[{"href":"https:\/\/anctovillesurboscq.fr\/index.php?rest_route=\/wp\/v2\/pages\/272","targetHints":{"allow":["GET"]}}],"collection":[{"href":"https:\/\/anctovillesurboscq.fr\/index.php?rest_route=\/wp\/v2\/pages"}],"about":[{"href":"https:\/\/anctovillesurboscq.fr\/index.php?rest_route=\/wp\/v2\/types\/page"}],"author":[{"embeddable":true,"href":"https:\/\/anctovillesurboscq.fr\/index.php?rest_route=\/wp\/v2\/users\/2"}],"replies":[{"embeddable":true,"href":"https:\/\/anctovillesurboscq.fr\/index.php?rest_route=%2Fwp%2Fv2%2Fcomments&post=272"}],"version-history":[{"count":0,"href":"https:\/\/anctovillesurboscq.fr\/index.php?rest_route=\/wp\/v2\/pages\/272\/revisions"}],"up":[{"embeddable":true,"href":"https:\/\/anctovillesurboscq.fr\/index.php?rest_route=\/wp\/v2\/pages\/38"}],"wp:attachment":[{"href":"https:\/\/anctovillesurboscq.fr\/index.php?rest_route=%2Fwp%2Fv2%2Fmedia&parent=272"}],"curies":[{"name":"wp","href":"https:\/\/api.w.org\/{rel}","templated":true}]}}