{"id":253,"date":"2018-01-31T17:00:34","date_gmt":"2018-01-31T16:00:34","guid":{"rendered":"http:\/\/anctovillesurboscq.fr\/?page_id=253"},"modified":"2026-02-25T17:15:52","modified_gmt":"2026-02-25T16:15:52","slug":"assistantes-maternelles-sur-la-commune","status":"publish","type":"page","link":"https:\/\/anctovillesurboscq.fr\/?page_id=253","title":{"rendered":"Assistantes maternelles"},"content":{"rendered":"\t\t<div data-elementor-type=\"wp-page\" data-elementor-id=\"253\" class=\"elementor elementor-253\">\n\t\t\t\t\t\t<section class=\"elementor-section elementor-top-section elementor-element elementor-element-4483403d elementor-section-boxed elementor-section-height-default elementor-section-height-default\" data-id=\"4483403d\" data-element_type=\"section\" data-e-type=\"section\">\n\t\t\t\t\t\t<div class=\"elementor-container elementor-column-gap-default\">\n\t\t\t\t\t<div class=\"elementor-column elementor-col-100 elementor-top-column elementor-element elementor-element-619b5c07\" data-id=\"619b5c07\" data-element_type=\"column\" data-e-type=\"column\">\n\t\t\t<div class=\"elementor-widget-wrap elementor-element-populated\">\n\t\t\t\t\t\t<div class=\"elementor-element elementor-element-6e3b7f30 elementor-widget elementor-widget-text-editor\" data-id=\"6e3b7f30\" data-element_type=\"widget\" data-e-type=\"widget\" data-widget_type=\"text-editor.default\">\n\t\t\t\t<div class=\"elementor-widget-container\">\n\t\t\t\t\t\t\t\t\t<h3><img decoding=\"async\" class=\"aligncenter\" src=\"http:\/\/anctovillesurboscq.fr\/wp-content\/uploads\/2018\/01\/Assistante-maternelle5913-5c840.jpg\" \/><\/h3><h3>\u00a0<\/h3><h2><strong>Assistantes maternelles sur la commune\u00a0<\/strong><\/h2><ul><li><span style=\"color: var( --e-global-color-text );\">Mme\u00a0RAUDIN Sylvie 206 rue du viillage aux oiseaux 02.33.61.59.15<\/span><\/li><li>Mme LEBLOND Elodie 6 impasse de la Fontaine 06.61.47.50.05<\/li><li>Mme LEFEVRE V\u00e9ronique 1 bis impasse de la fontaine 06.76.68.54.95<\/li><\/ul><h2><strong>Le relais parents &#8211; assistantes maternelles<\/strong><\/h2><p>Le relais parents &#8211; assistantes maternelles est un lieu d\u2019informations et d\u2019\u00e9changes gratuit \u00e0 destination des parents, futurs parents employeurs et assistantes maternelles agr\u00e9\u00e9es ou candidates \u00e0 l\u2019agr\u00e9ment. Il a pour mission d\u2019accompagner les familles dans leurs d\u00e9marches de recherche et d\u2019embauche d\u2019une assistante maternelle agr\u00e9\u00e9e ind\u00e9pendante. Pour favoriser la proximit\u00e9, le service Relais Parents &#8211; Assistantes maternelles s\u2019articule autour de trois p\u00f4les situ\u00e9s \u00e0 la Haye-Pesnel, \u00e0 Br\u00e9hal et \u00e0 Granville.<\/p><p>Chaque p\u00f4le propose\u00a0:<\/p><ul><li>des permanences d\u2019accueil aux parents et assistantes maternelles aussi bien sur des questions g\u00e9n\u00e9rales que techniques<\/li><li>des temps d\u2019\u00e9veil hebdomadaires pour les enfants accompagn\u00e9s de leur assistante maternelle<\/li><li>des animations ponctuelles (soir\u00e9es d\u00e9bats, moments festifs, sorties p\u00e9dagogiques&#8230;).<\/li><\/ul><p>Pour conna\u00eetre les horaires de votre p\u00f4le, contactez la Maison de la Petite Enfance au<br \/>02 33 69 20 60 ou par mail \u00e0 l\u2019adresse <a href=\"mailto:servicepetiteenfance@granville-terre-mer.fr\" target=\"_blank\" rel=\"noopener noreferrer\">servicepetiteenfance@granville-terre-mer.fr<\/a>.<\/p>\t\t\t\t\t\t\t\t<\/div>\n\t\t\t\t<\/div>\n\t\t\t\t\t<\/div>\n\t\t<\/div>\n\t\t\t\t\t<\/div>\n\t\t<\/section>\n\t\t\t\t<section class=\"elementor-section elementor-top-section elementor-element elementor-element-05a12b8 elementor-section-boxed elementor-section-height-default elementor-section-height-default\" data-id=\"05a12b8\" data-element_type=\"section\" data-e-type=\"section\">\n\t\t\t\t\t\t<div class=\"elementor-container elementor-column-gap-default\">\n\t\t\t\t\t<div class=\"elementor-column elementor-col-100 elementor-top-column elementor-element elementor-element-886e9da\" data-id=\"886e9da\" data-element_type=\"column\" data-e-type=\"column\">\n\t\t\t<div class=\"elementor-widget-wrap elementor-element-populated\">\n\t\t\t\t\t\t<div class=\"elementor-element elementor-element-f61d51b elementor-widget elementor-widget-image\" data-id=\"f61d51b\" data-element_type=\"widget\" data-e-type=\"widget\" data-widget_type=\"image.default\">\n\t\t\t\t<div class=\"elementor-widget-container\">\n\t\t\t\t\t\t\t\t\t\t\t\t\t\t\t<img fetchpriority=\"high\" decoding=\"async\" width=\"567\" height=\"820\" src=\"https:\/\/anctovillesurboscq.fr\/wp-content\/uploads\/2024\/01\/relais-petite-enfance.jpg\" class=\"attachment-large size-large wp-image-6900\" alt=\"\" srcset=\"https:\/\/anctovillesurboscq.fr\/wp-content\/uploads\/2024\/01\/relais-petite-enfance.jpg 567w, https:\/\/anctovillesurboscq.fr\/wp-content\/uploads\/2024\/01\/relais-petite-enfance-207x300.jpg 207w\" sizes=\"(max-width: 567px) 100vw, 567px\" \/>\t\t\t\t\t\t\t\t\t\t\t\t\t\t\t<\/div>\n\t\t\t\t<\/div>\n\t\t\t\t\t<\/div>\n\t\t<\/div>\n\t\t\t\t\t<\/div>\n\t\t<\/section>\n\t\t\t\t<section class=\"elementor-section elementor-top-section elementor-element elementor-element-134c41e elementor-section-boxed elementor-section-height-default elementor-section-height-default\" data-id=\"134c41e\" data-element_type=\"section\" data-e-type=\"section\">\n\t\t\t\t\t\t<div class=\"elementor-container elementor-column-gap-default\">\n\t\t\t\t\t<div class=\"elementor-column elementor-col-100 elementor-top-column elementor-element elementor-element-358472f\" data-id=\"358472f\" data-element_type=\"column\" data-e-type=\"column\">\n\t\t\t<div class=\"elementor-widget-wrap elementor-element-populated\">\n\t\t\t\t\t\t<div class=\"elementor-element elementor-element-ea80bb9 elementor-widget elementor-widget-image\" data-id=\"ea80bb9\" data-element_type=\"widget\" data-e-type=\"widget\" data-widget_type=\"image.default\">\n\t\t\t\t<div class=\"elementor-widget-container\">\n\t\t\t\t\t\t\t\t\t\t\t\t\t\t\t\t<a href=\"https:\/\/anctovillesurboscq.fr\/wp-content\/uploads\/2021\/01\/2020-07-06_Gtm_Petite-Enfance_Guide_A5_BasseDef.pdf\" target=\"_blank\">\n\t\t\t\t\t\t\t<img decoding=\"async\" width=\"549\" height=\"773\" src=\"https:\/\/anctovillesurboscq.fr\/wp-content\/uploads\/2021\/01\/guide-petite-enfance.jpg\" class=\"attachment-large size-large wp-image-3323\" alt=\"\" srcset=\"https:\/\/anctovillesurboscq.fr\/wp-content\/uploads\/2021\/01\/guide-petite-enfance.jpg 549w, https:\/\/anctovillesurboscq.fr\/wp-content\/uploads\/2021\/01\/guide-petite-enfance-213x300.jpg 213w\" sizes=\"(max-width: 549px) 100vw, 549px\" \/>\t\t\t\t\t\t\t\t<\/a>\n\t\t\t\t\t\t\t\t\t\t\t\t\t\t\t<\/div>\n\t\t\t\t<\/div>\n\t\t\t\t\t<\/div>\n\t\t<\/div>\n\t\t\t\t\t<\/div>\n\t\t<\/section>\n\t\t\t\t<\/div>\n\t\t","protected":false},"excerpt":{"rendered":"<p>\u00a0 Assistantes maternelles sur la commune\u00a0 Mme\u00a0RAUDIN Sylvie 206 rue du viillage aux oiseaux 02.33.61.59.15 Mme LEBLOND Elodie 6 impasse de la Fontaine 06.61.47.50.05 Mme LEFEVRE V\u00e9ronique 1 bis impasse de la fontaine 06.76.68.54.95&#46;&#46;&#46;<\/p>\n","protected":false},"author":2,"featured_media":0,"parent":38,"menu_order":0,"comment_status":"closed","ping_status":"closed","template":"","meta":{"_monsterinsights_skip_tracking":false,"_monsterinsights_sitenote_active":false,"_monsterinsights_sitenote_note":"","_monsterinsights_sitenote_category":0,"footnotes":""},"class_list":["post-253","page","type-page","status-publish","hentry"],"_links":{"self":[{"href":"https:\/\/anctovillesurboscq.fr\/index.php?rest_route=\/wp\/v2\/pages\/253","targetHints":{"allow":["GET"]}}],"collection":[{"href":"https:\/\/anctovillesurboscq.fr\/index.php?rest_route=\/wp\/v2\/pages"}],"about":[{"href":"https:\/\/anctovillesurboscq.fr\/index.php?rest_route=\/wp\/v2\/types\/page"}],"author":[{"embeddable":true,"href":"https:\/\/anctovillesurboscq.fr\/index.php?rest_route=\/wp\/v2\/users\/2"}],"replies":[{"embeddable":true,"href":"https:\/\/anctovillesurboscq.fr\/index.php?rest_route=%2Fwp%2Fv2%2Fcomments&post=253"}],"version-history":[{"count":0,"href":"https:\/\/anctovillesurboscq.fr\/index.php?rest_route=\/wp\/v2\/pages\/253\/revisions"}],"up":[{"embeddable":true,"href":"https:\/\/anctovillesurboscq.fr\/index.php?rest_route=\/wp\/v2\/pages\/38"}],"wp:attachment":[{"href":"https:\/\/anctovillesurboscq.fr\/index.php?rest_route=%2Fwp%2Fv2%2Fmedia&parent=253"}],"curies":[{"name":"wp","href":"https:\/\/api.w.org\/{rel}","templated":true}]}}