{"id":2521,"date":"2020-04-15T18:46:32","date_gmt":"2020-04-15T16:46:32","guid":{"rendered":"https:\/\/anctovillesurboscq.fr\/?page_id=2521"},"modified":"2022-05-20T16:42:01","modified_gmt":"2022-05-20T14:42:01","slug":"covid-19","status":"publish","type":"page","link":"https:\/\/anctovillesurboscq.fr\/?page_id=2521","title":{"rendered":"COVID-19"},"content":{"rendered":"\t\t<div data-elementor-type=\"wp-page\" data-elementor-id=\"2521\" class=\"elementor elementor-2521\">\n\t\t\t\t\t\t<section class=\"elementor-section elementor-top-section elementor-element elementor-element-77c2b2a elementor-section-boxed elementor-section-height-default elementor-section-height-default\" data-id=\"77c2b2a\" data-element_type=\"section\" data-e-type=\"section\">\n\t\t\t\t\t\t<div class=\"elementor-container elementor-column-gap-default\">\n\t\t\t\t\t<div class=\"elementor-column elementor-col-100 elementor-top-column elementor-element elementor-element-e6c26cf\" data-id=\"e6c26cf\" data-element_type=\"column\" data-e-type=\"column\">\n\t\t\t<div class=\"elementor-widget-wrap elementor-element-populated\">\n\t\t\t\t\t\t<div class=\"elementor-element elementor-element-1cb7cf1 elementor-widget elementor-widget-image\" data-id=\"1cb7cf1\" data-element_type=\"widget\" data-e-type=\"widget\" data-widget_type=\"image.default\">\n\t\t\t\t<div class=\"elementor-widget-container\">\n\t\t\t\t\t\t\t\t\t\t\t\t\t\t\t<img fetchpriority=\"high\" decoding=\"async\" width=\"545\" height=\"348\" src=\"https:\/\/anctovillesurboscq.fr\/wp-content\/uploads\/2020\/05\/COVID-19-gestes-barri\u00e8res2.jpg\" class=\"attachment-large size-large wp-image-2589\" alt=\"\" srcset=\"https:\/\/anctovillesurboscq.fr\/wp-content\/uploads\/2020\/05\/COVID-19-gestes-barri\u00e8res2.jpg 545w, https:\/\/anctovillesurboscq.fr\/wp-content\/uploads\/2020\/05\/COVID-19-gestes-barri\u00e8res2-300x192.jpg 300w\" sizes=\"(max-width: 545px) 100vw, 545px\" \/>\t\t\t\t\t\t\t\t\t\t\t\t\t\t\t<\/div>\n\t\t\t\t<\/div>\n\t\t\t\t\t<\/div>\n\t\t<\/div>\n\t\t\t\t\t<\/div>\n\t\t<\/section>\n\t\t\t\t<section class=\"elementor-section elementor-top-section elementor-element elementor-element-95fa1cf elementor-section-boxed elementor-section-height-default elementor-section-height-default\" data-id=\"95fa1cf\" data-element_type=\"section\" data-e-type=\"section\">\n\t\t\t\t\t\t<div class=\"elementor-container elementor-column-gap-default\">\n\t\t\t\t\t<div class=\"elementor-column elementor-col-100 elementor-top-column elementor-element elementor-element-34652d4\" data-id=\"34652d4\" data-element_type=\"column\" data-e-type=\"column\">\n\t\t\t<div class=\"elementor-widget-wrap elementor-element-populated\">\n\t\t\t\t\t\t<div class=\"elementor-element elementor-element-fe8482b elementor-widget elementor-widget-text-editor\" data-id=\"fe8482b\" data-element_type=\"widget\" data-e-type=\"widget\" data-widget_type=\"text-editor.default\">\n\t\t\t\t<div class=\"elementor-widget-container\">\n\t\t\t\t\t\t\t\t\t<p><a href=\"https:\/\/anctovillesurboscq.fr\/wp-content\/uploads\/2020\/05\/affiche_masque_mode_d_emploi.pdf\" target=\"_blank\" rel=\"noopener\">Retrouvez-ici<\/a> comment bien porter son masque.<\/p>\t\t\t\t\t\t\t\t<\/div>\n\t\t\t\t<\/div>\n\t\t\t\t\t<\/div>\n\t\t<\/div>\n\t\t\t\t\t<\/div>\n\t\t<\/section>\n\t\t\t\t<section class=\"elementor-section elementor-top-section elementor-element elementor-element-c8f20e6 elementor-section-boxed elementor-section-height-default elementor-section-height-default\" data-id=\"c8f20e6\" data-element_type=\"section\" data-e-type=\"section\">\n\t\t\t\t\t\t<div class=\"elementor-container elementor-column-gap-default\">\n\t\t\t\t\t<div class=\"elementor-column elementor-col-100 elementor-top-column elementor-element elementor-element-041e850\" data-id=\"041e850\" data-element_type=\"column\" data-e-type=\"column\">\n\t\t\t<div class=\"elementor-widget-wrap elementor-element-populated\">\n\t\t\t\t\t\t<div class=\"elementor-element elementor-element-47f9891 elementor-widget elementor-widget-text-editor\" data-id=\"47f9891\" data-element_type=\"widget\" data-e-type=\"widget\" data-widget_type=\"text-editor.default\">\n\t\t\t\t<div class=\"elementor-widget-container\">\n\t\t\t\t\t\t\t\t\t<p><a href=\"https:\/\/anctovillesurboscq.fr\/wp-content\/uploads\/2020\/05\/bonne-conduite-covid-19.pdf\" target=\"_blank\" rel=\"noopener\">Retrouvez-ici<\/a> la bonne conduite \u00e0 tenir pour limiter la transmission du virus.<\/p>\t\t\t\t\t\t\t\t<\/div>\n\t\t\t\t<\/div>\n\t\t\t\t\t<\/div>\n\t\t<\/div>\n\t\t\t\t\t<\/div>\n\t\t<\/section>\n\t\t\t\t<section class=\"elementor-section elementor-top-section elementor-element elementor-element-534c10b elementor-section-boxed elementor-section-height-default elementor-section-height-default\" data-id=\"534c10b\" data-element_type=\"section\" data-e-type=\"section\">\n\t\t\t\t\t\t<div class=\"elementor-container elementor-column-gap-default\">\n\t\t\t\t\t<div class=\"elementor-column elementor-col-100 elementor-top-column elementor-element elementor-element-4adb429\" data-id=\"4adb429\" data-element_type=\"column\" data-e-type=\"column\">\n\t\t\t<div class=\"elementor-widget-wrap elementor-element-populated\">\n\t\t\t\t\t\t<div class=\"elementor-element elementor-element-1cf60e0 elementor-widget elementor-widget-text-editor\" data-id=\"1cf60e0\" data-element_type=\"widget\" data-e-type=\"widget\" data-widget_type=\"text-editor.default\">\n\t\t\t\t<div class=\"elementor-widget-container\">\n\t\t\t\t\t\t\t\t\t<p><a href=\"https:\/\/anctovillesurboscq.fr\/covid-19-crise-sanitaire-numeros-utiles\/\" target=\"_blank\" rel=\"noopener\">Retrouvez-ici<\/a> les num\u00e9ros utiles.<\/p>\t\t\t\t\t\t\t\t<\/div>\n\t\t\t\t<\/div>\n\t\t\t\t\t<\/div>\n\t\t<\/div>\n\t\t\t\t\t<\/div>\n\t\t<\/section>\n\t\t\t\t<section class=\"elementor-section elementor-top-section elementor-element elementor-element-af33e59 elementor-section-boxed elementor-section-height-default elementor-section-height-default\" data-id=\"af33e59\" data-element_type=\"section\" data-e-type=\"section\">\n\t\t\t\t\t\t<div class=\"elementor-container elementor-column-gap-default\">\n\t\t\t\t\t<div class=\"elementor-column elementor-col-100 elementor-top-column elementor-element elementor-element-85d764f\" data-id=\"85d764f\" data-element_type=\"column\" data-e-type=\"column\">\n\t\t\t<div class=\"elementor-widget-wrap elementor-element-populated\">\n\t\t\t\t\t\t<div class=\"elementor-element elementor-element-1f99006 elementor-widget elementor-widget-text-editor\" data-id=\"1f99006\" data-element_type=\"widget\" data-e-type=\"widget\" data-widget_type=\"text-editor.default\">\n\t\t\t\t<div class=\"elementor-widget-container\">\n\t\t\t\t\t\t\t\t\t<p>Les sites du <a href=\"https:\/\/www.gouvernement.fr\/info-coronavirus\" target=\"_blank\" rel=\"noopener\">Gouvernement<\/a>, du Minist\u00e8re des solidarit\u00e9s et de la sant\u00e9 et de Sant\u00e9 Publique France vous tiennent inform\u00e9s et mettent \u00e0 jour r\u00e9guli\u00e8rement les informations vous permettant de suivre l\u2019\u00e9volution de la situation et d\u00e9livrer les informations pratiques \u00e0 destination des professionnels de sant\u00e9 et de la population<\/p>\t\t\t\t\t\t\t\t<\/div>\n\t\t\t\t<\/div>\n\t\t\t\t\t<\/div>\n\t\t<\/div>\n\t\t\t\t\t<\/div>\n\t\t<\/section>\n\t\t\t\t<section class=\"elementor-section elementor-top-section elementor-element elementor-element-4104cf6 elementor-section-boxed elementor-section-height-default elementor-section-height-default\" data-id=\"4104cf6\" data-element_type=\"section\" data-e-type=\"section\">\n\t\t\t\t\t\t<div class=\"elementor-container elementor-column-gap-default\">\n\t\t\t\t\t<div class=\"elementor-column elementor-col-100 elementor-top-column elementor-element elementor-element-578af2c\" data-id=\"578af2c\" data-element_type=\"column\" data-e-type=\"column\">\n\t\t\t<div class=\"elementor-widget-wrap elementor-element-populated\">\n\t\t\t\t\t\t<div class=\"elementor-element elementor-element-6b2626f elementor-widget elementor-widget-text-editor\" data-id=\"6b2626f\" data-element_type=\"widget\" data-e-type=\"widget\" data-widget_type=\"text-editor.default\">\n\t\t\t\t<div class=\"elementor-widget-container\">\n\t\t\t\t\t\t\t\t\t<p><span style=\"color: #008000;\">Application ouvert \u00e0 Granville Terre et Mer<\/span> : afin d\u2019accompagner au mieux les entreprises de son territoire durant la crise li\u00e9e au coronavirus et de les aider \u00e0 pr\u00e9parer l\u2019avenir, la Communaut\u00e9 de communes Granville Terre et Mer a d\u00e9velopp\u00e9 une application recensant les commerces ouverts et l\u2019ensemble des producteurs, restaurateurs et commer\u00e7ants non alimentaires proposant de la vente \u00e0 emporter ou des bons d\u2019achat sur le territoire de Granville Terre et Mer : <a href=\"https:\/\/ouvert.granville-terre-mer.fr\/\" target=\"_blank\" rel=\"noopener\">ouvert.granville-terre-mer.fr<\/a><\/p>\t\t\t\t\t\t\t\t<\/div>\n\t\t\t\t<\/div>\n\t\t\t\t\t<\/div>\n\t\t<\/div>\n\t\t\t\t\t<\/div>\n\t\t<\/section>\n\t\t\t\t<\/div>\n\t\t","protected":false},"excerpt":{"rendered":"<p>Retrouvez-ici comment bien porter son masque. Retrouvez-ici la bonne conduite \u00e0 tenir pour limiter la transmission du virus. Retrouvez-ici les num\u00e9ros utiles. Les sites du Gouvernement, du Minist\u00e8re des solidarit\u00e9s et de la sant\u00e9&#46;&#46;&#46;<\/p>\n","protected":false},"author":2,"featured_media":0,"parent":0,"menu_order":0,"comment_status":"closed","ping_status":"closed","template":"","meta":{"footnotes":""},"class_list":["post-2521","page","type-page","status-publish","hentry"],"_links":{"self":[{"href":"https:\/\/anctovillesurboscq.fr\/index.php?rest_route=\/wp\/v2\/pages\/2521"}],"collection":[{"href":"https:\/\/anctovillesurboscq.fr\/index.php?rest_route=\/wp\/v2\/pages"}],"about":[{"href":"https:\/\/anctovillesurboscq.fr\/index.php?rest_route=\/wp\/v2\/types\/page"}],"author":[{"embeddable":true,"href":"https:\/\/anctovillesurboscq.fr\/index.php?rest_route=\/wp\/v2\/users\/2"}],"replies":[{"embeddable":true,"href":"https:\/\/anctovillesurboscq.fr\/index.php?rest_route=%2Fwp%2Fv2%2Fcomments&post=2521"}],"version-history":[{"count":0,"href":"https:\/\/anctovillesurboscq.fr\/index.php?rest_route=\/wp\/v2\/pages\/2521\/revisions"}],"wp:attachment":[{"href":"https:\/\/anctovillesurboscq.fr\/index.php?rest_route=%2Fwp%2Fv2%2Fmedia&parent=2521"}],"curies":[{"name":"wp","href":"https:\/\/api.w.org\/{rel}","templated":true}]}}